{"id":3005,"date":"2022-08-04T12:04:06","date_gmt":"2022-08-04T10:04:06","guid":{"rendered":"https:\/\/getfluence.com\/?page_id=3005"},"modified":"2024-09-27T08:27:59","modified_gmt":"2024-09-27T06:27:59","slug":"informativa-sulla-privacy","status":"publish","type":"page","link":"https:\/\/getfluence.com\/it\/informativa-sulla-privacy\/","title":{"rendered":"Informativa sulla Privacy"},"content":{"rendered":"\n<p><strong>Entrata in vigore: <\/strong>01\/01\/2022<\/p>\n\n\n\n<p class=\"has-small-font-size\">Durante l\u2019utilizzo del sito www.getfluence.com (qui di seguito, il \u201csito\u201d), siamo portati a raccogliere dati a carattere personali sugli utenti.<\/p>\n\n\n\n<p class=\"has-small-font-size\">Lo scopo dell\u2019informativa \u00e8 informare gli utenti sulle modalit\u00e0 di trattamento dei dati.<\/p>\n\n\n<h2 class=\"has-small-font-size wp-block-heading\" id=\"1-responsabile-del-trattamento\">1. Responsabile del trattamento<\/h2>\n\n\n<p class=\"has-small-font-size\">Getfluence SAS, societ\u00e0 francese per azioni semplificata<\/p>\n\n\n\n<p class=\"has-small-font-size\">RCS Tolosa n. 842 437 865&nbsp;<\/p>\n\n\n\n<p class=\"has-small-font-size\">Sede legale:&nbsp;13 Rue Sainte Ursule, 31000 Toulouse, France<\/p>\n\n\n\n<p class=\"has-small-font-size\">(qui di seguito, \u201cnoi\u201d)<\/p>\n\n\n<h2 class=\"has-small-font-size wp-block-heading\" id=\"2-qual-e-la-finalita-del-trattamento-dei-dati-raccolti\">2. Qual \u00e8 la finalit\u00e0 del trattamento dei dati raccolti?<\/h2>\n\n\n<p class=\"has-small-font-size\">I dati sono trattati per rispondere a una o molteplici finalit\u00e0. Ciascuna finalit\u00e0 \u00e8 associata a una base giuridica di cui si pu\u00f2 trovare l\u2019elenco qui di seguito.&nbsp;<\/p>\n\n\n\n<p class=\"has-small-font-size\"><strong>L\u2019esecuzione del contratto stipulato con noi<\/strong><\/p>\n\n\n\n<p class=\"has-small-font-size\">&#8211; Fornire agli utenti i nostri servizi<\/p>\n\n\n\n<p class=\"has-small-font-size\">&#8211; Creare un file di clienti e prospect<\/p>\n\n\n\n<p class=\"has-small-font-size\">&#8211; Seguire la relazione con i clienti<\/p>\n\n\n\n<p class=\"has-small-font-size\">&#8211; Gestire gli impatti ed eventuali contenziosi sui nostri servizi<\/p>\n\n\n\n<p class=\"has-small-font-size\"><strong>Il nostro interesse legittimo a sviluppare e promuovere la nostra attivit\u00e0<\/strong><\/p>\n\n\n\n<p class=\"has-small-font-size\">&#8211; Rispondere alle richieste di informazione degli utenti<\/p>\n\n\n\n<p class=\"has-small-font-size\">&#8211; Inviare newsletter, richieste e messaggi promozionali<\/p>\n\n\n\n<p class=\"has-small-font-size\">&#8211; Elaborare statistiche<\/p>\n\n\n\n<p class=\"has-small-font-size\">&#8211; Migliorare la qualit\u00e0 del servizio<\/p>\n\n\n\n<p class=\"has-small-font-size\"><strong>Il nostro interesse legittimo a rispondere e seguire le richieste degli utenti di esercitare i propri diritti<\/strong><\/p>\n\n\n\n<p class=\"has-small-font-size\"><strong>Rispettare gli obblighi legali e regolamentari a cui possiamo essere sottoposti<\/strong><\/p>\n\n\n<h2 class=\"has-small-font-size wp-block-heading\" id=\"3-quali-dati-personali-raccogliamo\">3. Quali dati personali raccogliamo?<\/h2>\n\n\n<p class=\"has-small-font-size\">Un dato a carattere personale \u00e8 un dato che permette di identificare un individuo.<\/p>\n\n\n\n<p class=\"has-small-font-size\">Raccogliamo dati che rientrano nelle seguenti categorie:<\/p>\n\n\n\n<p class=\"has-small-font-size\">&#8211; Dati identificativi (ad es. nome, cognome, indirizzo e-mail, numero di telefono, carta d\u2019identit\u00e0 o passaporto, se del caso)<\/p>\n\n\n\n<p class=\"has-small-font-size\">&#8211; Dati di collegamento (ad es. indirizzo IP, log)<\/p>\n\n\n\n<p class=\"has-small-font-size\">&#8211; Dati economici e finanziari (ad es. RIB, KBIS)<\/p>\n\n\n\n<p class=\"has-small-font-size\">&#8211;&nbsp;Dati provenienti dalla registrazione di chiamate tra gli utenti e il servizio clienti<strong>&nbsp;<\/strong>(ad es. contenuto delle chiamate, date)<strong>&nbsp;<\/strong><\/p>\n\n\n\n<p class=\"has-small-font-size\">I dati obbligatori sono indicati durante la fornitura dei dati da parte dell\u2019utente. Questi sono necessari per la fornitura dei nostri servizi.<\/p>\n\n\n<h2 class=\"has-small-font-size wp-block-heading\" id=\"4-chi-sono-i-destinatari-dei-dati\">4. Chi sono i destinatari dei dati?<\/h2>\n\n\n<p class=\"has-small-font-size\">&#8211; Il personale della nostra societ\u00e0.<\/p>\n\n\n\n<p class=\"has-small-font-size\">&#8211; I nostri subappaltatori: servizi di hosting, strumenti CRM, servizi di misurazione e analisi dell\u2019audience, servizi di pagamento sicuri e servizi di invio di newsletter, servizi telefonici.<\/p>\n\n\n\n<p class=\"has-small-font-size\">&#8211; Se del caso: servizi incaricati del controllo (nello specifico revisori contabili), enti pubblici, esclusivamente per finalit\u00e0 legali, funzionari del tribunale, uffici ministeriali e organismi di recupero crediti.<\/p>\n\n\n<h2 class=\"has-small-font-size wp-block-heading\" id=\"5-qual-e-la-durata-di-conservazione-dei-dati\">5. Qual \u00e8 la durata di conservazione dei dati?<\/h2>\n\n\n<figure class=\"wp-block-table has-small-font-size\"><table><tbody><tr><td><strong>Tipo di dati<\/strong><strong><\/strong><\/td><td><strong>Durata di conservazione<\/strong><strong><\/strong><\/td><\/tr><tr><td>I dati sono raccolti per la fornitura dei servizi, seguire la relazione con il cliente e effettuare attivit\u00e0 di prospect con i nostri clienti<\/td><td>Durata del rapporto commerciale e superiore a 3 anniQualora richiediamo un documento di identit\u00e0, lo conserviamo solamente per il tempo necessario alla verifica dell\u2019identit\u00e0<\/td><\/tr><tr><td>Dati raccolti a fini di prospect<\/td><td>3 anni a partire dalla raccolta dei dati o dell\u2019ultimo contatto con il prospect<\/td><\/tr><tr><td>Dati necessari ai fini di prova<\/td><td>Durata della prescrizione legale (in generale 5 anni)<\/td><\/tr><tr><td>Fatture<\/td><td>10 anni<\/td><\/tr><tr><td>Dati relativi alle carte bancarie<\/td><td><strong><u>Non abbiamo accesso ai<\/u><\/strong>&nbsp;dati delle carte bancarie raccolte dai servizi di pagamento. Abbiamo accesso solo alle ultime 4 cifre della carta bancaria degli utenti per poterla mostrare affinch\u00e9 l\u2019utente possa selezionare la carta bancaria desiderata.<\/td><\/tr><tr><td>Registrazione delle chiamate telefoniche ai fini di miglioramento dei nostri servizi<\/td><td>Registrazione delle chiamate telefoniche: 6 mesiDocumento di analisi del contenuto delle chiamate telefoniche: 1 anno<strong><u><\/u><\/strong><\/td><\/tr><tr><td>In caso di esercizio dei propri diritti<\/td><td>&#8211; Qualora richiediamo un documento di identit\u00e0, lo conserviamo solamente per il tempo necessario alla verifica dell\u2019identit\u00e0- Qualora l\u2019utente eserciti il proprio diritto di opposizione a ricevere attivit\u00e0 di prospect, conserveremo questa informazione per 3 anni.In linea generale, conserveremo le informazioni che permettono di gestire le richieste di esercizio dei propri diritti per 3 anni.<\/td><\/tr><\/tbody><\/table><\/figure>\n\n\n<h2 class=\"has-small-font-size wp-block-heading\" id=\"6-i-dati-degli-utenti-possono-essere-trasferiti-fuori-dallunione-europea\">6. I dati degli utenti possono essere trasferiti fuori dall\u2019Unione europea?<\/h2>\n\n\n<p class=\"has-small-font-size\">In dati degli utenti sono salvati sui server della societ\u00e0 DYNAMIX NETWORK SARL situati in Francia e\/o sui server della societ\u00e0 Google situati nell\u2019Unione europea.<\/p>\n\n\n\n<p class=\"has-small-font-size\">Questi ultimi possono essere trasferiti fuori dall\u2019Unione europea nell\u2019ambito degli strumenti che utilizziamo e dei rapporti con i subappaltatori (vedi articolo \u201cChi sono i destinatari dei dati?\u201d).&nbsp;&nbsp;<\/p>\n\n\n\n<p class=\"has-small-font-size\">Il trasferimento \u00e8 protetto tramite i seguenti strumenti:<\/p>\n\n\n\n<p class=\"has-small-font-size\">&#8211; I dati sono trasferiti in un Paese che si ritiene fornisca un livello di protezione adeguato ai sensi della decisione della Commissione europea;<\/p>\n\n\n\n<p class=\"has-small-font-size\">&#8211; Tramite un contratto specifico concluso con i nostri subappaltatori per inquadrare il trasferimento dei dati degli utenti al di fuori dell\u2019Unione europea, sulla base di clausole contrattuali tipo tra un responsabile del trattamento e un subappaltatore, approvate dalla Commissione europea.<\/p>\n\n\n<h2 class=\"has-small-font-size wp-block-heading\" id=\"7-quali-sono-i-diritti-dellutente-sui-propri-dati\">7. Quali sono i diritti dell\u2019utente sui propri dati?<\/h2>\n\n\n<p class=\"has-small-font-size\">Gli utenti dispongono dei seguenti diritti rispetto ai loro dati di carattere personale:<\/p>\n\n\n\n<p class=\"has-small-font-size\">&#8211;&nbsp;<strong>Diritto di informazione<\/strong>: \u00e8 alla base della redazione della presente informativa.<\/p>\n\n\n\n<p class=\"has-small-font-size\"><strong>&#8211; Diritto d\u2019accesso<\/strong>: l\u2019utente ha il diritto di accedere in qualsiasi momento alla totalit\u00e0 dei suoi dati di carattere personale dal proprio account.<\/p>\n\n\n\n<p class=\"has-small-font-size\">&#8211;&nbsp;<strong>Diritto di rettifica<\/strong>: l\u2019utente ha il diritto di rettificare in qualsiasi momento dati di carattere personali inesatti, incompleti o obsoleti dal proprio account o per alcuni dati tramite l\u2019assistenza clienti scrivendoci alle coordinate seguenti.<\/p>\n\n\n\n<p class=\"has-small-font-size\">&#8211;&nbsp;<strong>Diritto di limitazione<\/strong>: l\u2019utente ha il diritto di ottenere la limitazione del trattamento dei dati di carattere personale in alcuni casi definiti all\u2019art. 18 del RGPD.<\/p>\n\n\n\n<p class=\"has-small-font-size\">&#8211;&nbsp;<strong>Diritto all\u2019oblio<\/strong>: l\u2019utente ha il diritto di richiedere che i propri dati di carattere personale siano cancellati e di vietarne qualsiasi raccolta futura.<\/p>\n\n\n\n<p class=\"has-small-font-size\">&#8211;&nbsp;<strong>Diritto di presentare un reclamo presso un\u2019autorit\u00e0 di controllo competente<\/strong>&nbsp;(in Francia, la CNIL &#8211; Commission nationale de l\u2019informatique et des libert\u00e9s), qualora l\u2019utente ritenga che il trattamento dei suoi dati di carattere personale rappresenti una violazione dei testi applicabili.<\/p>\n\n\n\n<p class=\"has-small-font-size\">&#8211;&nbsp;<strong>Diritto di definire delle direttive<\/strong>&nbsp;relativo alla conservazione, cancellazione e comunicazione dei dati di carattere personale dell\u2019utente&nbsp;<strong>dopo la sua morte<\/strong>.<\/p>\n\n\n\n<p class=\"has-small-font-size\">&#8211;&nbsp;<strong>Diritto di portabilit\u00e0<\/strong>: l\u2019utente ha il diritto di ricevere i dati di carattere personale forniti in un formato standard elettronico e di richiederne il trasferimento a un destinatario a sua scelta.<\/p>\n\n\n\n<p class=\"has-small-font-size\">&#8211;&nbsp;<strong>Diritto di opposizione<\/strong>: l\u2019utente ha il diritto di opporsi al trattamento dei dati di carattere personale, in particolare alla registrazione delle chiamate telefoniche per il quale viene informato all\u2019inizio della chiamata. Si prega di notare che potremmo comunque proseguire il trattamento nonostante l\u2019opposizione, per motivi legittimi o per la difesa di diritti per via giudiziaria.<\/p>\n\n\n\n<p class=\"has-small-font-size\">L\u2019utente pu\u00f2 esercitare tali diritti scrivendoci alle coordinate seguenti. Potremmo richiedere in questa occasione di fornirci informazioni o documenti complementari per accertare l\u2019identit\u00e0 dell\u2019utente.<\/p>\n\n\n<h2 class=\"has-small-font-size wp-block-heading\" id=\"8-punto-di-contatto-in-materia-di-dati-personali\">8. Punto di contatto in materia di dati personali<\/h2>\n\n\n<p class=\"has-small-font-size\">E-mail di contatto: privacy@getfluence.com<\/p>\n\n\n\n<p class=\"has-small-font-size\">Indirizzo di contatto: Getfluence SAS,&nbsp;13 Rue Sainte Ursule, 31000 Toulouse, France<\/p>\n\n\n<h2 class=\"has-small-font-size wp-block-heading\" id=\"9-modifiche\">9. Modifiche<\/h2>\n\n\n<p class=\"has-small-font-size\">La presente informativa pu\u00f2 essere modificata in qualsiasi momento. Le modifiche si applicano alla data di entrata in vigore della versione modificata. Si consiglia quindi di consultare regolarmente l\u2019ultima versione della presente informativa.<\/p>\n","protected":false},"excerpt":{"rendered":"<p>Entrata in vigore: 01\/01\/2022 Durante l\u2019utilizzo del sito www.getfluence.com (qui di seguito, il \u201csito\u201d), siamo portati a raccogliere dati a carattere personali sugli utenti. Lo&#8230;<\/p>\n","protected":false},"author":1,"featured_media":0,"parent":0,"menu_order":0,"comment_status":"closed","ping_status":"closed","template":"","meta":{"_acf_changed":false,"content-type":"","_sitemap_exclude":false,"_sitemap_priority":"","_sitemap_frequency":"","footnotes":""},"acf":[],"yoast_head":"<!-- This site is optimized with the Yoast SEO plugin v23.4 - https:\/\/yoast.com\/wordpress\/plugins\/seo\/ -->\n<title>Informativa sulla Privacy - Getfluence<\/title>\n<meta name=\"robots\" content=\"index, follow, max-snippet:-1, max-image-preview:large, max-video-preview:-1\" \/>\n<link rel=\"canonical\" href=\"https:\/\/getfluence.com\/it\/informativa-sulla-privacy\" \/>\n<meta property=\"og:locale\" content=\"it_IT\" \/>\n<meta property=\"og:type\" content=\"article\" \/>\n<meta property=\"og:title\" content=\"Informativa sulla Privacy - Getfluence\" \/>\n<meta property=\"og:description\" content=\"Entrata in vigore: 01\/01\/2022 Durante l\u2019utilizzo del sito www.getfluence.com (qui di seguito, il \u201csito\u201d), siamo portati a raccogliere dati a carattere personali sugli utenti. Lo...\" \/>\n<meta property=\"og:url\" content=\"https:\/\/getfluence.com\/it\/informativa-sulla-privacy\" \/>\n<meta property=\"og:site_name\" content=\"Getfluence\" \/>\n<meta property=\"article:publisher\" content=\"https:\/\/www.facebook.com\/bygetfluence\" \/>\n<meta property=\"article:modified_time\" content=\"2024-09-27T06:27:59+00:00\" \/>\n<meta property=\"og:image\" content=\"https:\/\/getfluence.com\/wp-content\/uploads\/2023\/06\/1647534406258.jpeg?wsr\" \/>\n\t<meta property=\"og:image:width\" content=\"1200\" \/>\n\t<meta property=\"og:image:height\" content=\"675\" \/>\n\t<meta property=\"og:image:type\" content=\"image\/jpeg\" \/>\n<meta name=\"twitter:card\" content=\"summary_large_image\" \/>\n<meta name=\"twitter:site\" content=\"@byGetfluence\" \/>\n<meta name=\"twitter:label1\" content=\"Tempo di lettura stimato\" \/>\n\t<meta name=\"twitter:data1\" content=\"6 minuti\" \/>\n<script type=\"application\/ld+json\" class=\"yoast-schema-graph\">{\"@context\":\"https:\/\/schema.org\",\"@graph\":[{\"@type\":\"WebPage\",\"@id\":\"https:\/\/getfluence.com\/it\/informativa-sulla-privacy\/\",\"url\":\"https:\/\/getfluence.com\/it\/informativa-sulla-privacy\",\"name\":\"Informativa sulla Privacy - Getfluence\",\"isPartOf\":{\"@id\":\"https:\/\/getfluence.com\/#website\"},\"datePublished\":\"2022-08-04T10:04:06+00:00\",\"dateModified\":\"2024-09-27T06:27:59+00:00\",\"breadcrumb\":{\"@id\":\"https:\/\/getfluence.com\/it\/informativa-sulla-privacy#breadcrumb\"},\"inLanguage\":\"it-IT\",\"potentialAction\":[{\"@type\":\"ReadAction\",\"target\":[\"https:\/\/getfluence.com\/it\/informativa-sulla-privacy\"]}]},{\"@type\":\"BreadcrumbList\",\"@id\":\"https:\/\/getfluence.com\/it\/informativa-sulla-privacy#breadcrumb\",\"itemListElement\":[{\"@type\":\"ListItem\",\"position\":1,\"name\":\"Accueil\",\"item\":\"https:\/\/getfluence.com\/it\/\"},{\"@type\":\"ListItem\",\"position\":2,\"name\":\"Informativa sulla Privacy\"}]},{\"@type\":\"WebSite\",\"@id\":\"https:\/\/getfluence.com\/#website\",\"url\":\"https:\/\/getfluence.com\/\",\"name\":\"Getfluence\",\"description\":\"La place de march\u00e9 qui met en relation les marques et agences avec le plus grand inventaire de m\u00e9dias influents au monde (+25 000 dans tous les domaines)\",\"publisher\":{\"@id\":\"https:\/\/getfluence.com\/#organization\"},\"potentialAction\":[{\"@type\":\"SearchAction\",\"target\":{\"@type\":\"EntryPoint\",\"urlTemplate\":\"https:\/\/getfluence.com\/?s={search_term_string}\"},\"query-input\":{\"@type\":\"PropertyValueSpecification\",\"valueRequired\":true,\"valueName\":\"search_term_string\"}}],\"inLanguage\":\"it-IT\"},{\"@type\":\"Organization\",\"@id\":\"https:\/\/getfluence.com\/#organization\",\"name\":\"Getfluence\",\"url\":\"https:\/\/getfluence.com\/\",\"logo\":{\"@type\":\"ImageObject\",\"inLanguage\":\"it-IT\",\"@id\":\"https:\/\/getfluence.com\/#\/schema\/logo\/image\/\",\"url\":\"https:\/\/getfluence.com\/wp-content\/uploads\/2023\/05\/kitmedia-logo_couleurs.png\",\"contentUrl\":\"https:\/\/getfluence.com\/wp-content\/uploads\/2023\/05\/kitmedia-logo_couleurs.png\",\"width\":294,\"height\":295,\"caption\":\"Getfluence\"},\"image\":{\"@id\":\"https:\/\/getfluence.com\/#\/schema\/logo\/image\/\"},\"sameAs\":[\"https:\/\/www.facebook.com\/bygetfluence\",\"https:\/\/x.com\/byGetfluence\",\"https:\/\/www.instagram.com\/bygetfluence\/\",\"https:\/\/www.linkedin.com\/company\/getfluence\"]}]}<\/script>\n<!-- \/ Yoast SEO plugin. -->","yoast_head_json":{"title":"Informativa sulla Privacy - Getfluence","robots":{"index":"index","follow":"follow","max-snippet":"max-snippet:-1","max-image-preview":"max-image-preview:large","max-video-preview":"max-video-preview:-1"},"canonical":"https:\/\/getfluence.com\/it\/informativa-sulla-privacy","og_locale":"it_IT","og_type":"article","og_title":"Informativa sulla Privacy - Getfluence","og_description":"Entrata in vigore: 01\/01\/2022 Durante l\u2019utilizzo del sito www.getfluence.com (qui di seguito, il \u201csito\u201d), siamo portati a raccogliere dati a carattere personali sugli utenti. Lo...","og_url":"https:\/\/getfluence.com\/it\/informativa-sulla-privacy","og_site_name":"Getfluence","article_publisher":"https:\/\/www.facebook.com\/bygetfluence","article_modified_time":"2024-09-27T06:27:59+00:00","og_image":[{"width":1200,"height":675,"url":"https:\/\/getfluence.com\/wp-content\/uploads\/2023\/06\/1647534406258.jpeg?wsr","type":"image\/jpeg"}],"twitter_card":"summary_large_image","twitter_site":"@byGetfluence","twitter_misc":{"Tempo di lettura stimato":"6 minuti"},"schema":{"@context":"https:\/\/schema.org","@graph":[{"@type":"WebPage","@id":"https:\/\/getfluence.com\/it\/informativa-sulla-privacy\/","url":"https:\/\/getfluence.com\/it\/informativa-sulla-privacy","name":"Informativa sulla Privacy - Getfluence","isPartOf":{"@id":"https:\/\/getfluence.com\/#website"},"datePublished":"2022-08-04T10:04:06+00:00","dateModified":"2024-09-27T06:27:59+00:00","breadcrumb":{"@id":"https:\/\/getfluence.com\/it\/informativa-sulla-privacy#breadcrumb"},"inLanguage":"it-IT","potentialAction":[{"@type":"ReadAction","target":["https:\/\/getfluence.com\/it\/informativa-sulla-privacy"]}]},{"@type":"BreadcrumbList","@id":"https:\/\/getfluence.com\/it\/informativa-sulla-privacy#breadcrumb","itemListElement":[{"@type":"ListItem","position":1,"name":"Accueil","item":"https:\/\/getfluence.com\/it\/"},{"@type":"ListItem","position":2,"name":"Informativa sulla Privacy"}]},{"@type":"WebSite","@id":"https:\/\/getfluence.com\/#website","url":"https:\/\/getfluence.com\/","name":"Getfluence","description":"La place de march\u00e9 qui met en relation les marques et agences avec le plus grand inventaire de m\u00e9dias influents au monde (+25 000 dans tous les domaines)","publisher":{"@id":"https:\/\/getfluence.com\/#organization"},"potentialAction":[{"@type":"SearchAction","target":{"@type":"EntryPoint","urlTemplate":"https:\/\/getfluence.com\/?s={search_term_string}"},"query-input":{"@type":"PropertyValueSpecification","valueRequired":true,"valueName":"search_term_string"}}],"inLanguage":"it-IT"},{"@type":"Organization","@id":"https:\/\/getfluence.com\/#organization","name":"Getfluence","url":"https:\/\/getfluence.com\/","logo":{"@type":"ImageObject","inLanguage":"it-IT","@id":"https:\/\/getfluence.com\/#\/schema\/logo\/image\/","url":"https:\/\/getfluence.com\/wp-content\/uploads\/2023\/05\/kitmedia-logo_couleurs.png","contentUrl":"https:\/\/getfluence.com\/wp-content\/uploads\/2023\/05\/kitmedia-logo_couleurs.png","width":294,"height":295,"caption":"Getfluence"},"image":{"@id":"https:\/\/getfluence.com\/#\/schema\/logo\/image\/"},"sameAs":["https:\/\/www.facebook.com\/bygetfluence","https:\/\/x.com\/byGetfluence","https:\/\/www.instagram.com\/bygetfluence\/","https:\/\/www.linkedin.com\/company\/getfluence"]}]}},"amp_enabled":true,"_links":{"self":[{"href":"https:\/\/getfluence.com\/it\/wp-json\/wp\/v2\/pages\/3005"}],"collection":[{"href":"https:\/\/getfluence.com\/it\/wp-json\/wp\/v2\/pages"}],"about":[{"href":"https:\/\/getfluence.com\/it\/wp-json\/wp\/v2\/types\/page"}],"author":[{"embeddable":true,"href":"https:\/\/getfluence.com\/it\/wp-json\/wp\/v2\/users\/1"}],"replies":[{"embeddable":true,"href":"https:\/\/getfluence.com\/it\/wp-json\/wp\/v2\/comments?post=3005"}],"version-history":[{"count":1,"href":"https:\/\/getfluence.com\/it\/wp-json\/wp\/v2\/pages\/3005\/revisions"}],"predecessor-version":[{"id":751823,"href":"https:\/\/getfluence.com\/it\/wp-json\/wp\/v2\/pages\/3005\/revisions\/751823"}],"wp:attachment":[{"href":"https:\/\/getfluence.com\/it\/wp-json\/wp\/v2\/media?parent=3005"}],"curies":[{"name":"wp","href":"https:\/\/api.w.org\/{rel}","templated":true}]}}