{"id":2991,"date":"2022-08-04T11:57:14","date_gmt":"2022-08-04T09:57:14","guid":{"rendered":"https:\/\/getfluence.com\/?page_id=2991"},"modified":"2024-09-27T08:38:10","modified_gmt":"2024-09-27T06:38:10","slug":"politica-sui-cookie","status":"publish","type":"page","link":"https:\/\/getfluence.com\/it\/politica-sui-cookie\/","title":{"rendered":"Politica sui cookie"},"content":{"rendered":"<h2 class=\"has-small-font-size wp-block-heading\" id=\"1-che-cose-un-cookie\">1. Che cos&#8217;\u00e8 un cookie?<\/h2>\n\n\n<p class=\"has-small-font-size\">Durante la navigazione sul sito www.getfluence.com (qui di seguito, il \u201csito\u201d), cookie, pixel e altri tracciatori (qui di seguito collettivamente, i \u201ccookie\u201d) vengono salvati sul browser dell\u2019utente.<\/p>\n\n\n\n<p class=\"has-small-font-size\">Un cookie \u00e8 un piccolo file, spesso criptato, salvato sul browser o terminale e identificato tramite un nome. Viene salvato durante la consultazione di un sito. Ogni volta che si ritorna sul sito in oggetto, il cookie viene recuperato dal browser o terminale. Pertanto, ogni volta che si consulta il sito, il browser viene riconosciuto.<\/p>\n\n\n\n<p class=\"has-small-font-size\">Il salvataggio dei cookie pu\u00f2 consentirci di accedere ai dati di navigazione e\/o ai dati di carattere personale dell\u2019utente.<\/p>\n\n\n<h2 class=\"has-small-font-size wp-block-heading\" id=\"2-identificazione-dei-cookie\">2. Identificazione dei cookie<\/h2>\n\n\n<ul class=\"has-small-font-size\"><li><strong>Cookie tecnici e funzionali<\/strong><\/li><\/ul>\n\n\n\n<p class=\"has-small-font-size\">I cookie tecnici e funzionali sono necessari per il corretto funzionamento del sito per fornire agli utenti i nostri servizi. Sono utilizzati durante tutta la navigazione, per facilitare ed eseguire alcune funzioni.&nbsp;<\/p>\n\n\n\n<p class=\"has-small-font-size\">Ad esempio, un cookie tecnico pu\u00f2 essere utilizzato per memorizzare le risposte inserite in un modulo o le preferenze relative alla lingua o al layout del sito, qualora tali opzioni siano disponibili.<\/p>\n\n\n\n<ul class=\"has-small-font-size\"><li><strong>Cookie pubblicitari<\/strong><\/li><\/ul>\n\n\n\n<p class=\"has-small-font-size\">I cookie pubblicitari possono essere creati non solo dal nostro sito ma anche da altri siti che pubblicano pubblicit\u00e0, annunci, widget o altri elementi sulla pagina visualizzata.&nbsp;<\/p>\n\n\n\n<p class=\"has-small-font-size\">Questi cookie possono infatti servire per personalizzare e misurare l\u2019efficacia della pubblicit\u00e0 o anche per ottenere un targeting degli annunci pubblicitari.&nbsp;<\/p>\n\n\n\n<p class=\"has-small-font-size\">Possiamo utilizzare cookie pubblicitari, per la personalizzazione del contenuto, relativi ai social o analitici. L\u2019utente sar\u00e0 informato alla prima navigazione sul sito. Dovr\u00e0 dunque accettare o rifiutare i cookie secondo le modalit\u00e0 descritte qui di seguito.<\/p>\n\n\n\n<ul class=\"has-small-font-size\"><li><strong>&nbsp;Cookie analitici<\/strong><strong><\/strong><\/li><\/ul>\n\n\n\n<p class=\"has-small-font-size\">Questi cookie ci permettono di misurare il numero di visite, di pagine visualizzate e l\u2019attivit\u00e0 degli utenti. Possono infatti anche raccogliere l\u2019indirizzo IP dell\u2019utente per determinare la citt\u00e0 dalla quale \u00e8 collegato. I cookie analitici permettono di produrre statistiche di frequentazione e navigazione sul sito per migliorarne le prestazioni. I cookie utilizzati permettono anche di individuare tempestivamente i problemi di navigazione e, quindi, di risolverli.<\/p>\n\n\n\n<p class=\"has-small-font-size\">Possiamo utilizzare cookie pubblicitari, per la personalizzazione del contenuto, relativi ai social o analitici. L\u2019utente sar\u00e0 informato alla prima navigazione sul sito utilizzando questi cookie. Dovr\u00e0 dunque accettare o rifiutare i cookie secondo le modalit\u00e0 descritte qui di seguito.&nbsp;<\/p>\n\n\n\n<ul class=\"has-small-font-size\"><li><strong>Cookie per un\u2019esperienza personalizzata<\/strong><strong><\/strong><\/li><\/ul>\n\n\n\n<p class=\"has-small-font-size\">Questi cookie ci permettono di ottimizzare l\u2019esperienza dell\u2019utente adattando puntualmente la presentazione del sito, proponendo le ultime funzionalit\u00e0.<\/p>\n\n\n<h2 class=\"has-small-font-size wp-block-heading\" id=\"3-preferenze-relative-ai-cookie\">3. Preferenze relative ai cookie<\/h2>\n\n\n<ul class=\"has-small-font-size\"><li><strong>Cookie che possono essere salvati senza consenso<\/strong><\/li><\/ul>\n\n\n\n<p class=\"has-small-font-size\">Alcuni cookie non necessitano del consenso degli utenti, come nel caso di:&nbsp;<\/p>\n\n\n\n<ul class=\"has-small-font-size\"><li>Cookie tecnici e funzionali necessari per il funzionamento del sito;<\/li><li>Alcuni cookie per la misurazione dell\u2019audience o cookie che permettono di testare le diverse versioni del sito per ottimizzare le scelte editoriali.<\/li><\/ul>\n\n\n\n<ul class=\"has-small-font-size\"><li><strong>Accettazione o rifiuto dei cookie sotto consenso espresso degli utenti<\/strong><\/li><\/ul>\n\n\n\n<p class=\"has-small-font-size\">Tutti gli altri cookie necessitano del consenso degli utenti. Si tratta in questo caso di cookie pubblicitari e cookie di misurazione dell\u2019audience. L\u2019utente pu\u00f2 decidere liberamente di accettare o rifiutare l\u2019utilizzo di tali cookie.&nbsp;<\/p>\n\n\n\n<p class=\"has-small-font-size\">L\u2019utente pu\u00f2 accettare o rifiutare i cookie durante la prima navigazione sul sito.<\/p>\n\n\n\n<p class=\"has-small-font-size\">La scelta di accettare o rifiutare i cookie sar\u00e0 conservata per periodo di trecentonovanta (390) giorni.<\/p>\n\n\n\n<ul class=\"has-small-font-size\"><li><strong>Impostazioni del browser<\/strong><\/li><\/ul>\n\n\n\n<p class=\"has-small-font-size\">\u00c8 anche possibile impostare il browser affinch\u00e9 accetti o rifiuti determinati cookie.&nbsp;<\/p>\n\n\n\n<p class=\"has-small-font-size\">Ciascun browser offre modalit\u00e0 di configurazione diverse.<\/p>\n\n\n<h2 class=\"has-small-font-size wp-block-heading\" id=\"4-elenco-dei-cookie\">4. Elenco dei cookie<\/h2>\n\n\n<p class=\"has-small-font-size\">Si prega di considerare che i nomi possono subire modifiche nel tempo.<\/p>\n\n\n\n<figure class=\"wp-block-image size-full\"><img loading=\"lazy\" decoding=\"async\" width=\"908\" height=\"774\" src=\"https:\/\/getfluence.com\/wp-content\/uploads\/2022\/08\/Sans-titre-3.png\" alt=\"\" class=\"wp-image-3090\" srcset=\"https:\/\/getfluence.com\/wp-content\/uploads\/2022\/08\/Sans-titre-3.png 908w, https:\/\/getfluence.com\/wp-content\/uploads\/2022\/08\/Sans-titre-3-560x477.png 560w, https:\/\/getfluence.com\/wp-content\/uploads\/2022\/08\/Sans-titre-3-768x655.png 768w\" sizes=\"(max-width: 908px) 100vw, 908px\" \/><\/figure>\n","protected":false},"excerpt":{"rendered":"<p>1. Che cos&#8217;\u00e8 un cookie? Durante la navigazione sul sito www.getfluence.com (qui di seguito, il \u201csito\u201d), cookie, pixel e altri tracciatori (qui di seguito collettivamente,&#8230;<\/p>\n","protected":false},"author":1,"featured_media":0,"parent":0,"menu_order":0,"comment_status":"closed","ping_status":"closed","template":"","meta":{"_acf_changed":false,"content-type":"","_sitemap_exclude":false,"_sitemap_priority":"","_sitemap_frequency":"","footnotes":""},"acf":[],"yoast_head":"<!-- This site is optimized with the Yoast SEO plugin v23.4 - https:\/\/yoast.com\/wordpress\/plugins\/seo\/ -->\n<title>Politica sui cookie - Getfluence<\/title>\n<meta name=\"robots\" content=\"index, follow, max-snippet:-1, max-image-preview:large, max-video-preview:-1\" \/>\n<link rel=\"canonical\" href=\"https:\/\/getfluence.com\/it\/politica-sui-cookie\/\" \/>\n<meta property=\"og:locale\" content=\"it_IT\" \/>\n<meta property=\"og:type\" content=\"article\" \/>\n<meta property=\"og:title\" content=\"Politica sui cookie - Getfluence\" \/>\n<meta property=\"og:description\" content=\"1. Che cos&#8217;\u00e8 un cookie? Durante la navigazione sul sito www.getfluence.com (qui di seguito, il \u201csito\u201d), cookie, pixel e altri tracciatori (qui di seguito collettivamente,...\" \/>\n<meta property=\"og:url\" content=\"https:\/\/getfluence.com\/it\/politica-sui-cookie\/\" \/>\n<meta property=\"og:site_name\" content=\"Getfluence\" \/>\n<meta property=\"article:publisher\" content=\"https:\/\/www.facebook.com\/bygetfluence\" \/>\n<meta property=\"article:modified_time\" content=\"2024-09-27T06:38:10+00:00\" \/>\n<meta property=\"og:image\" content=\"https:\/\/getfluence.com\/wp-content\/uploads\/2022\/08\/Sans-titre-3.png\" \/>\n<meta name=\"twitter:card\" content=\"summary_large_image\" \/>\n<meta name=\"twitter:site\" content=\"@byGetfluence\" \/>\n<meta name=\"twitter:label1\" content=\"Tempo di lettura stimato\" \/>\n\t<meta name=\"twitter:data1\" content=\"4 minuti\" \/>\n<script type=\"application\/ld+json\" class=\"yoast-schema-graph\">{\"@context\":\"https:\/\/schema.org\",\"@graph\":[{\"@type\":\"WebPage\",\"@id\":\"https:\/\/getfluence.com\/it\/politica-sui-cookie\/\",\"url\":\"https:\/\/getfluence.com\/it\/politica-sui-cookie\/\",\"name\":\"Politica sui cookie - Getfluence\",\"isPartOf\":{\"@id\":\"https:\/\/getfluence.com\/#website\"},\"primaryImageOfPage\":{\"@id\":\"https:\/\/getfluence.com\/it\/politica-sui-cookie\/#primaryimage\"},\"image\":{\"@id\":\"https:\/\/getfluence.com\/it\/politica-sui-cookie\/#primaryimage\"},\"thumbnailUrl\":\"https:\/\/getfluence.com\/wp-content\/uploads\/2022\/08\/Sans-titre-3.png\",\"datePublished\":\"2022-08-04T09:57:14+00:00\",\"dateModified\":\"2024-09-27T06:38:10+00:00\",\"breadcrumb\":{\"@id\":\"https:\/\/getfluence.com\/it\/politica-sui-cookie\/#breadcrumb\"},\"inLanguage\":\"it-IT\",\"potentialAction\":[{\"@type\":\"ReadAction\",\"target\":[\"https:\/\/getfluence.com\/it\/politica-sui-cookie\/\"]}]},{\"@type\":\"ImageObject\",\"inLanguage\":\"it-IT\",\"@id\":\"https:\/\/getfluence.com\/it\/politica-sui-cookie\/#primaryimage\",\"url\":\"https:\/\/getfluence.com\/wp-content\/uploads\/2022\/08\/Sans-titre-3.png\",\"contentUrl\":\"https:\/\/getfluence.com\/wp-content\/uploads\/2022\/08\/Sans-titre-3.png\"},{\"@type\":\"BreadcrumbList\",\"@id\":\"https:\/\/getfluence.com\/it\/politica-sui-cookie\/#breadcrumb\",\"itemListElement\":[{\"@type\":\"ListItem\",\"position\":1,\"name\":\"Accueil\",\"item\":\"https:\/\/getfluence.com\/it\/\"},{\"@type\":\"ListItem\",\"position\":2,\"name\":\"Politica sui cookie\"}]},{\"@type\":\"WebSite\",\"@id\":\"https:\/\/getfluence.com\/#website\",\"url\":\"https:\/\/getfluence.com\/\",\"name\":\"Getfluence\",\"description\":\"La place de march\u00e9 qui met en relation les marques et agences avec le plus grand inventaire de m\u00e9dias influents au monde (+25 000 dans tous les domaines)\",\"publisher\":{\"@id\":\"https:\/\/getfluence.com\/#organization\"},\"potentialAction\":[{\"@type\":\"SearchAction\",\"target\":{\"@type\":\"EntryPoint\",\"urlTemplate\":\"https:\/\/getfluence.com\/?s={search_term_string}\"},\"query-input\":{\"@type\":\"PropertyValueSpecification\",\"valueRequired\":true,\"valueName\":\"search_term_string\"}}],\"inLanguage\":\"it-IT\"},{\"@type\":\"Organization\",\"@id\":\"https:\/\/getfluence.com\/#organization\",\"name\":\"Getfluence\",\"url\":\"https:\/\/getfluence.com\/\",\"logo\":{\"@type\":\"ImageObject\",\"inLanguage\":\"it-IT\",\"@id\":\"https:\/\/getfluence.com\/#\/schema\/logo\/image\/\",\"url\":\"https:\/\/getfluence.com\/wp-content\/uploads\/2023\/05\/kitmedia-logo_couleurs.png\",\"contentUrl\":\"https:\/\/getfluence.com\/wp-content\/uploads\/2023\/05\/kitmedia-logo_couleurs.png\",\"width\":294,\"height\":295,\"caption\":\"Getfluence\"},\"image\":{\"@id\":\"https:\/\/getfluence.com\/#\/schema\/logo\/image\/\"},\"sameAs\":[\"https:\/\/www.facebook.com\/bygetfluence\",\"https:\/\/x.com\/byGetfluence\",\"https:\/\/www.instagram.com\/bygetfluence\/\",\"https:\/\/www.linkedin.com\/company\/getfluence\"]}]}<\/script>\n<!-- \/ Yoast SEO plugin. -->","yoast_head_json":{"title":"Politica sui cookie - Getfluence","robots":{"index":"index","follow":"follow","max-snippet":"max-snippet:-1","max-image-preview":"max-image-preview:large","max-video-preview":"max-video-preview:-1"},"canonical":"https:\/\/getfluence.com\/it\/politica-sui-cookie\/","og_locale":"it_IT","og_type":"article","og_title":"Politica sui cookie - Getfluence","og_description":"1. Che cos&#8217;\u00e8 un cookie? Durante la navigazione sul sito www.getfluence.com (qui di seguito, il \u201csito\u201d), cookie, pixel e altri tracciatori (qui di seguito collettivamente,...","og_url":"https:\/\/getfluence.com\/it\/politica-sui-cookie\/","og_site_name":"Getfluence","article_publisher":"https:\/\/www.facebook.com\/bygetfluence","article_modified_time":"2024-09-27T06:38:10+00:00","og_image":[{"url":"https:\/\/getfluence.com\/wp-content\/uploads\/2022\/08\/Sans-titre-3.png"}],"twitter_card":"summary_large_image","twitter_site":"@byGetfluence","twitter_misc":{"Tempo di lettura stimato":"4 minuti"},"schema":{"@context":"https:\/\/schema.org","@graph":[{"@type":"WebPage","@id":"https:\/\/getfluence.com\/it\/politica-sui-cookie\/","url":"https:\/\/getfluence.com\/it\/politica-sui-cookie\/","name":"Politica sui cookie - Getfluence","isPartOf":{"@id":"https:\/\/getfluence.com\/#website"},"primaryImageOfPage":{"@id":"https:\/\/getfluence.com\/it\/politica-sui-cookie\/#primaryimage"},"image":{"@id":"https:\/\/getfluence.com\/it\/politica-sui-cookie\/#primaryimage"},"thumbnailUrl":"https:\/\/getfluence.com\/wp-content\/uploads\/2022\/08\/Sans-titre-3.png","datePublished":"2022-08-04T09:57:14+00:00","dateModified":"2024-09-27T06:38:10+00:00","breadcrumb":{"@id":"https:\/\/getfluence.com\/it\/politica-sui-cookie\/#breadcrumb"},"inLanguage":"it-IT","potentialAction":[{"@type":"ReadAction","target":["https:\/\/getfluence.com\/it\/politica-sui-cookie\/"]}]},{"@type":"ImageObject","inLanguage":"it-IT","@id":"https:\/\/getfluence.com\/it\/politica-sui-cookie\/#primaryimage","url":"https:\/\/getfluence.com\/wp-content\/uploads\/2022\/08\/Sans-titre-3.png","contentUrl":"https:\/\/getfluence.com\/wp-content\/uploads\/2022\/08\/Sans-titre-3.png"},{"@type":"BreadcrumbList","@id":"https:\/\/getfluence.com\/it\/politica-sui-cookie\/#breadcrumb","itemListElement":[{"@type":"ListItem","position":1,"name":"Accueil","item":"https:\/\/getfluence.com\/it\/"},{"@type":"ListItem","position":2,"name":"Politica sui cookie"}]},{"@type":"WebSite","@id":"https:\/\/getfluence.com\/#website","url":"https:\/\/getfluence.com\/","name":"Getfluence","description":"La place de march\u00e9 qui met en relation les marques et agences avec le plus grand inventaire de m\u00e9dias influents au monde (+25 000 dans tous les domaines)","publisher":{"@id":"https:\/\/getfluence.com\/#organization"},"potentialAction":[{"@type":"SearchAction","target":{"@type":"EntryPoint","urlTemplate":"https:\/\/getfluence.com\/?s={search_term_string}"},"query-input":{"@type":"PropertyValueSpecification","valueRequired":true,"valueName":"search_term_string"}}],"inLanguage":"it-IT"},{"@type":"Organization","@id":"https:\/\/getfluence.com\/#organization","name":"Getfluence","url":"https:\/\/getfluence.com\/","logo":{"@type":"ImageObject","inLanguage":"it-IT","@id":"https:\/\/getfluence.com\/#\/schema\/logo\/image\/","url":"https:\/\/getfluence.com\/wp-content\/uploads\/2023\/05\/kitmedia-logo_couleurs.png","contentUrl":"https:\/\/getfluence.com\/wp-content\/uploads\/2023\/05\/kitmedia-logo_couleurs.png","width":294,"height":295,"caption":"Getfluence"},"image":{"@id":"https:\/\/getfluence.com\/#\/schema\/logo\/image\/"},"sameAs":["https:\/\/www.facebook.com\/bygetfluence","https:\/\/x.com\/byGetfluence","https:\/\/www.instagram.com\/bygetfluence\/","https:\/\/www.linkedin.com\/company\/getfluence"]}]}},"amp_enabled":true,"_links":{"self":[{"href":"https:\/\/getfluence.com\/it\/wp-json\/wp\/v2\/pages\/2991"}],"collection":[{"href":"https:\/\/getfluence.com\/it\/wp-json\/wp\/v2\/pages"}],"about":[{"href":"https:\/\/getfluence.com\/it\/wp-json\/wp\/v2\/types\/page"}],"author":[{"embeddable":true,"href":"https:\/\/getfluence.com\/it\/wp-json\/wp\/v2\/users\/1"}],"replies":[{"embeddable":true,"href":"https:\/\/getfluence.com\/it\/wp-json\/wp\/v2\/comments?post=2991"}],"version-history":[{"count":1,"href":"https:\/\/getfluence.com\/it\/wp-json\/wp\/v2\/pages\/2991\/revisions"}],"predecessor-version":[{"id":751849,"href":"https:\/\/getfluence.com\/it\/wp-json\/wp\/v2\/pages\/2991\/revisions\/751849"}],"wp:attachment":[{"href":"https:\/\/getfluence.com\/it\/wp-json\/wp\/v2\/media?parent=2991"}],"curies":[{"name":"wp","href":"https:\/\/api.w.org\/{rel}","templated":true}]}}