{"id":1134,"date":"2021-08-26T15:32:31","date_gmt":"2021-08-26T13:32:31","guid":{"rendered":"http:\/\/getfluence.preprod.sourceinteractive.fr\/?page_id=1134"},"modified":"2024-01-11T01:12:27","modified_gmt":"2024-01-11T00:12:27","slug":"termini-e-condizioni","status":"publish","type":"page","link":"https:\/\/getfluence.com\/it\/termini-e-condizioni\/","title":{"rendered":"Termini e condizioni"},"content":{"rendered":"<h2 class=\"wp-block-heading has-medium-font-size\" id=\"editore\">Editore<\/h2>\n\n\n<p class=\"has-small-font-size\"><strong>GETFLUENCE SAS<br><\/strong>13 RUE SAINTE-URSULE<br>31000 Toulouse<br>FRANCE<\/p>\n\n\n<h2 class=\"wp-block-heading has-medium-font-size\" id=\"sede-principale\">Sede principale<\/h2>\n\n\n<p class=\"has-small-font-size\"><strong>GETFLUENCE SAS<\/strong><br>13 RUE SAINTE-URSULE<br>31000 Toulouse<br>FRANCE<br>Numero di identificazione:&nbsp;<a href=\"https:\/\/www.societe.com\/societe\/getfluence-842437865.html\" target=\"_blank\" rel=\"noreferrer noopener\">84243786500046<\/a><br>Telefono: +39 06 9480 0956<br>Email:&nbsp;hello@getfluence.com<\/p>\n\n\n\n<p class=\"has-small-font-size\">Responsabile della pubblicazione: Christian DESERT<\/p>\n\n\n<h2 class=\"wp-block-heading has-medium-font-size\" id=\"hosting\">Hosting<\/h2>\n\n\n<p class=\"has-small-font-size\">Il sito \u00e8 ospitato da DYNAMIX NETWORK SARL, iscritto al Registro del Commercio e delle Societ\u00e0 di Marsiglia con il numero 801 803 669 e la cui sede principale si trova al 338 Route de la Sainte Baume, 13390 AURIOL \u2013 FRANCIA.<\/p>\n\n\n<h2 class=\"wp-block-heading has-medium-font-size\" id=\"propriete\">Propri\u00e9t\u00e9<\/h2>\n\n\n<p class=\"has-small-font-size\">Tutti i contenuti del sito sono disciplinati dalla legislazione francese in materia di diritti d\u2019autore e di propriet\u00e0 intellettuale. Il contenuto del sito include, ma non in modo esaustivo: foto, illustrazioni, testi, video, loghi e simboli che sono di propriet\u00e0 esclusiva della societ\u00e0 GETFLUENCE fatta eccezione per marchi, loghi o contenuti appartenenti a societ\u00e0 partner o agli autori.<\/p>\n\n\n\n<p class=\"has-small-font-size\">E\u2019 formalmente vietata la riproduzione, la rappresentazione, il trasferimento, la distribuzione o la registrazione, integrale o parziale, di questi elementi senza autorizzazione espressa della societ\u00e0 GETFLUENCE.<\/p>\n\n\n<h2 class=\"wp-block-heading has-medium-font-size\" id=\"cookies\">Cookies<\/h2>\n\n\n<p class=\"has-small-font-size\">Alcuni cookie possono essere installati sul computer dell\u2019utente per ottimizzare e personalizzare la navigazione. Puoi rifutare questi cookie configurando il tuo browser.<\/p>\n\n\n<h2 class=\"wp-block-heading has-medium-font-size\" id=\"link-ipertestuali\">Link ipertestuali<\/h2>\n\n\n<p class=\"has-small-font-size\">Il Sito pu\u00f2 contenere link ipertestuali che danno accesso ad altri siti web pubblicati e gestiti da terzi e non dall\u2019Editore. L\u2019Editore non potr\u00e0 essere ritenuto responsabile, direttamente o indirettamente, nel caso in cui i suddetti siti non rispettino le disposizioni di legge. La creazione di link ipertestuali che reindirizzano al Sito \u00e8 possibile solo previa autorizzazione scritta dell\u2019Editore.<\/p>\n","protected":false},"excerpt":{"rendered":"<p>Editore GETFLUENCE SAS13 RUE SAINTE-URSULE31000 ToulouseFRANCE Sede principale GETFLUENCE SAS13 RUE SAINTE-URSULE31000 ToulouseFRANCENumero di identificazione:&nbsp;84243786500046Telefono: +39 06 9480 0956Email:&nbsp;hello@getfluence.com Responsabile della pubblicazione: Christian DESERT Hosting&#8230;<\/p>\n","protected":false},"author":1,"featured_media":0,"parent":0,"menu_order":0,"comment_status":"closed","ping_status":"closed","template":"","meta":{"_acf_changed":false,"content-type":"","_sitemap_exclude":false,"_sitemap_priority":"","_sitemap_frequency":"","footnotes":""},"acf":[],"yoast_head":"<!-- This site is optimized with the Yoast SEO plugin v23.4 - https:\/\/yoast.com\/wordpress\/plugins\/seo\/ -->\n<title>Termini e condizioni - Getfluence<\/title>\n<meta name=\"robots\" content=\"index, follow, max-snippet:-1, max-image-preview:large, max-video-preview:-1\" \/>\n<link rel=\"canonical\" href=\"https:\/\/getfluence.com\/it\/termini-e-condizioni\/\" \/>\n<meta property=\"og:locale\" content=\"it_IT\" \/>\n<meta property=\"og:type\" content=\"article\" \/>\n<meta property=\"og:title\" content=\"Termini e condizioni - Getfluence\" \/>\n<meta property=\"og:description\" content=\"Editore GETFLUENCE SAS13 RUE SAINTE-URSULE31000 ToulouseFRANCE Sede principale GETFLUENCE SAS13 RUE SAINTE-URSULE31000 ToulouseFRANCENumero di identificazione:&nbsp;84243786500046Telefono: +39 06 9480 0956Email:&nbsp;hello@getfluence.com Responsabile della pubblicazione: Christian DESERT Hosting...\" \/>\n<meta property=\"og:url\" content=\"https:\/\/getfluence.com\/it\/termini-e-condizioni\/\" \/>\n<meta property=\"og:site_name\" content=\"Getfluence\" \/>\n<meta property=\"article:publisher\" content=\"https:\/\/www.facebook.com\/bygetfluence\" \/>\n<meta property=\"article:modified_time\" content=\"2024-01-11T00:12:27+00:00\" \/>\n<meta property=\"og:image\" content=\"https:\/\/getfluence.com\/wp-content\/uploads\/2023\/06\/1647534406258.jpeg?wsr\" \/>\n\t<meta property=\"og:image:width\" content=\"1200\" \/>\n\t<meta property=\"og:image:height\" content=\"675\" \/>\n\t<meta property=\"og:image:type\" content=\"image\/jpeg\" \/>\n<meta name=\"twitter:card\" content=\"summary_large_image\" \/>\n<meta name=\"twitter:site\" content=\"@byGetfluence\" \/>\n<meta name=\"twitter:label1\" content=\"Tempo di lettura stimato\" \/>\n\t<meta name=\"twitter:data1\" content=\"2 minuti\" \/>\n<script type=\"application\/ld+json\" class=\"yoast-schema-graph\">{\"@context\":\"https:\/\/schema.org\",\"@graph\":[{\"@type\":\"WebPage\",\"@id\":\"https:\/\/getfluence.com\/it\/termini-e-condizioni\/\",\"url\":\"https:\/\/getfluence.com\/it\/termini-e-condizioni\/\",\"name\":\"Termini e condizioni - Getfluence\",\"isPartOf\":{\"@id\":\"https:\/\/getfluence.com\/#website\"},\"datePublished\":\"2021-08-26T13:32:31+00:00\",\"dateModified\":\"2024-01-11T00:12:27+00:00\",\"breadcrumb\":{\"@id\":\"https:\/\/getfluence.com\/it\/termini-e-condizioni\/#breadcrumb\"},\"inLanguage\":\"it-IT\",\"potentialAction\":[{\"@type\":\"ReadAction\",\"target\":[\"https:\/\/getfluence.com\/it\/termini-e-condizioni\/\"]}]},{\"@type\":\"BreadcrumbList\",\"@id\":\"https:\/\/getfluence.com\/it\/termini-e-condizioni\/#breadcrumb\",\"itemListElement\":[{\"@type\":\"ListItem\",\"position\":1,\"name\":\"Accueil\",\"item\":\"https:\/\/getfluence.com\/it\/\"},{\"@type\":\"ListItem\",\"position\":2,\"name\":\"Termini e condizioni\"}]},{\"@type\":\"WebSite\",\"@id\":\"https:\/\/getfluence.com\/#website\",\"url\":\"https:\/\/getfluence.com\/\",\"name\":\"Getfluence\",\"description\":\"La place de march\u00e9 qui met en relation les marques et agences avec le plus grand inventaire de m\u00e9dias influents au monde (+25 000 dans tous les domaines)\",\"publisher\":{\"@id\":\"https:\/\/getfluence.com\/#organization\"},\"potentialAction\":[{\"@type\":\"SearchAction\",\"target\":{\"@type\":\"EntryPoint\",\"urlTemplate\":\"https:\/\/getfluence.com\/?s={search_term_string}\"},\"query-input\":{\"@type\":\"PropertyValueSpecification\",\"valueRequired\":true,\"valueName\":\"search_term_string\"}}],\"inLanguage\":\"it-IT\"},{\"@type\":\"Organization\",\"@id\":\"https:\/\/getfluence.com\/#organization\",\"name\":\"Getfluence\",\"url\":\"https:\/\/getfluence.com\/\",\"logo\":{\"@type\":\"ImageObject\",\"inLanguage\":\"it-IT\",\"@id\":\"https:\/\/getfluence.com\/#\/schema\/logo\/image\/\",\"url\":\"https:\/\/getfluence.com\/wp-content\/uploads\/2023\/05\/kitmedia-logo_couleurs.png\",\"contentUrl\":\"https:\/\/getfluence.com\/wp-content\/uploads\/2023\/05\/kitmedia-logo_couleurs.png\",\"width\":294,\"height\":295,\"caption\":\"Getfluence\"},\"image\":{\"@id\":\"https:\/\/getfluence.com\/#\/schema\/logo\/image\/\"},\"sameAs\":[\"https:\/\/www.facebook.com\/bygetfluence\",\"https:\/\/x.com\/byGetfluence\",\"https:\/\/www.instagram.com\/bygetfluence\/\",\"https:\/\/www.linkedin.com\/company\/getfluence\"]}]}<\/script>\n<!-- \/ Yoast SEO plugin. -->","yoast_head_json":{"title":"Termini e condizioni - Getfluence","robots":{"index":"index","follow":"follow","max-snippet":"max-snippet:-1","max-image-preview":"max-image-preview:large","max-video-preview":"max-video-preview:-1"},"canonical":"https:\/\/getfluence.com\/it\/termini-e-condizioni\/","og_locale":"it_IT","og_type":"article","og_title":"Termini e condizioni - Getfluence","og_description":"Editore GETFLUENCE SAS13 RUE SAINTE-URSULE31000 ToulouseFRANCE Sede principale GETFLUENCE SAS13 RUE SAINTE-URSULE31000 ToulouseFRANCENumero di identificazione:&nbsp;84243786500046Telefono: +39 06 9480 0956Email:&nbsp;hello@getfluence.com Responsabile della pubblicazione: Christian DESERT Hosting...","og_url":"https:\/\/getfluence.com\/it\/termini-e-condizioni\/","og_site_name":"Getfluence","article_publisher":"https:\/\/www.facebook.com\/bygetfluence","article_modified_time":"2024-01-11T00:12:27+00:00","og_image":[{"width":1200,"height":675,"url":"https:\/\/getfluence.com\/wp-content\/uploads\/2023\/06\/1647534406258.jpeg?wsr","type":"image\/jpeg"}],"twitter_card":"summary_large_image","twitter_site":"@byGetfluence","twitter_misc":{"Tempo di lettura stimato":"2 minuti"},"schema":{"@context":"https:\/\/schema.org","@graph":[{"@type":"WebPage","@id":"https:\/\/getfluence.com\/it\/termini-e-condizioni\/","url":"https:\/\/getfluence.com\/it\/termini-e-condizioni\/","name":"Termini e condizioni - Getfluence","isPartOf":{"@id":"https:\/\/getfluence.com\/#website"},"datePublished":"2021-08-26T13:32:31+00:00","dateModified":"2024-01-11T00:12:27+00:00","breadcrumb":{"@id":"https:\/\/getfluence.com\/it\/termini-e-condizioni\/#breadcrumb"},"inLanguage":"it-IT","potentialAction":[{"@type":"ReadAction","target":["https:\/\/getfluence.com\/it\/termini-e-condizioni\/"]}]},{"@type":"BreadcrumbList","@id":"https:\/\/getfluence.com\/it\/termini-e-condizioni\/#breadcrumb","itemListElement":[{"@type":"ListItem","position":1,"name":"Accueil","item":"https:\/\/getfluence.com\/it\/"},{"@type":"ListItem","position":2,"name":"Termini e condizioni"}]},{"@type":"WebSite","@id":"https:\/\/getfluence.com\/#website","url":"https:\/\/getfluence.com\/","name":"Getfluence","description":"La place de march\u00e9 qui met en relation les marques et agences avec le plus grand inventaire de m\u00e9dias influents au monde (+25 000 dans tous les domaines)","publisher":{"@id":"https:\/\/getfluence.com\/#organization"},"potentialAction":[{"@type":"SearchAction","target":{"@type":"EntryPoint","urlTemplate":"https:\/\/getfluence.com\/?s={search_term_string}"},"query-input":{"@type":"PropertyValueSpecification","valueRequired":true,"valueName":"search_term_string"}}],"inLanguage":"it-IT"},{"@type":"Organization","@id":"https:\/\/getfluence.com\/#organization","name":"Getfluence","url":"https:\/\/getfluence.com\/","logo":{"@type":"ImageObject","inLanguage":"it-IT","@id":"https:\/\/getfluence.com\/#\/schema\/logo\/image\/","url":"https:\/\/getfluence.com\/wp-content\/uploads\/2023\/05\/kitmedia-logo_couleurs.png","contentUrl":"https:\/\/getfluence.com\/wp-content\/uploads\/2023\/05\/kitmedia-logo_couleurs.png","width":294,"height":295,"caption":"Getfluence"},"image":{"@id":"https:\/\/getfluence.com\/#\/schema\/logo\/image\/"},"sameAs":["https:\/\/www.facebook.com\/bygetfluence","https:\/\/x.com\/byGetfluence","https:\/\/www.instagram.com\/bygetfluence\/","https:\/\/www.linkedin.com\/company\/getfluence"]}]}},"amp_enabled":true,"_links":{"self":[{"href":"https:\/\/getfluence.com\/it\/wp-json\/wp\/v2\/pages\/1134"}],"collection":[{"href":"https:\/\/getfluence.com\/it\/wp-json\/wp\/v2\/pages"}],"about":[{"href":"https:\/\/getfluence.com\/it\/wp-json\/wp\/v2\/types\/page"}],"author":[{"embeddable":true,"href":"https:\/\/getfluence.com\/it\/wp-json\/wp\/v2\/users\/1"}],"replies":[{"embeddable":true,"href":"https:\/\/getfluence.com\/it\/wp-json\/wp\/v2\/comments?post=1134"}],"version-history":[{"count":1,"href":"https:\/\/getfluence.com\/it\/wp-json\/wp\/v2\/pages\/1134\/revisions"}],"predecessor-version":[{"id":339296,"href":"https:\/\/getfluence.com\/it\/wp-json\/wp\/v2\/pages\/1134\/revisions\/339296"}],"wp:attachment":[{"href":"https:\/\/getfluence.com\/it\/wp-json\/wp\/v2\/media?parent=1134"}],"curies":[{"name":"wp","href":"https:\/\/api.w.org\/{rel}","templated":true}]}}