{"id":93,"date":"2021-07-28T11:29:33","date_gmt":"2021-07-28T09:29:33","guid":{"rendered":"http:\/\/getfluence.preprod.sourceinteractive.fr\/?page_id=93"},"modified":"2024-01-11T01:12:14","modified_gmt":"2024-01-11T00:12:14","slug":"mentions-legales","status":"publish","type":"page","link":"https:\/\/getfluence.com\/fr\/mentions-legales\/","title":{"rendered":"Mentions l\u00e9gales"},"content":{"rendered":"<h2 class=\"wp-block-heading has-medium-font-size\" id=\"editeur\">Editeur<\/h2>\n\n\n<p class=\"has-small-font-size\"><strong>GETFLUENCE SAS<br><\/strong>13 RUE SAINTE-URSULE<br>31000 Toulouse<br>FRANCE<\/p>\n\n\n<h2 class=\"wp-block-heading has-medium-font-size\" id=\"siege-social\">Si\u00e8ge social<\/h2>\n\n\n<p class=\"has-small-font-size\"><strong>GETFLUENCE SAS<br><\/strong>13 RUE SAINTE-URSULE<br>31000 Toulouse<br>FRANCE<br>SIRET : <a href=\"https:\/\/www.societe.com\/societe\/getfluence-842437865.html\" target=\"_blank\" rel=\"noreferrer noopener\">84243786500046<\/a><br>T\u00e9l\u00e9phone : +33 9 74 59 35 60<br>Email : hello@getfluence.com<\/p>\n\n\n\n<p class=\"has-small-font-size\">Responsable de la publication : Christian DESERT<\/p>\n\n\n<h2 class=\"wp-block-heading has-medium-font-size\" id=\"hebergement\">H\u00e9bergement<\/h2>\n\n\n<p class=\"has-small-font-size\">L\u2019h\u00e9bergement du site est r\u00e9alis\u00e9 par la soci\u00e9t\u00e9 DYNAMIX NETWORK SARL au capital social de 119 000 \u20ac euros, immatricul\u00e9e au Registre du Commerce et des Soci\u00e9t\u00e9s de Marseille sous le n\u00b0 801 803 669 et dont le si\u00e8ge social est situ\u00e9 338 Route de la Sainte Baume, 13390 AURIOL &#8211; FRANCE.<\/p>\n\n\n<h2 class=\"wp-block-heading has-medium-font-size\" id=\"propriete\">Propri\u00e9t\u00e9<\/h2>\n\n\n<p class=\"has-small-font-size\">L\u2019ensemble de ce site est r\u00e9gi par la l\u00e9gislation fran\u00e7aise sur le droit d\u2019auteur et la propri\u00e9t\u00e9 intellectuelle. Le contenu du site, incluant, de fa\u00e7on non limitative, les images, graphismes, textes, vid\u00e9os, logos, et ic\u00f4nes sont la propri\u00e9t\u00e9 exclusive de la soci\u00e9t\u00e9 GETFLUENCE SAS \u00e0 l\u2019exception des marques, logos ou contenus appartenant \u00e0 d\u2019autres soci\u00e9t\u00e9s partenaires ou auteurs.<\/p>\n\n\n\n<p class=\"has-small-font-size\">La reproduction, la repr\u00e9sentation, le transfert, la distribution, ou l\u2019enregistrement de tout ou partie de ces&nbsp;\u00e9l\u00e9ments est formellement interdite sans l\u2019autorisation expresse de la soci\u00e9t\u00e9 GETFLUENCE SAS.<\/p>\n\n\n<h2 class=\"wp-block-heading has-medium-font-size\" id=\"cookies\">Cookies<\/h2>\n\n\n<p class=\"has-small-font-size\">Afin d\u2019am\u00e9liorer et de personnaliser la navigation, des cookies peuvent \u00eatre d\u00e9pos\u00e9s sur votre ordinateur. Vous pouvez choisir de refuser ces cookies en configurant votre navigateur.<\/p>\n\n\n<h2 class=\"wp-block-heading has-medium-font-size\" id=\"liens-hypertextes\">Liens hypertextes<\/h2>\n\n\n<p class=\"has-small-font-size\">Le Site peut contenir des liens hypertexte donnant acc\u00e8s \u00e0 d&rsquo;autres sites web \u00e9dit\u00e9s et g\u00e9r\u00e9s par des tiers et&nbsp;non par l&rsquo;Editeur. L&rsquo;Editeur ne pourra \u00eatre tenu responsable directement ou indirectement dans le cas o\u00f9 lesdits<br>sites tiers ne respecteraient pas les dispositions l\u00e9gales. La cr\u00e9ation de liens hypertexte vers le Site ne peut&nbsp;\u00eatre faite qu&rsquo;avec l&rsquo;autorisation \u00e9crite et pr\u00e9alable de l&rsquo;Editeur.<\/p>\n","protected":false},"excerpt":{"rendered":"<p>Editeur GETFLUENCE SAS13 RUE SAINTE-URSULE31000 ToulouseFRANCE Si\u00e8ge social GETFLUENCE SAS13 RUE SAINTE-URSULE31000 ToulouseFRANCESIRET : 84243786500046T\u00e9l\u00e9phone : +33 9 74 59 35 60Email : hello@getfluence.com Responsable&#8230;<\/p>\n","protected":false},"author":1,"featured_media":0,"parent":0,"menu_order":0,"comment_status":"closed","ping_status":"closed","template":"","meta":{"_acf_changed":false,"content-type":"","_sitemap_exclude":false,"_sitemap_priority":"","_sitemap_frequency":"","footnotes":""},"acf":[],"yoast_head":"<!-- This site is optimized with the Yoast SEO plugin v23.4 - https:\/\/yoast.com\/wordpress\/plugins\/seo\/ -->\n<title>Mentions l\u00e9gales - Getfluence<\/title>\n<meta name=\"robots\" content=\"index, follow, max-snippet:-1, max-image-preview:large, max-video-preview:-1\" \/>\n<link rel=\"canonical\" href=\"https:\/\/getfluence.com\/fr\/mentions-legales\/\" \/>\n<meta property=\"og:locale\" content=\"fr_FR\" \/>\n<meta property=\"og:type\" content=\"article\" \/>\n<meta property=\"og:title\" content=\"Mentions l\u00e9gales - Getfluence\" \/>\n<meta property=\"og:description\" content=\"Editeur GETFLUENCE SAS13 RUE SAINTE-URSULE31000 ToulouseFRANCE Si\u00e8ge social GETFLUENCE SAS13 RUE SAINTE-URSULE31000 ToulouseFRANCESIRET : 84243786500046T\u00e9l\u00e9phone : +33 9 74 59 35 60Email : hello@getfluence.com Responsable...\" \/>\n<meta property=\"og:url\" content=\"https:\/\/getfluence.com\/fr\/mentions-legales\/\" \/>\n<meta property=\"og:site_name\" content=\"Getfluence\" \/>\n<meta property=\"article:publisher\" content=\"https:\/\/www.facebook.com\/bygetfluence\" \/>\n<meta property=\"article:modified_time\" content=\"2024-01-11T00:12:14+00:00\" \/>\n<meta property=\"og:image\" content=\"https:\/\/getfluence.com\/wp-content\/uploads\/2023\/06\/1647534406258.jpeg?wsr\" \/>\n\t<meta property=\"og:image:width\" content=\"1200\" \/>\n\t<meta property=\"og:image:height\" content=\"675\" \/>\n\t<meta property=\"og:image:type\" content=\"image\/jpeg\" \/>\n<meta name=\"twitter:card\" content=\"summary_large_image\" \/>\n<meta name=\"twitter:site\" content=\"@byGetfluence\" \/>\n<meta name=\"twitter:label1\" content=\"Dur\u00e9e de lecture estim\u00e9e\" \/>\n\t<meta name=\"twitter:data1\" content=\"2 minutes\" \/>\n<script type=\"application\/ld+json\" class=\"yoast-schema-graph\">{\"@context\":\"https:\/\/schema.org\",\"@graph\":[{\"@type\":\"WebPage\",\"@id\":\"https:\/\/getfluence.com\/fr\/mentions-legales\/\",\"url\":\"https:\/\/getfluence.com\/fr\/mentions-legales\/\",\"name\":\"Mentions l\u00e9gales - Getfluence\",\"isPartOf\":{\"@id\":\"https:\/\/getfluence.com\/#website\"},\"datePublished\":\"2021-07-28T09:29:33+00:00\",\"dateModified\":\"2024-01-11T00:12:14+00:00\",\"breadcrumb\":{\"@id\":\"https:\/\/getfluence.com\/fr\/mentions-legales\/#breadcrumb\"},\"inLanguage\":\"fr-FR\",\"potentialAction\":[{\"@type\":\"ReadAction\",\"target\":[\"https:\/\/getfluence.com\/fr\/mentions-legales\/\"]}]},{\"@type\":\"BreadcrumbList\",\"@id\":\"https:\/\/getfluence.com\/fr\/mentions-legales\/#breadcrumb\",\"itemListElement\":[{\"@type\":\"ListItem\",\"position\":1,\"name\":\"Accueil\",\"item\":\"https:\/\/getfluence.com\/fr\/\"},{\"@type\":\"ListItem\",\"position\":2,\"name\":\"Mentions l\u00e9gales\"}]},{\"@type\":\"WebSite\",\"@id\":\"https:\/\/getfluence.com\/#website\",\"url\":\"https:\/\/getfluence.com\/\",\"name\":\"Getfluence\",\"description\":\"La place de march\u00e9 qui met en relation les marques et agences avec le plus grand inventaire de m\u00e9dias influents au monde (+25 000 dans tous les domaines)\",\"publisher\":{\"@id\":\"https:\/\/getfluence.com\/#organization\"},\"potentialAction\":[{\"@type\":\"SearchAction\",\"target\":{\"@type\":\"EntryPoint\",\"urlTemplate\":\"https:\/\/getfluence.com\/?s={search_term_string}\"},\"query-input\":{\"@type\":\"PropertyValueSpecification\",\"valueRequired\":true,\"valueName\":\"search_term_string\"}}],\"inLanguage\":\"fr-FR\"},{\"@type\":\"Organization\",\"@id\":\"https:\/\/getfluence.com\/#organization\",\"name\":\"Getfluence\",\"url\":\"https:\/\/getfluence.com\/\",\"logo\":{\"@type\":\"ImageObject\",\"inLanguage\":\"fr-FR\",\"@id\":\"https:\/\/getfluence.com\/#\/schema\/logo\/image\/\",\"url\":\"https:\/\/getfluence.com\/wp-content\/uploads\/2023\/05\/kitmedia-logo_couleurs.png\",\"contentUrl\":\"https:\/\/getfluence.com\/wp-content\/uploads\/2023\/05\/kitmedia-logo_couleurs.png\",\"width\":294,\"height\":295,\"caption\":\"Getfluence\"},\"image\":{\"@id\":\"https:\/\/getfluence.com\/#\/schema\/logo\/image\/\"},\"sameAs\":[\"https:\/\/www.facebook.com\/bygetfluence\",\"https:\/\/x.com\/byGetfluence\",\"https:\/\/www.instagram.com\/bygetfluence\/\",\"https:\/\/www.linkedin.com\/company\/getfluence\"]}]}<\/script>\n<!-- \/ Yoast SEO plugin. -->","yoast_head_json":{"title":"Mentions l\u00e9gales - Getfluence","robots":{"index":"index","follow":"follow","max-snippet":"max-snippet:-1","max-image-preview":"max-image-preview:large","max-video-preview":"max-video-preview:-1"},"canonical":"https:\/\/getfluence.com\/fr\/mentions-legales\/","og_locale":"fr_FR","og_type":"article","og_title":"Mentions l\u00e9gales - Getfluence","og_description":"Editeur GETFLUENCE SAS13 RUE SAINTE-URSULE31000 ToulouseFRANCE Si\u00e8ge social GETFLUENCE SAS13 RUE SAINTE-URSULE31000 ToulouseFRANCESIRET : 84243786500046T\u00e9l\u00e9phone : +33 9 74 59 35 60Email : hello@getfluence.com Responsable...","og_url":"https:\/\/getfluence.com\/fr\/mentions-legales\/","og_site_name":"Getfluence","article_publisher":"https:\/\/www.facebook.com\/bygetfluence","article_modified_time":"2024-01-11T00:12:14+00:00","og_image":[{"width":1200,"height":675,"url":"https:\/\/getfluence.com\/wp-content\/uploads\/2023\/06\/1647534406258.jpeg?wsr","type":"image\/jpeg"}],"twitter_card":"summary_large_image","twitter_site":"@byGetfluence","twitter_misc":{"Dur\u00e9e de lecture estim\u00e9e":"2 minutes"},"schema":{"@context":"https:\/\/schema.org","@graph":[{"@type":"WebPage","@id":"https:\/\/getfluence.com\/fr\/mentions-legales\/","url":"https:\/\/getfluence.com\/fr\/mentions-legales\/","name":"Mentions l\u00e9gales - Getfluence","isPartOf":{"@id":"https:\/\/getfluence.com\/#website"},"datePublished":"2021-07-28T09:29:33+00:00","dateModified":"2024-01-11T00:12:14+00:00","breadcrumb":{"@id":"https:\/\/getfluence.com\/fr\/mentions-legales\/#breadcrumb"},"inLanguage":"fr-FR","potentialAction":[{"@type":"ReadAction","target":["https:\/\/getfluence.com\/fr\/mentions-legales\/"]}]},{"@type":"BreadcrumbList","@id":"https:\/\/getfluence.com\/fr\/mentions-legales\/#breadcrumb","itemListElement":[{"@type":"ListItem","position":1,"name":"Accueil","item":"https:\/\/getfluence.com\/fr\/"},{"@type":"ListItem","position":2,"name":"Mentions l\u00e9gales"}]},{"@type":"WebSite","@id":"https:\/\/getfluence.com\/#website","url":"https:\/\/getfluence.com\/","name":"Getfluence","description":"La place de march\u00e9 qui met en relation les marques et agences avec le plus grand inventaire de m\u00e9dias influents au monde (+25 000 dans tous les domaines)","publisher":{"@id":"https:\/\/getfluence.com\/#organization"},"potentialAction":[{"@type":"SearchAction","target":{"@type":"EntryPoint","urlTemplate":"https:\/\/getfluence.com\/?s={search_term_string}"},"query-input":{"@type":"PropertyValueSpecification","valueRequired":true,"valueName":"search_term_string"}}],"inLanguage":"fr-FR"},{"@type":"Organization","@id":"https:\/\/getfluence.com\/#organization","name":"Getfluence","url":"https:\/\/getfluence.com\/","logo":{"@type":"ImageObject","inLanguage":"fr-FR","@id":"https:\/\/getfluence.com\/#\/schema\/logo\/image\/","url":"https:\/\/getfluence.com\/wp-content\/uploads\/2023\/05\/kitmedia-logo_couleurs.png","contentUrl":"https:\/\/getfluence.com\/wp-content\/uploads\/2023\/05\/kitmedia-logo_couleurs.png","width":294,"height":295,"caption":"Getfluence"},"image":{"@id":"https:\/\/getfluence.com\/#\/schema\/logo\/image\/"},"sameAs":["https:\/\/www.facebook.com\/bygetfluence","https:\/\/x.com\/byGetfluence","https:\/\/www.instagram.com\/bygetfluence\/","https:\/\/www.linkedin.com\/company\/getfluence"]}]}},"amp_enabled":true,"_links":{"self":[{"href":"https:\/\/getfluence.com\/fr\/wp-json\/wp\/v2\/pages\/93"}],"collection":[{"href":"https:\/\/getfluence.com\/fr\/wp-json\/wp\/v2\/pages"}],"about":[{"href":"https:\/\/getfluence.com\/fr\/wp-json\/wp\/v2\/types\/page"}],"author":[{"embeddable":true,"href":"https:\/\/getfluence.com\/fr\/wp-json\/wp\/v2\/users\/1"}],"replies":[{"embeddable":true,"href":"https:\/\/getfluence.com\/fr\/wp-json\/wp\/v2\/comments?post=93"}],"version-history":[{"count":1,"href":"https:\/\/getfluence.com\/fr\/wp-json\/wp\/v2\/pages\/93\/revisions"}],"predecessor-version":[{"id":339294,"href":"https:\/\/getfluence.com\/fr\/wp-json\/wp\/v2\/pages\/93\/revisions\/339294"}],"wp:attachment":[{"href":"https:\/\/getfluence.com\/fr\/wp-json\/wp\/v2\/media?parent=93"}],"curies":[{"name":"wp","href":"https:\/\/api.w.org\/{rel}","templated":true}]}}