{"id":65228,"date":"2023-09-11T12:33:13","date_gmt":"2023-09-11T10:33:13","guid":{"rendered":"https:\/\/getfluence.com\/?page_id=65228"},"modified":"2023-09-11T12:33:15","modified_gmt":"2023-09-11T10:33:15","slug":"code-ethique","status":"publish","type":"page","link":"https:\/\/getfluence.com\/fr\/code-ethique\/","title":{"rendered":"Code \u00c9thique"},"content":{"rendered":"<h2 class=\"wp-block-heading\" id=\"notre-objectif\">Notre objectif<\/h2>\n\n\n<p>L&rsquo;une de nos missions principales est de respecter l&rsquo;audience de tous les m\u00e9dias et ainsi de fournir un contr\u00f4le initial avec des lignes directrices pour \u00e9viter une utilisation inappropri\u00e9e de notre march\u00e9.<\/p>\n\n\n\n<p>Nous connaissons tr\u00e8s bien les m\u00e9dias et comprenons l&rsquo;importance de leur relation avec leur public.<br>En tant que partenaires des \u00e9diteurs, nous souhaitons leur offrir un environnement de travail s\u00e9curis\u00e9 afin qu\u2019ils se sentent \u00e0 l\u2019aise lorsqu\u2019ils collaborent avec nous.<\/p>\n\n\n<h2 class=\"wp-block-heading\" id=\"notre-engagement\">Notre engagement<\/h2>\n\n\n<p>Chez Getfluence, nous comprenons l&rsquo;importance de favoriser un environnement sain, s\u00fbr et \u00e9thique pour les annonceurs et les \u00e9diteurs.<\/p>\n\n\n\n<p>Notre engagement \u00e0 garantir que tous les types de m\u00e9dias ajout\u00e9s \u00e0 notre plateforme r\u00e9pondent \u00e0 nos normes strictes est in\u00e9branlable, et nous exigeons que les campagnes g\u00e9n\u00e9r\u00e9es sur notre plateforme respectent nos directives. En 2023, nous prenons des mesures pour :<\/p>\n\n\n\n<ol>\n<li>\u00c9tablir une ligne directrice \u00e9thique compl\u00e8te \u00e0 partager avec nos partenaires.<\/li>\n\n\n\n<li>Renforcer notre processus de s\u00e9lection et de mod\u00e9ration des m\u00e9dias.<\/li>\n\n\n\n<li>Rationalisez notre processus de surveillance des campagnes pour garantir le respect de nos politiques.<\/li>\n\n\n\n<li>Surveillez en permanence notre march\u00e9 et prenez des mesures rapides si n\u00e9cessaire.<\/li>\n<\/ol>\n\n\n<h2 class=\"wp-block-heading\" id=\"guidelines-principales\">Guidelines principales<\/h2>\n\n\n<p>En tant qu&rsquo;\u00e9quipe, notre objectif principal est de maintenir un niveau \u00e9lev\u00e9 d&rsquo;\u00e9thique et de confiance sur notre march\u00e9. Pour ce faire, nous avons \u00e9tabli des crit\u00e8res clairs pour le contr\u00f4le et la mod\u00e9ration de tous les types de m\u00e9dias de notre portefeuille, qu&rsquo;il s&rsquo;agisse d&rsquo;un site web, d&rsquo;un blog ou de toute autre forme de m\u00e9dia.<\/p>\n\n\n\n<ol>\n<li>Refuser la promotion de la haine, de la discrimination ou du contenu pour adultes.<\/li>\n\n\n\n<li>\u00c9valuer chaque canal m\u00e9diatique ajout\u00e9 \u00e0 notre march\u00e9.<\/li>\n\n\n\n<li>Mod\u00e9rer minutieusement les nouveaux m\u00e9dias afin de garantir le respect des normes \u00e9thiques.<\/li>\n\n\n\n<li>Mettre en \u0153uvre un processus de surveillance et de mod\u00e9ration afin de rechercher activement les campagnes probl\u00e9matiques.<\/li>\n\n\n\n<li>Nous prendrons les mesures qui s&rsquo;imposent pour r\u00e9soudre les probl\u00e8mes identifi\u00e9s.<\/li>\n\n\n\n<li>Nous nous engageons \u00e0 cr\u00e9er un environnement s\u00fbr pour les annonceurs et les \u00e9diteurs.<\/li>\n<\/ol>\n\n\n<h2 class=\"wp-block-heading\" id=\"evolution-pour-ameliorer-nos-standards\">\u00c9volution pour am\u00e9liorer nos standards<\/h2>\n\n\n<p>Nous nous effor\u00e7ons \u00e9galement d&rsquo;am\u00e9liorer constamment nos normes actuelles en les adaptant \u00e0 l&rsquo;environnement et aux r\u00e9glementations du march\u00e9.<br>Vous pouvez consulter toutes les mises \u00e0 jour r\u00e9centes concernant l&rsquo;\u00e9volution de nos lignes directrices dans notre Code d&rsquo;\u00e9thique ci-dessous.<\/p>\n\n\n\n<p><strong><a href=\"https:\/\/getfluence.com\/wp-content\/uploads\/2023\/03\/Code-of-ethics-Getfluence.pdf\" target=\"_blank\" rel=\"noreferrer noopener\">T\u00e9l\u00e9chargez notre Code \u00c9thique (PDF en anglais).<\/a><\/strong><\/p>\n","protected":false},"excerpt":{"rendered":"<p>Notre objectif L&rsquo;une de nos missions principales est de respecter l&rsquo;audience de tous les m\u00e9dias et ainsi de fournir un contr\u00f4le initial avec des lignes&#8230;<\/p>\n","protected":false},"author":1,"featured_media":0,"parent":0,"menu_order":0,"comment_status":"closed","ping_status":"closed","template":"","meta":{"_acf_changed":false,"content-type":"","_sitemap_exclude":false,"_sitemap_priority":"","_sitemap_frequency":"","footnotes":""},"acf":[],"yoast_head":"<!-- This site is optimized with the Yoast SEO plugin v23.4 - https:\/\/yoast.com\/wordpress\/plugins\/seo\/ -->\n<title>Code \u00c9thique - Getfluence<\/title>\n<meta name=\"robots\" content=\"index, follow, max-snippet:-1, max-image-preview:large, max-video-preview:-1\" \/>\n<link rel=\"canonical\" href=\"https:\/\/getfluence.com\/fr\/code-ethique\/\" \/>\n<meta property=\"og:locale\" content=\"fr_FR\" \/>\n<meta property=\"og:type\" content=\"article\" \/>\n<meta property=\"og:title\" content=\"Code \u00c9thique - Getfluence\" \/>\n<meta property=\"og:description\" content=\"Notre objectif L&rsquo;une de nos missions principales est de respecter l&rsquo;audience de tous les m\u00e9dias et ainsi de fournir un contr\u00f4le initial avec des lignes...\" \/>\n<meta property=\"og:url\" content=\"https:\/\/getfluence.com\/fr\/code-ethique\/\" \/>\n<meta property=\"og:site_name\" content=\"Getfluence\" \/>\n<meta property=\"article:publisher\" content=\"https:\/\/www.facebook.com\/bygetfluence\" \/>\n<meta property=\"article:modified_time\" content=\"2023-09-11T10:33:15+00:00\" \/>\n<meta property=\"og:image\" content=\"https:\/\/getfluence.com\/wp-content\/uploads\/2023\/06\/1647534406258.jpeg?wsr\" \/>\n\t<meta property=\"og:image:width\" content=\"1200\" \/>\n\t<meta property=\"og:image:height\" content=\"675\" \/>\n\t<meta property=\"og:image:type\" content=\"image\/jpeg\" \/>\n<meta name=\"twitter:card\" content=\"summary_large_image\" \/>\n<meta name=\"twitter:site\" content=\"@byGetfluence\" \/>\n<meta name=\"twitter:label1\" content=\"Dur\u00e9e de lecture estim\u00e9e\" \/>\n\t<meta name=\"twitter:data1\" content=\"2 minutes\" \/>\n<script type=\"application\/ld+json\" class=\"yoast-schema-graph\">{\"@context\":\"https:\/\/schema.org\",\"@graph\":[{\"@type\":\"WebPage\",\"@id\":\"https:\/\/getfluence.com\/fr\/code-ethique\/\",\"url\":\"https:\/\/getfluence.com\/fr\/code-ethique\/\",\"name\":\"Code \u00c9thique - Getfluence\",\"isPartOf\":{\"@id\":\"https:\/\/getfluence.com\/#website\"},\"datePublished\":\"2023-09-11T10:33:13+00:00\",\"dateModified\":\"2023-09-11T10:33:15+00:00\",\"breadcrumb\":{\"@id\":\"https:\/\/getfluence.com\/fr\/code-ethique\/#breadcrumb\"},\"inLanguage\":\"fr-FR\",\"potentialAction\":[{\"@type\":\"ReadAction\",\"target\":[\"https:\/\/getfluence.com\/fr\/code-ethique\/\"]}]},{\"@type\":\"BreadcrumbList\",\"@id\":\"https:\/\/getfluence.com\/fr\/code-ethique\/#breadcrumb\",\"itemListElement\":[{\"@type\":\"ListItem\",\"position\":1,\"name\":\"Accueil\",\"item\":\"https:\/\/getfluence.com\/fr\/\"},{\"@type\":\"ListItem\",\"position\":2,\"name\":\"Code \u00c9thique\"}]},{\"@type\":\"WebSite\",\"@id\":\"https:\/\/getfluence.com\/#website\",\"url\":\"https:\/\/getfluence.com\/\",\"name\":\"Getfluence\",\"description\":\"La place de march\u00e9 qui met en relation les marques et agences avec le plus grand inventaire de m\u00e9dias influents au monde (+25 000 dans tous les domaines)\",\"publisher\":{\"@id\":\"https:\/\/getfluence.com\/#organization\"},\"potentialAction\":[{\"@type\":\"SearchAction\",\"target\":{\"@type\":\"EntryPoint\",\"urlTemplate\":\"https:\/\/getfluence.com\/?s={search_term_string}\"},\"query-input\":{\"@type\":\"PropertyValueSpecification\",\"valueRequired\":true,\"valueName\":\"search_term_string\"}}],\"inLanguage\":\"fr-FR\"},{\"@type\":\"Organization\",\"@id\":\"https:\/\/getfluence.com\/#organization\",\"name\":\"Getfluence\",\"url\":\"https:\/\/getfluence.com\/\",\"logo\":{\"@type\":\"ImageObject\",\"inLanguage\":\"fr-FR\",\"@id\":\"https:\/\/getfluence.com\/#\/schema\/logo\/image\/\",\"url\":\"https:\/\/getfluence.com\/wp-content\/uploads\/2023\/05\/kitmedia-logo_couleurs.png\",\"contentUrl\":\"https:\/\/getfluence.com\/wp-content\/uploads\/2023\/05\/kitmedia-logo_couleurs.png\",\"width\":294,\"height\":295,\"caption\":\"Getfluence\"},\"image\":{\"@id\":\"https:\/\/getfluence.com\/#\/schema\/logo\/image\/\"},\"sameAs\":[\"https:\/\/www.facebook.com\/bygetfluence\",\"https:\/\/x.com\/byGetfluence\",\"https:\/\/www.instagram.com\/bygetfluence\/\",\"https:\/\/www.linkedin.com\/company\/getfluence\"]}]}<\/script>\n<!-- \/ Yoast SEO plugin. -->","yoast_head_json":{"title":"Code \u00c9thique - Getfluence","robots":{"index":"index","follow":"follow","max-snippet":"max-snippet:-1","max-image-preview":"max-image-preview:large","max-video-preview":"max-video-preview:-1"},"canonical":"https:\/\/getfluence.com\/fr\/code-ethique\/","og_locale":"fr_FR","og_type":"article","og_title":"Code \u00c9thique - Getfluence","og_description":"Notre objectif L&rsquo;une de nos missions principales est de respecter l&rsquo;audience de tous les m\u00e9dias et ainsi de fournir un contr\u00f4le initial avec des lignes...","og_url":"https:\/\/getfluence.com\/fr\/code-ethique\/","og_site_name":"Getfluence","article_publisher":"https:\/\/www.facebook.com\/bygetfluence","article_modified_time":"2023-09-11T10:33:15+00:00","og_image":[{"width":1200,"height":675,"url":"https:\/\/getfluence.com\/wp-content\/uploads\/2023\/06\/1647534406258.jpeg?wsr","type":"image\/jpeg"}],"twitter_card":"summary_large_image","twitter_site":"@byGetfluence","twitter_misc":{"Dur\u00e9e de lecture estim\u00e9e":"2 minutes"},"schema":{"@context":"https:\/\/schema.org","@graph":[{"@type":"WebPage","@id":"https:\/\/getfluence.com\/fr\/code-ethique\/","url":"https:\/\/getfluence.com\/fr\/code-ethique\/","name":"Code \u00c9thique - Getfluence","isPartOf":{"@id":"https:\/\/getfluence.com\/#website"},"datePublished":"2023-09-11T10:33:13+00:00","dateModified":"2023-09-11T10:33:15+00:00","breadcrumb":{"@id":"https:\/\/getfluence.com\/fr\/code-ethique\/#breadcrumb"},"inLanguage":"fr-FR","potentialAction":[{"@type":"ReadAction","target":["https:\/\/getfluence.com\/fr\/code-ethique\/"]}]},{"@type":"BreadcrumbList","@id":"https:\/\/getfluence.com\/fr\/code-ethique\/#breadcrumb","itemListElement":[{"@type":"ListItem","position":1,"name":"Accueil","item":"https:\/\/getfluence.com\/fr\/"},{"@type":"ListItem","position":2,"name":"Code \u00c9thique"}]},{"@type":"WebSite","@id":"https:\/\/getfluence.com\/#website","url":"https:\/\/getfluence.com\/","name":"Getfluence","description":"La place de march\u00e9 qui met en relation les marques et agences avec le plus grand inventaire de m\u00e9dias influents au monde (+25 000 dans tous les domaines)","publisher":{"@id":"https:\/\/getfluence.com\/#organization"},"potentialAction":[{"@type":"SearchAction","target":{"@type":"EntryPoint","urlTemplate":"https:\/\/getfluence.com\/?s={search_term_string}"},"query-input":{"@type":"PropertyValueSpecification","valueRequired":true,"valueName":"search_term_string"}}],"inLanguage":"fr-FR"},{"@type":"Organization","@id":"https:\/\/getfluence.com\/#organization","name":"Getfluence","url":"https:\/\/getfluence.com\/","logo":{"@type":"ImageObject","inLanguage":"fr-FR","@id":"https:\/\/getfluence.com\/#\/schema\/logo\/image\/","url":"https:\/\/getfluence.com\/wp-content\/uploads\/2023\/05\/kitmedia-logo_couleurs.png","contentUrl":"https:\/\/getfluence.com\/wp-content\/uploads\/2023\/05\/kitmedia-logo_couleurs.png","width":294,"height":295,"caption":"Getfluence"},"image":{"@id":"https:\/\/getfluence.com\/#\/schema\/logo\/image\/"},"sameAs":["https:\/\/www.facebook.com\/bygetfluence","https:\/\/x.com\/byGetfluence","https:\/\/www.instagram.com\/bygetfluence\/","https:\/\/www.linkedin.com\/company\/getfluence"]}]}},"amp_enabled":true,"_links":{"self":[{"href":"https:\/\/getfluence.com\/fr\/wp-json\/wp\/v2\/pages\/65228"}],"collection":[{"href":"https:\/\/getfluence.com\/fr\/wp-json\/wp\/v2\/pages"}],"about":[{"href":"https:\/\/getfluence.com\/fr\/wp-json\/wp\/v2\/types\/page"}],"author":[{"embeddable":true,"href":"https:\/\/getfluence.com\/fr\/wp-json\/wp\/v2\/users\/1"}],"replies":[{"embeddable":true,"href":"https:\/\/getfluence.com\/fr\/wp-json\/wp\/v2\/comments?post=65228"}],"version-history":[{"count":2,"href":"https:\/\/getfluence.com\/fr\/wp-json\/wp\/v2\/pages\/65228\/revisions"}],"predecessor-version":[{"id":65244,"href":"https:\/\/getfluence.com\/fr\/wp-json\/wp\/v2\/pages\/65228\/revisions\/65244"}],"wp:attachment":[{"href":"https:\/\/getfluence.com\/fr\/wp-json\/wp\/v2\/media?parent=65228"}],"curies":[{"name":"wp","href":"https:\/\/api.w.org\/{rel}","templated":true}]}}