{"id":4523,"date":"2023-05-05T09:42:13","date_gmt":"2023-05-05T07:42:13","guid":{"rendered":"https:\/\/getfluence.com\/?page_id=4523"},"modified":"2025-07-03T11:36:41","modified_gmt":"2025-07-03T09:36:41","slug":"carrieres","status":"publish","type":"page","link":"https:\/\/getfluence.com\/fr\/carrieres\/","title":{"rendered":"Carri\u00e8res"},"content":{"rendered":"","protected":false},"excerpt":{"rendered":"","protected":false},"author":1,"featured_media":0,"parent":0,"menu_order":0,"comment_status":"closed","ping_status":"closed","template":"tpl-careers-v2.php","meta":{"_acf_changed":false,"content-type":"","_sitemap_exclude":false,"_sitemap_priority":"","_sitemap_frequency":"","footnotes":""},"acf":[],"yoast_head":"<!-- This site is optimized with the Yoast SEO plugin v23.4 - https:\/\/yoast.com\/wordpress\/plugins\/seo\/ -->\n<title>Carri\u00e8re, travaillez avec nous - Getfluence<\/title>\n<meta name=\"description\" content=\"Nous recherchons des talents audacieux qui visent l&#039;excellence pour d\u00e9velopper le leadership de Getfluence sur le march\u00e9 du brand content \u00e0 l&#039;international.\" \/>\n<meta name=\"robots\" content=\"index, follow, max-snippet:-1, max-image-preview:large, max-video-preview:-1\" \/>\n<link rel=\"canonical\" href=\"https:\/\/getfluence.com\/fr\/carrieres\/\" \/>\n<meta property=\"og:locale\" content=\"fr_FR\" \/>\n<meta property=\"og:type\" content=\"article\" \/>\n<meta property=\"og:title\" content=\"Carri\u00e8re, travaillez avec nous - Getfluence\" \/>\n<meta property=\"og:description\" content=\"Nous recherchons des talents audacieux qui visent l&#039;excellence pour d\u00e9velopper le leadership de Getfluence sur le march\u00e9 du brand content \u00e0 l&#039;international.\" \/>\n<meta property=\"og:url\" content=\"https:\/\/getfluence.com\/fr\/carrieres\/\" \/>\n<meta property=\"og:site_name\" content=\"Getfluence\" \/>\n<meta property=\"article:publisher\" content=\"https:\/\/www.facebook.com\/bygetfluence\" \/>\n<meta property=\"article:modified_time\" content=\"2025-07-03T09:36:41+00:00\" \/>\n<meta property=\"og:image\" content=\"https:\/\/getfluence.com\/wp-content\/uploads\/2023\/06\/1647534406258.jpeg?wsr\" \/>\n\t<meta property=\"og:image:width\" content=\"1200\" \/>\n\t<meta property=\"og:image:height\" content=\"675\" \/>\n\t<meta property=\"og:image:type\" content=\"image\/jpeg\" \/>\n<meta name=\"twitter:card\" content=\"summary_large_image\" \/>\n<meta name=\"twitter:site\" content=\"@byGetfluence\" \/>\n<script type=\"application\/ld+json\" class=\"yoast-schema-graph\">{\"@context\":\"https:\/\/schema.org\",\"@graph\":[{\"@type\":\"WebPage\",\"@id\":\"https:\/\/getfluence.com\/fr\/carrieres\/\",\"url\":\"https:\/\/getfluence.com\/fr\/carrieres\/\",\"name\":\"Carri\u00e8re, travaillez avec nous - Getfluence\",\"isPartOf\":{\"@id\":\"https:\/\/getfluence.com\/#website\"},\"datePublished\":\"2023-05-05T07:42:13+00:00\",\"dateModified\":\"2025-07-03T09:36:41+00:00\",\"description\":\"Nous recherchons des talents audacieux qui visent l'excellence pour d\u00e9velopper le leadership de Getfluence sur le march\u00e9 du brand content \u00e0 l'international.\",\"breadcrumb\":{\"@id\":\"https:\/\/getfluence.com\/fr\/carrieres\/#breadcrumb\"},\"inLanguage\":\"fr-FR\",\"potentialAction\":[{\"@type\":\"ReadAction\",\"target\":[\"https:\/\/getfluence.com\/fr\/carrieres\/\"]}]},{\"@type\":\"BreadcrumbList\",\"@id\":\"https:\/\/getfluence.com\/fr\/carrieres\/#breadcrumb\",\"itemListElement\":[{\"@type\":\"ListItem\",\"position\":1,\"name\":\"Accueil\",\"item\":\"https:\/\/getfluence.com\/fr\/\"},{\"@type\":\"ListItem\",\"position\":2,\"name\":\"Carri\u00e8res\"}]},{\"@type\":\"WebSite\",\"@id\":\"https:\/\/getfluence.com\/#website\",\"url\":\"https:\/\/getfluence.com\/\",\"name\":\"Getfluence\",\"description\":\"La place de march\u00e9 qui met en relation les marques et agences avec le plus grand inventaire de m\u00e9dias influents au monde (+25 000 dans tous les domaines)\",\"publisher\":{\"@id\":\"https:\/\/getfluence.com\/#organization\"},\"potentialAction\":[{\"@type\":\"SearchAction\",\"target\":{\"@type\":\"EntryPoint\",\"urlTemplate\":\"https:\/\/getfluence.com\/?s={search_term_string}\"},\"query-input\":{\"@type\":\"PropertyValueSpecification\",\"valueRequired\":true,\"valueName\":\"search_term_string\"}}],\"inLanguage\":\"fr-FR\"},{\"@type\":\"Organization\",\"@id\":\"https:\/\/getfluence.com\/#organization\",\"name\":\"Getfluence\",\"url\":\"https:\/\/getfluence.com\/\",\"logo\":{\"@type\":\"ImageObject\",\"inLanguage\":\"fr-FR\",\"@id\":\"https:\/\/getfluence.com\/#\/schema\/logo\/image\/\",\"url\":\"https:\/\/getfluence.com\/wp-content\/uploads\/2023\/05\/kitmedia-logo_couleurs.png\",\"contentUrl\":\"https:\/\/getfluence.com\/wp-content\/uploads\/2023\/05\/kitmedia-logo_couleurs.png\",\"width\":294,\"height\":295,\"caption\":\"Getfluence\"},\"image\":{\"@id\":\"https:\/\/getfluence.com\/#\/schema\/logo\/image\/\"},\"sameAs\":[\"https:\/\/www.facebook.com\/bygetfluence\",\"https:\/\/x.com\/byGetfluence\",\"https:\/\/www.instagram.com\/bygetfluence\/\",\"https:\/\/www.linkedin.com\/company\/getfluence\"]}]}<\/script>\n<!-- \/ Yoast SEO plugin. -->","yoast_head_json":{"title":"Carri\u00e8re, travaillez avec nous - Getfluence","description":"Nous recherchons des talents audacieux qui visent l'excellence pour d\u00e9velopper le leadership de Getfluence sur le march\u00e9 du brand content \u00e0 l'international.","robots":{"index":"index","follow":"follow","max-snippet":"max-snippet:-1","max-image-preview":"max-image-preview:large","max-video-preview":"max-video-preview:-1"},"canonical":"https:\/\/getfluence.com\/fr\/carrieres\/","og_locale":"fr_FR","og_type":"article","og_title":"Carri\u00e8re, travaillez avec nous - Getfluence","og_description":"Nous recherchons des talents audacieux qui visent l'excellence pour d\u00e9velopper le leadership de Getfluence sur le march\u00e9 du brand content \u00e0 l'international.","og_url":"https:\/\/getfluence.com\/fr\/carrieres\/","og_site_name":"Getfluence","article_publisher":"https:\/\/www.facebook.com\/bygetfluence","article_modified_time":"2025-07-03T09:36:41+00:00","og_image":[{"width":1200,"height":675,"url":"https:\/\/getfluence.com\/wp-content\/uploads\/2023\/06\/1647534406258.jpeg?wsr","type":"image\/jpeg"}],"twitter_card":"summary_large_image","twitter_site":"@byGetfluence","schema":{"@context":"https:\/\/schema.org","@graph":[{"@type":"WebPage","@id":"https:\/\/getfluence.com\/fr\/carrieres\/","url":"https:\/\/getfluence.com\/fr\/carrieres\/","name":"Carri\u00e8re, travaillez avec nous - Getfluence","isPartOf":{"@id":"https:\/\/getfluence.com\/#website"},"datePublished":"2023-05-05T07:42:13+00:00","dateModified":"2025-07-03T09:36:41+00:00","description":"Nous recherchons des talents audacieux qui visent l'excellence pour d\u00e9velopper le leadership de Getfluence sur le march\u00e9 du brand content \u00e0 l'international.","breadcrumb":{"@id":"https:\/\/getfluence.com\/fr\/carrieres\/#breadcrumb"},"inLanguage":"fr-FR","potentialAction":[{"@type":"ReadAction","target":["https:\/\/getfluence.com\/fr\/carrieres\/"]}]},{"@type":"BreadcrumbList","@id":"https:\/\/getfluence.com\/fr\/carrieres\/#breadcrumb","itemListElement":[{"@type":"ListItem","position":1,"name":"Accueil","item":"https:\/\/getfluence.com\/fr\/"},{"@type":"ListItem","position":2,"name":"Carri\u00e8res"}]},{"@type":"WebSite","@id":"https:\/\/getfluence.com\/#website","url":"https:\/\/getfluence.com\/","name":"Getfluence","description":"La place de march\u00e9 qui met en relation les marques et agences avec le plus grand inventaire de m\u00e9dias influents au monde (+25 000 dans tous les domaines)","publisher":{"@id":"https:\/\/getfluence.com\/#organization"},"potentialAction":[{"@type":"SearchAction","target":{"@type":"EntryPoint","urlTemplate":"https:\/\/getfluence.com\/?s={search_term_string}"},"query-input":{"@type":"PropertyValueSpecification","valueRequired":true,"valueName":"search_term_string"}}],"inLanguage":"fr-FR"},{"@type":"Organization","@id":"https:\/\/getfluence.com\/#organization","name":"Getfluence","url":"https:\/\/getfluence.com\/","logo":{"@type":"ImageObject","inLanguage":"fr-FR","@id":"https:\/\/getfluence.com\/#\/schema\/logo\/image\/","url":"https:\/\/getfluence.com\/wp-content\/uploads\/2023\/05\/kitmedia-logo_couleurs.png","contentUrl":"https:\/\/getfluence.com\/wp-content\/uploads\/2023\/05\/kitmedia-logo_couleurs.png","width":294,"height":295,"caption":"Getfluence"},"image":{"@id":"https:\/\/getfluence.com\/#\/schema\/logo\/image\/"},"sameAs":["https:\/\/www.facebook.com\/bygetfluence","https:\/\/x.com\/byGetfluence","https:\/\/www.instagram.com\/bygetfluence\/","https:\/\/www.linkedin.com\/company\/getfluence"]}]}},"amp_enabled":false,"_links":{"self":[{"href":"https:\/\/getfluence.com\/fr\/wp-json\/wp\/v2\/pages\/4523"}],"collection":[{"href":"https:\/\/getfluence.com\/fr\/wp-json\/wp\/v2\/pages"}],"about":[{"href":"https:\/\/getfluence.com\/fr\/wp-json\/wp\/v2\/types\/page"}],"author":[{"embeddable":true,"href":"https:\/\/getfluence.com\/fr\/wp-json\/wp\/v2\/users\/1"}],"replies":[{"embeddable":true,"href":"https:\/\/getfluence.com\/fr\/wp-json\/wp\/v2\/comments?post=4523"}],"version-history":[{"count":11,"href":"https:\/\/getfluence.com\/fr\/wp-json\/wp\/v2\/pages\/4523\/revisions"}],"predecessor-version":[{"id":1220320,"href":"https:\/\/getfluence.com\/fr\/wp-json\/wp\/v2\/pages\/4523\/revisions\/1220320"}],"wp:attachment":[{"href":"https:\/\/getfluence.com\/fr\/wp-json\/wp\/v2\/media?parent=4523"}],"curies":[{"name":"wp","href":"https:\/\/api.w.org\/{rel}","templated":true}]}}