{"id":2993,"date":"2022-08-04T11:56:29","date_gmt":"2022-08-04T09:56:29","guid":{"rendered":"https:\/\/getfluence.com\/?page_id=2993"},"modified":"2024-09-27T08:40:19","modified_gmt":"2024-09-27T06:40:19","slug":"politique-des-cookies","status":"publish","type":"page","link":"https:\/\/getfluence.com\/fr\/politique-des-cookies\/","title":{"rendered":"Politique des cookies"},"content":{"rendered":"<h2 class=\"has-small-font-size wp-block-heading\" id=\"1-questce-quun-cookie\">1. Qu&rsquo;est-ce qu&rsquo;un Cookie ?<\/h2>\n\n\n<p class=\"has-small-font-size\">Lors de votre navigation sur le site www.getfluence.com (ci-apr\u00e8s le \u00ab Site&nbsp;\u00bb), des cookies, pixels et autres traceurs (ci-apr\u00e8s d\u00e9sign\u00e9s ensemble les \u00ab&nbsp;Cookies&nbsp;\u00bb) sont d\u00e9pos\u00e9s sur votre navigateur.<\/p>\n\n\n\n<p class=\"has-small-font-size\">Un Cookie est un petit fichier, souvent crypt\u00e9, stock\u00e9 dans votre navigateur ou votre terminal et identifi\u00e9 par un nom. Il est d\u00e9pos\u00e9 lors de la consultation d\u2019un Site. Chaque fois que vous revenez sur le Site en question, le Cookie est r\u00e9cup\u00e9r\u00e9 sur votre navigateur ou sur votre terminal. Ainsi, chaque fois que vous consultez le Site, le navigateur est reconnu.<\/p>\n\n\n\n<p class=\"has-small-font-size\">Le d\u00e9p\u00f4t de ces Cookies est susceptible de nous permettre d\u2019acc\u00e9der \u00e0 vos donn\u00e9es de navigation et\/ou \u00e0 des donn\u00e9es \u00e0 caract\u00e8re personnel vous concernant.<\/p>\n\n\n<h2 class=\"has-small-font-size wp-block-heading\" id=\"2-identification-des-cookies\">2. Identification des Cookies<\/h2>\n\n\n<ul class=\"has-small-font-size\"><li><strong>Cookies techniques et fonctionnels<\/strong><\/li><\/ul>\n\n\n\n<p class=\"has-small-font-size\">Les Cookies techniques et fonctionnels sont n\u00e9cessaires au bon fonctionnement du Site et pour vous fournir nos services. Ils sont utilis\u00e9s tout au long de votre navigation, afin de la faciliter et d\u2019ex\u00e9cuter certaines fonctions.&nbsp;<\/p>\n\n\n\n<p class=\"has-small-font-size\">Un Cookie technique peut par exemple \u00eatre utilis\u00e9 pour m\u00e9moriser vos r\u00e9ponses renseign\u00e9es dans un formulaire ou encore vos pr\u00e9f\u00e9rences s\u2019agissant de la langue ou de la pr\u00e9sentation du Site, lorsque de telles options sont disponibles.<\/p>\n\n\n\n<ul class=\"has-small-font-size\"><li><strong>Cookies publicitaires<\/strong><\/li><\/ul>\n\n\n\n<p class=\"has-small-font-size\">Les Cookies publicitaires peuvent \u00eatre cr\u00e9\u00e9s non seulement par notre Site mais \u00e9galement par d\u2019autres Sites internet diffusant des publicit\u00e9s, annonces, widgets ou autres \u00e9l\u00e9ments sur la page affich\u00e9e.&nbsp;<\/p>\n\n\n\n<p class=\"has-small-font-size\">Ces Cookies peuvent notamment servir \u00e0 personnaliser et mesurer l&rsquo;efficacit\u00e9 de la publicit\u00e9 ou encore \u00e0 r\u00e9aliser du ciblage publicitaire.&nbsp;<\/p>\n\n\n\n<p class=\"has-small-font-size\">Nous pouvons utiliser des Cookies publicitaires, de personnalisation de contenu, de r\u00e9seaux sociaux ou analytiques. Vous en serez inform\u00e9 lors de votre premi\u00e8re visite sur notre Site. Vous serez alors invit\u00e9 \u00e0 les accepter ou \u00e0 les refuser conform\u00e9ment aux modalit\u00e9s d\u00e9crites ci-apr\u00e8s.<\/p>\n\n\n\n<ul class=\"has-small-font-size\"><li><strong>&nbsp;Cookies analytiques<\/strong><\/li><\/ul>\n\n\n\n<p class=\"has-small-font-size\">Ces Cookies nous permettent de mesurer le nombre de visites, le nombre de pages vues et l\u2019activit\u00e9 des utilisateurs. Ils peuvent le cas \u00e9ch\u00e9ant collecter votre adresse IP pour d\u00e9terminer la ville depuis laquelle vous vous connectez. Les Cookies analytiques nous permettent de g\u00e9n\u00e9rer des statistiques de fr\u00e9quentation et de navigation de notre site afin d\u2019am\u00e9liorer nos performances. Les Cookies utilis\u00e9s permettent \u00e9galement d\u2019identifier les probl\u00e8mes de navigation et \u00e0 terme, de les r\u00e9gler.<\/p>\n\n\n\n<p class=\"has-small-font-size\">Nous pouvons utiliser des Cookies publicitaires, de personnalisation de contenu, de r\u00e9seaux sociaux ou analytiques. Vous en serez inform\u00e9 lors de votre premi\u00e8re visite sur le Site utilisant ces Cookies. Vous serez alors invit\u00e9 \u00e0 les accepter ou \u00e0 les refuser conform\u00e9ment aux modalit\u00e9s d\u00e9crites ci-apr\u00e8s.&nbsp;<\/p>\n\n\n\n<ul class=\"has-small-font-size\"><li><strong>Cookies d&rsquo;exp\u00e9rience personnalis\u00e9e<\/strong><\/li><\/ul>\n\n\n\n<p class=\"has-small-font-size\">Ces cookies nous permettent d&rsquo;optimiser votre exp\u00e9rience en adaptant ponctuellement la pr\u00e9sentation de notre site, ou en vous proposant les derni\u00e8res fonctionnalit\u00e9s.<\/p>\n\n\n<h2 class=\"has-small-font-size wp-block-heading\" id=\"3-vos-preferences-en-matiere-de-cookies\">3. Vos pr\u00e9f\u00e9rences en mati\u00e8re de Cookies<\/h2>\n\n\n<ul class=\"has-small-font-size\"><li><strong>Cookies pouvant \u00eatre d\u00e9pos\u00e9s sans consentement<\/strong><\/li><\/ul>\n\n\n\n<p class=\"has-small-font-size\">Certains Cookies ne n\u00e9cessitent pas votre consentement, c\u2019est le cas des&nbsp;:&nbsp;<\/p>\n\n\n\n<ul class=\"has-small-font-size\"><li>Cookies techniques et fonctionnels qui sont n\u00e9cessaires au fonctionnement du Site ;<\/li><li>De certains Cookies de mesure d\u2019audience ou des Cookies qui permettent de tester des versions diff\u00e9rentes du Site \u00e0 des fins d\u2019optimisation des choix \u00e9ditoriaux.<\/li><\/ul>\n\n\n\n<ul class=\"has-small-font-size\"><li><strong>L\u2019acceptation ou le refus des Cookies soumis \u00e0 votre consentement express<\/strong><\/li><\/ul>\n\n\n\n<p class=\"has-small-font-size\">Tous les autres Cookies n\u00e9cessitent votre consentement. Il s\u2019agit des Cookies publicitaires et de certains Cookies d\u2019analyse d\u2019audience. Vous pouvez choisir librement d\u2019accepter ou de refuser l\u2019utilisation de ces Cookies.&nbsp;<\/p>\n\n\n\n<p class=\"has-small-font-size\">Vous pouvez accepter ou refuser ces Cookies lors de votre premi\u00e8re navigation sur le Site.<\/p>\n\n\n\n<p class=\"has-small-font-size\">Vos choix d\u2019accepter ou de refuser les cookies seront conserv\u00e9s pendant une dur\u00e9e de Trois cent quatre-vingt-dix (390) jours.<\/p>\n\n\n\n<ul class=\"has-small-font-size\"><li><strong>Le param\u00e9trage de votre navigateur<\/strong><\/li><\/ul>\n\n\n\n<p class=\"has-small-font-size\">Il est \u00e9galement possible de param\u00e9trer votre navigateur afin qu\u2019il accepte ou refuse certains Cookies.&nbsp;<\/p>\n\n\n\n<p class=\"has-small-font-size\">Chaque navigateur propose des modalit\u00e9s de configuration diff\u00e9rentes.<\/p>\n\n\n<h2 class=\"has-small-font-size wp-block-heading\" id=\"4-liste-des-cookies\">4. Liste des cookies<\/h2>\n\n\n<p class=\"has-small-font-size\">A noter que les noms sont susceptibles d\u2019\u00e9voluer dans le temps.<\/p>\n\n\n\n<figure class=\"wp-block-image size-full\"><img loading=\"lazy\" decoding=\"async\" width=\"908\" height=\"716\" src=\"https:\/\/getfluence.com\/wp-content\/uploads\/2022\/08\/Sans-titre-2.png\" alt=\"\" class=\"wp-image-3083\" srcset=\"https:\/\/getfluence.com\/wp-content\/uploads\/2022\/08\/Sans-titre-2.png 908w, https:\/\/getfluence.com\/wp-content\/uploads\/2022\/08\/Sans-titre-2-560x442.png 560w, https:\/\/getfluence.com\/wp-content\/uploads\/2022\/08\/Sans-titre-2-768x606.png 768w\" sizes=\"(max-width: 908px) 100vw, 908px\" \/><\/figure>\n","protected":false},"excerpt":{"rendered":"<p>1. Qu&rsquo;est-ce qu&rsquo;un Cookie ? Lors de votre navigation sur le site www.getfluence.com (ci-apr\u00e8s le \u00ab Site&nbsp;\u00bb), des cookies, pixels et autres traceurs (ci-apr\u00e8s d\u00e9sign\u00e9s&#8230;<\/p>\n","protected":false},"author":1,"featured_media":0,"parent":0,"menu_order":0,"comment_status":"closed","ping_status":"closed","template":"","meta":{"_acf_changed":false,"content-type":"","_sitemap_exclude":false,"_sitemap_priority":"","_sitemap_frequency":"","footnotes":""},"acf":[],"yoast_head":"<!-- This site is optimized with the Yoast SEO plugin v23.4 - https:\/\/yoast.com\/wordpress\/plugins\/seo\/ -->\n<title>Politique des cookies - Getfluence<\/title>\n<meta name=\"robots\" content=\"index, follow, max-snippet:-1, max-image-preview:large, max-video-preview:-1\" \/>\n<link rel=\"canonical\" href=\"https:\/\/getfluence.com\/fr\/politique-des-cookies\/\" \/>\n<meta property=\"og:locale\" content=\"fr_FR\" \/>\n<meta property=\"og:type\" content=\"article\" \/>\n<meta property=\"og:title\" content=\"Politique des cookies - Getfluence\" \/>\n<meta property=\"og:description\" content=\"1. Qu&rsquo;est-ce qu&rsquo;un Cookie ? Lors de votre navigation sur le site www.getfluence.com (ci-apr\u00e8s le \u00ab Site&nbsp;\u00bb), des cookies, pixels et autres traceurs (ci-apr\u00e8s d\u00e9sign\u00e9s...\" \/>\n<meta property=\"og:url\" content=\"https:\/\/getfluence.com\/fr\/politique-des-cookies\/\" \/>\n<meta property=\"og:site_name\" content=\"Getfluence\" \/>\n<meta property=\"article:publisher\" content=\"https:\/\/www.facebook.com\/bygetfluence\" \/>\n<meta property=\"article:modified_time\" content=\"2024-09-27T06:40:19+00:00\" \/>\n<meta property=\"og:image\" content=\"https:\/\/getfluence.com\/wp-content\/uploads\/2022\/08\/Sans-titre-2.png\" \/>\n<meta name=\"twitter:card\" content=\"summary_large_image\" \/>\n<meta name=\"twitter:site\" content=\"@byGetfluence\" \/>\n<meta name=\"twitter:label1\" content=\"Dur\u00e9e de lecture estim\u00e9e\" \/>\n\t<meta name=\"twitter:data1\" content=\"4 minutes\" \/>\n<script type=\"application\/ld+json\" class=\"yoast-schema-graph\">{\"@context\":\"https:\/\/schema.org\",\"@graph\":[{\"@type\":\"WebPage\",\"@id\":\"https:\/\/getfluence.com\/fr\/politique-des-cookies\/\",\"url\":\"https:\/\/getfluence.com\/fr\/politique-des-cookies\/\",\"name\":\"Politique des cookies - Getfluence\",\"isPartOf\":{\"@id\":\"https:\/\/getfluence.com\/#website\"},\"primaryImageOfPage\":{\"@id\":\"https:\/\/getfluence.com\/fr\/politique-des-cookies\/#primaryimage\"},\"image\":{\"@id\":\"https:\/\/getfluence.com\/fr\/politique-des-cookies\/#primaryimage\"},\"thumbnailUrl\":\"https:\/\/getfluence.com\/wp-content\/uploads\/2022\/08\/Sans-titre-2.png\",\"datePublished\":\"2022-08-04T09:56:29+00:00\",\"dateModified\":\"2024-09-27T06:40:19+00:00\",\"breadcrumb\":{\"@id\":\"https:\/\/getfluence.com\/fr\/politique-des-cookies\/#breadcrumb\"},\"inLanguage\":\"fr-FR\",\"potentialAction\":[{\"@type\":\"ReadAction\",\"target\":[\"https:\/\/getfluence.com\/fr\/politique-des-cookies\/\"]}]},{\"@type\":\"ImageObject\",\"inLanguage\":\"fr-FR\",\"@id\":\"https:\/\/getfluence.com\/fr\/politique-des-cookies\/#primaryimage\",\"url\":\"https:\/\/getfluence.com\/wp-content\/uploads\/2022\/08\/Sans-titre-2.png\",\"contentUrl\":\"https:\/\/getfluence.com\/wp-content\/uploads\/2022\/08\/Sans-titre-2.png\"},{\"@type\":\"BreadcrumbList\",\"@id\":\"https:\/\/getfluence.com\/fr\/politique-des-cookies\/#breadcrumb\",\"itemListElement\":[{\"@type\":\"ListItem\",\"position\":1,\"name\":\"Accueil\",\"item\":\"https:\/\/getfluence.com\/fr\/\"},{\"@type\":\"ListItem\",\"position\":2,\"name\":\"Politique des cookies\"}]},{\"@type\":\"WebSite\",\"@id\":\"https:\/\/getfluence.com\/#website\",\"url\":\"https:\/\/getfluence.com\/\",\"name\":\"Getfluence\",\"description\":\"La place de march\u00e9 qui met en relation les marques et agences avec le plus grand inventaire de m\u00e9dias influents au monde (+25 000 dans tous les domaines)\",\"publisher\":{\"@id\":\"https:\/\/getfluence.com\/#organization\"},\"potentialAction\":[{\"@type\":\"SearchAction\",\"target\":{\"@type\":\"EntryPoint\",\"urlTemplate\":\"https:\/\/getfluence.com\/?s={search_term_string}\"},\"query-input\":{\"@type\":\"PropertyValueSpecification\",\"valueRequired\":true,\"valueName\":\"search_term_string\"}}],\"inLanguage\":\"fr-FR\"},{\"@type\":\"Organization\",\"@id\":\"https:\/\/getfluence.com\/#organization\",\"name\":\"Getfluence\",\"url\":\"https:\/\/getfluence.com\/\",\"logo\":{\"@type\":\"ImageObject\",\"inLanguage\":\"fr-FR\",\"@id\":\"https:\/\/getfluence.com\/#\/schema\/logo\/image\/\",\"url\":\"https:\/\/getfluence.com\/wp-content\/uploads\/2023\/05\/kitmedia-logo_couleurs.png\",\"contentUrl\":\"https:\/\/getfluence.com\/wp-content\/uploads\/2023\/05\/kitmedia-logo_couleurs.png\",\"width\":294,\"height\":295,\"caption\":\"Getfluence\"},\"image\":{\"@id\":\"https:\/\/getfluence.com\/#\/schema\/logo\/image\/\"},\"sameAs\":[\"https:\/\/www.facebook.com\/bygetfluence\",\"https:\/\/x.com\/byGetfluence\",\"https:\/\/www.instagram.com\/bygetfluence\/\",\"https:\/\/www.linkedin.com\/company\/getfluence\"]}]}<\/script>\n<!-- \/ Yoast SEO plugin. -->","yoast_head_json":{"title":"Politique des cookies - Getfluence","robots":{"index":"index","follow":"follow","max-snippet":"max-snippet:-1","max-image-preview":"max-image-preview:large","max-video-preview":"max-video-preview:-1"},"canonical":"https:\/\/getfluence.com\/fr\/politique-des-cookies\/","og_locale":"fr_FR","og_type":"article","og_title":"Politique des cookies - Getfluence","og_description":"1. Qu&rsquo;est-ce qu&rsquo;un Cookie ? Lors de votre navigation sur le site www.getfluence.com (ci-apr\u00e8s le \u00ab Site&nbsp;\u00bb), des cookies, pixels et autres traceurs (ci-apr\u00e8s d\u00e9sign\u00e9s...","og_url":"https:\/\/getfluence.com\/fr\/politique-des-cookies\/","og_site_name":"Getfluence","article_publisher":"https:\/\/www.facebook.com\/bygetfluence","article_modified_time":"2024-09-27T06:40:19+00:00","og_image":[{"url":"https:\/\/getfluence.com\/wp-content\/uploads\/2022\/08\/Sans-titre-2.png"}],"twitter_card":"summary_large_image","twitter_site":"@byGetfluence","twitter_misc":{"Dur\u00e9e de lecture estim\u00e9e":"4 minutes"},"schema":{"@context":"https:\/\/schema.org","@graph":[{"@type":"WebPage","@id":"https:\/\/getfluence.com\/fr\/politique-des-cookies\/","url":"https:\/\/getfluence.com\/fr\/politique-des-cookies\/","name":"Politique des cookies - Getfluence","isPartOf":{"@id":"https:\/\/getfluence.com\/#website"},"primaryImageOfPage":{"@id":"https:\/\/getfluence.com\/fr\/politique-des-cookies\/#primaryimage"},"image":{"@id":"https:\/\/getfluence.com\/fr\/politique-des-cookies\/#primaryimage"},"thumbnailUrl":"https:\/\/getfluence.com\/wp-content\/uploads\/2022\/08\/Sans-titre-2.png","datePublished":"2022-08-04T09:56:29+00:00","dateModified":"2024-09-27T06:40:19+00:00","breadcrumb":{"@id":"https:\/\/getfluence.com\/fr\/politique-des-cookies\/#breadcrumb"},"inLanguage":"fr-FR","potentialAction":[{"@type":"ReadAction","target":["https:\/\/getfluence.com\/fr\/politique-des-cookies\/"]}]},{"@type":"ImageObject","inLanguage":"fr-FR","@id":"https:\/\/getfluence.com\/fr\/politique-des-cookies\/#primaryimage","url":"https:\/\/getfluence.com\/wp-content\/uploads\/2022\/08\/Sans-titre-2.png","contentUrl":"https:\/\/getfluence.com\/wp-content\/uploads\/2022\/08\/Sans-titre-2.png"},{"@type":"BreadcrumbList","@id":"https:\/\/getfluence.com\/fr\/politique-des-cookies\/#breadcrumb","itemListElement":[{"@type":"ListItem","position":1,"name":"Accueil","item":"https:\/\/getfluence.com\/fr\/"},{"@type":"ListItem","position":2,"name":"Politique des cookies"}]},{"@type":"WebSite","@id":"https:\/\/getfluence.com\/#website","url":"https:\/\/getfluence.com\/","name":"Getfluence","description":"La place de march\u00e9 qui met en relation les marques et agences avec le plus grand inventaire de m\u00e9dias influents au monde (+25 000 dans tous les domaines)","publisher":{"@id":"https:\/\/getfluence.com\/#organization"},"potentialAction":[{"@type":"SearchAction","target":{"@type":"EntryPoint","urlTemplate":"https:\/\/getfluence.com\/?s={search_term_string}"},"query-input":{"@type":"PropertyValueSpecification","valueRequired":true,"valueName":"search_term_string"}}],"inLanguage":"fr-FR"},{"@type":"Organization","@id":"https:\/\/getfluence.com\/#organization","name":"Getfluence","url":"https:\/\/getfluence.com\/","logo":{"@type":"ImageObject","inLanguage":"fr-FR","@id":"https:\/\/getfluence.com\/#\/schema\/logo\/image\/","url":"https:\/\/getfluence.com\/wp-content\/uploads\/2023\/05\/kitmedia-logo_couleurs.png","contentUrl":"https:\/\/getfluence.com\/wp-content\/uploads\/2023\/05\/kitmedia-logo_couleurs.png","width":294,"height":295,"caption":"Getfluence"},"image":{"@id":"https:\/\/getfluence.com\/#\/schema\/logo\/image\/"},"sameAs":["https:\/\/www.facebook.com\/bygetfluence","https:\/\/x.com\/byGetfluence","https:\/\/www.instagram.com\/bygetfluence\/","https:\/\/www.linkedin.com\/company\/getfluence"]}]}},"amp_enabled":true,"_links":{"self":[{"href":"https:\/\/getfluence.com\/fr\/wp-json\/wp\/v2\/pages\/2993"}],"collection":[{"href":"https:\/\/getfluence.com\/fr\/wp-json\/wp\/v2\/pages"}],"about":[{"href":"https:\/\/getfluence.com\/fr\/wp-json\/wp\/v2\/types\/page"}],"author":[{"embeddable":true,"href":"https:\/\/getfluence.com\/fr\/wp-json\/wp\/v2\/users\/1"}],"replies":[{"embeddable":true,"href":"https:\/\/getfluence.com\/fr\/wp-json\/wp\/v2\/comments?post=2993"}],"version-history":[{"count":1,"href":"https:\/\/getfluence.com\/fr\/wp-json\/wp\/v2\/pages\/2993\/revisions"}],"predecessor-version":[{"id":751835,"href":"https:\/\/getfluence.com\/fr\/wp-json\/wp\/v2\/pages\/2993\/revisions\/751835"}],"wp:attachment":[{"href":"https:\/\/getfluence.com\/fr\/wp-json\/wp\/v2\/media?parent=2993"}],"curies":[{"name":"wp","href":"https:\/\/api.w.org\/{rel}","templated":true}]}}