{"id":65366,"date":"2023-09-07T18:21:54","date_gmt":"2023-09-07T16:21:54","guid":{"rendered":"https:\/\/getfluence.com\/code-of-ethics\/"},"modified":"2023-09-12T09:14:52","modified_gmt":"2023-09-12T07:14:52","slug":"codigo-etico","status":"publish","type":"page","link":"https:\/\/getfluence.com\/es\/codigo-etico\/","title":{"rendered":"C\u00f3digo \u00c9tico"},"content":{"rendered":"<h2 class=\"wp-block-heading\" id=\"nuestro-objetivo\">Nuestro objetivo<\/h2>\n\n\n<p>Conocemos muy bien los medios de comunicaci\u00f3n y comprendemos la importancia de su relaci\u00f3n con su audiencia.<br>Como socios de los editores, queremos ofrecerles un entorno de trabajo seguro para que se sientan c\u00f3modos cuando colaboran con nosotros.<\/p>\n\n\n<h2 class=\"wp-block-heading\" id=\"nuestro-compromiso\">Nuestro compromiso<\/h2>\n\n\n<p>En Getfluence somos conscientes de la importancia de fomentar un entorno sano, seguro y \u00e9tico tanto para los anunciantes como para los soportes.<\/p>\n\n\n\n<p>Nuestro compromiso para garantizar que todos los tipos de medios a\u00f1adidos a nuestra plataforma cumplan nuestras estrictas normas es inquebrantable, y exigimos que las campa\u00f1as generadas en nuestra plataforma respeten nuestras directrices. En 2023, estamos tomando medidas para:<\/p>\n\n\n\n<ol>\n<li>Establecer unas directrices \u00e9ticas exhaustivas para compartirlas con nuestros socios.<\/li>\n\n\n\n<li>Reforzar nuestro proceso de selecci\u00f3n y moderaci\u00f3n de medios.<\/li>\n\n\n\n<li>Racionalizar nuestro proceso de supervisi\u00f3n de campa\u00f1as para garantizar el cumplimiento de nuestras pol\u00edticas.<\/li>\n\n\n\n<li>Supervisar continuamente nuestro mercado y tomar medidas r\u00e1pidas cuando sea necesario.<\/li>\n<\/ol>\n\n\n<h2 class=\"wp-block-heading\" id=\"directrices-estandar\">Directrices est\u00e1ndar<\/h2>\n\n\n<p>Como equipo, nuestro principal objetivo es mantener un alto nivel de \u00e9tica y fiabilidad en nuestro mercado. Para lograrlo, hemos establecido criterios claros para supervisar y moderar todos los tipos de medios de comunicaci\u00f3n de nuestra cartera, ya sea un sitio web, un blog o cualquier otra forma de medio de comunicaci\u00f3n.<\/p>\n\n\n\n<ol>\n<li>Rechazar la promoci\u00f3n del odio, la discriminaci\u00f3n o los contenidos para adultos.<\/li>\n\n\n\n<li>Evaluar todos los canales a\u00f1adidos a nuestro mercado.<\/li>\n\n\n\n<li>Moderar minuciosamente los nuevos medios para garantizar el cumplimiento de las normas \u00e9ticas.<\/li>\n\n\n\n<li>Llevar a cabo un proceso de supervisi\u00f3n y moderaci\u00f3n para detectar activamente campa\u00f1as problem\u00e1ticas.<\/li>\n\n\n\n<li>Tomaremos las medidas oportunas para resolver los problemas detectados.<\/li>\n\n\n\n<li>Nos comprometemos a crear un entorno seguro en el que puedan trabajar anunciantes y editores.<\/li>\n<\/ol>\n\n\n<h2 class=\"wp-block-heading\" id=\"evolucion-para-elevar-nuestros-estandares\">Evoluci\u00f3n para elevar nuestros est\u00e1ndares<\/h2>\n\n\n<p>Tambi\u00e9n pretendemos mejorar siempre nuestras normas actuales adapt\u00e1ndolas al entorno y la normativa del mercado.<br>Puede consultar todas las actualizaciones recientes de la evoluci\u00f3n de nuestras directrices en nuestro C\u00f3digo \u00c9tico aqu\u00ed.<\/p>\n\n\n\n<p><strong><a href=\"https:\/\/getfluence.com\/wp-content\/uploads\/2023\/03\/Code-of-ethics-Getfluence.pdf\" target=\"_blank\" rel=\"noreferrer noopener\">Descargue aqu\u00ed nuestro C\u00f3digo \u00c9tico completo (PDF en ingl\u00e9s).<\/a> <\/strong><\/p>\n","protected":false},"excerpt":{"rendered":"<p>Nuestro objetivo Conocemos muy bien los medios de comunicaci\u00f3n y comprendemos la importancia de su relaci\u00f3n con su audiencia.Como socios de los editores, queremos ofrecerles&#8230;<\/p>\n","protected":false},"author":1,"featured_media":0,"parent":0,"menu_order":0,"comment_status":"closed","ping_status":"closed","template":"","meta":{"_acf_changed":false,"content-type":"","_sitemap_exclude":false,"_sitemap_priority":"","_sitemap_frequency":"","footnotes":""},"acf":[],"yoast_head":"<!-- This site is optimized with the Yoast SEO plugin v23.4 - https:\/\/yoast.com\/wordpress\/plugins\/seo\/ -->\n<title>C\u00f3digo \u00c9tico - Getfluence<\/title>\n<meta name=\"robots\" content=\"index, follow, max-snippet:-1, max-image-preview:large, max-video-preview:-1\" \/>\n<link rel=\"canonical\" href=\"https:\/\/getfluence.com\/es\/codigo-etico\/\" \/>\n<meta property=\"og:locale\" content=\"es_ES\" \/>\n<meta property=\"og:type\" content=\"article\" \/>\n<meta property=\"og:title\" content=\"C\u00f3digo \u00c9tico - Getfluence\" \/>\n<meta property=\"og:description\" content=\"Nuestro objetivo Conocemos muy bien los medios de comunicaci\u00f3n y comprendemos la importancia de su relaci\u00f3n con su audiencia.Como socios de los editores, queremos ofrecerles...\" \/>\n<meta property=\"og:url\" content=\"https:\/\/getfluence.com\/es\/codigo-etico\/\" \/>\n<meta property=\"og:site_name\" content=\"Getfluence\" \/>\n<meta property=\"article:publisher\" content=\"https:\/\/www.facebook.com\/bygetfluence\" \/>\n<meta property=\"article:modified_time\" content=\"2023-09-12T07:14:52+00:00\" \/>\n<meta property=\"og:image\" content=\"https:\/\/getfluence.com\/wp-content\/uploads\/2023\/06\/1647534406258.jpeg?wsr\" \/>\n\t<meta property=\"og:image:width\" content=\"1200\" \/>\n\t<meta property=\"og:image:height\" content=\"675\" \/>\n\t<meta property=\"og:image:type\" content=\"image\/jpeg\" \/>\n<meta name=\"twitter:card\" content=\"summary_large_image\" \/>\n<meta name=\"twitter:site\" content=\"@byGetfluence\" \/>\n<meta name=\"twitter:label1\" content=\"Tiempo de lectura\" \/>\n\t<meta name=\"twitter:data1\" content=\"2 minutos\" \/>\n<script type=\"application\/ld+json\" class=\"yoast-schema-graph\">{\"@context\":\"https:\/\/schema.org\",\"@graph\":[{\"@type\":\"WebPage\",\"@id\":\"https:\/\/getfluence.com\/es\/codigo-etico\/\",\"url\":\"https:\/\/getfluence.com\/es\/codigo-etico\/\",\"name\":\"C\u00f3digo \u00c9tico - Getfluence\",\"isPartOf\":{\"@id\":\"https:\/\/getfluence.com\/#website\"},\"datePublished\":\"2023-09-07T16:21:54+00:00\",\"dateModified\":\"2023-09-12T07:14:52+00:00\",\"breadcrumb\":{\"@id\":\"https:\/\/getfluence.com\/es\/codigo-etico\/#breadcrumb\"},\"inLanguage\":\"es\",\"potentialAction\":[{\"@type\":\"ReadAction\",\"target\":[\"https:\/\/getfluence.com\/es\/codigo-etico\/\"]}]},{\"@type\":\"BreadcrumbList\",\"@id\":\"https:\/\/getfluence.com\/es\/codigo-etico\/#breadcrumb\",\"itemListElement\":[{\"@type\":\"ListItem\",\"position\":1,\"name\":\"Accueil\",\"item\":\"https:\/\/getfluence.com\/es\/\"},{\"@type\":\"ListItem\",\"position\":2,\"name\":\"C\u00f3digo \u00c9tico\"}]},{\"@type\":\"WebSite\",\"@id\":\"https:\/\/getfluence.com\/#website\",\"url\":\"https:\/\/getfluence.com\/\",\"name\":\"Getfluence\",\"description\":\"La place de march\u00e9 qui met en relation les marques et agences avec le plus grand inventaire de m\u00e9dias influents au monde (+25 000 dans tous les domaines)\",\"publisher\":{\"@id\":\"https:\/\/getfluence.com\/#organization\"},\"potentialAction\":[{\"@type\":\"SearchAction\",\"target\":{\"@type\":\"EntryPoint\",\"urlTemplate\":\"https:\/\/getfluence.com\/?s={search_term_string}\"},\"query-input\":{\"@type\":\"PropertyValueSpecification\",\"valueRequired\":true,\"valueName\":\"search_term_string\"}}],\"inLanguage\":\"es\"},{\"@type\":\"Organization\",\"@id\":\"https:\/\/getfluence.com\/#organization\",\"name\":\"Getfluence\",\"url\":\"https:\/\/getfluence.com\/\",\"logo\":{\"@type\":\"ImageObject\",\"inLanguage\":\"es\",\"@id\":\"https:\/\/getfluence.com\/#\/schema\/logo\/image\/\",\"url\":\"https:\/\/getfluence.com\/wp-content\/uploads\/2023\/05\/kitmedia-logo_couleurs.png\",\"contentUrl\":\"https:\/\/getfluence.com\/wp-content\/uploads\/2023\/05\/kitmedia-logo_couleurs.png\",\"width\":294,\"height\":295,\"caption\":\"Getfluence\"},\"image\":{\"@id\":\"https:\/\/getfluence.com\/#\/schema\/logo\/image\/\"},\"sameAs\":[\"https:\/\/www.facebook.com\/bygetfluence\",\"https:\/\/x.com\/byGetfluence\",\"https:\/\/www.instagram.com\/bygetfluence\/\",\"https:\/\/www.linkedin.com\/company\/getfluence\"]}]}<\/script>\n<!-- \/ Yoast SEO plugin. -->","yoast_head_json":{"title":"C\u00f3digo \u00c9tico - Getfluence","robots":{"index":"index","follow":"follow","max-snippet":"max-snippet:-1","max-image-preview":"max-image-preview:large","max-video-preview":"max-video-preview:-1"},"canonical":"https:\/\/getfluence.com\/es\/codigo-etico\/","og_locale":"es_ES","og_type":"article","og_title":"C\u00f3digo \u00c9tico - Getfluence","og_description":"Nuestro objetivo Conocemos muy bien los medios de comunicaci\u00f3n y comprendemos la importancia de su relaci\u00f3n con su audiencia.Como socios de los editores, queremos ofrecerles...","og_url":"https:\/\/getfluence.com\/es\/codigo-etico\/","og_site_name":"Getfluence","article_publisher":"https:\/\/www.facebook.com\/bygetfluence","article_modified_time":"2023-09-12T07:14:52+00:00","og_image":[{"width":1200,"height":675,"url":"https:\/\/getfluence.com\/wp-content\/uploads\/2023\/06\/1647534406258.jpeg?wsr","type":"image\/jpeg"}],"twitter_card":"summary_large_image","twitter_site":"@byGetfluence","twitter_misc":{"Tiempo de lectura":"2 minutos"},"schema":{"@context":"https:\/\/schema.org","@graph":[{"@type":"WebPage","@id":"https:\/\/getfluence.com\/es\/codigo-etico\/","url":"https:\/\/getfluence.com\/es\/codigo-etico\/","name":"C\u00f3digo \u00c9tico - Getfluence","isPartOf":{"@id":"https:\/\/getfluence.com\/#website"},"datePublished":"2023-09-07T16:21:54+00:00","dateModified":"2023-09-12T07:14:52+00:00","breadcrumb":{"@id":"https:\/\/getfluence.com\/es\/codigo-etico\/#breadcrumb"},"inLanguage":"es","potentialAction":[{"@type":"ReadAction","target":["https:\/\/getfluence.com\/es\/codigo-etico\/"]}]},{"@type":"BreadcrumbList","@id":"https:\/\/getfluence.com\/es\/codigo-etico\/#breadcrumb","itemListElement":[{"@type":"ListItem","position":1,"name":"Accueil","item":"https:\/\/getfluence.com\/es\/"},{"@type":"ListItem","position":2,"name":"C\u00f3digo \u00c9tico"}]},{"@type":"WebSite","@id":"https:\/\/getfluence.com\/#website","url":"https:\/\/getfluence.com\/","name":"Getfluence","description":"La place de march\u00e9 qui met en relation les marques et agences avec le plus grand inventaire de m\u00e9dias influents au monde (+25 000 dans tous les domaines)","publisher":{"@id":"https:\/\/getfluence.com\/#organization"},"potentialAction":[{"@type":"SearchAction","target":{"@type":"EntryPoint","urlTemplate":"https:\/\/getfluence.com\/?s={search_term_string}"},"query-input":{"@type":"PropertyValueSpecification","valueRequired":true,"valueName":"search_term_string"}}],"inLanguage":"es"},{"@type":"Organization","@id":"https:\/\/getfluence.com\/#organization","name":"Getfluence","url":"https:\/\/getfluence.com\/","logo":{"@type":"ImageObject","inLanguage":"es","@id":"https:\/\/getfluence.com\/#\/schema\/logo\/image\/","url":"https:\/\/getfluence.com\/wp-content\/uploads\/2023\/05\/kitmedia-logo_couleurs.png","contentUrl":"https:\/\/getfluence.com\/wp-content\/uploads\/2023\/05\/kitmedia-logo_couleurs.png","width":294,"height":295,"caption":"Getfluence"},"image":{"@id":"https:\/\/getfluence.com\/#\/schema\/logo\/image\/"},"sameAs":["https:\/\/www.facebook.com\/bygetfluence","https:\/\/x.com\/byGetfluence","https:\/\/www.instagram.com\/bygetfluence\/","https:\/\/www.linkedin.com\/company\/getfluence"]}]}},"amp_enabled":true,"_links":{"self":[{"href":"https:\/\/getfluence.com\/es\/wp-json\/wp\/v2\/pages\/65366"}],"collection":[{"href":"https:\/\/getfluence.com\/es\/wp-json\/wp\/v2\/pages"}],"about":[{"href":"https:\/\/getfluence.com\/es\/wp-json\/wp\/v2\/types\/page"}],"author":[{"embeddable":true,"href":"https:\/\/getfluence.com\/es\/wp-json\/wp\/v2\/users\/1"}],"replies":[{"embeddable":true,"href":"https:\/\/getfluence.com\/es\/wp-json\/wp\/v2\/comments?post=65366"}],"version-history":[{"count":1,"href":"https:\/\/getfluence.com\/es\/wp-json\/wp\/v2\/pages\/65366\/revisions"}],"predecessor-version":[{"id":65369,"href":"https:\/\/getfluence.com\/es\/wp-json\/wp\/v2\/pages\/65366\/revisions\/65369"}],"wp:attachment":[{"href":"https:\/\/getfluence.com\/es\/wp-json\/wp\/v2\/media?parent=65366"}],"curies":[{"name":"wp","href":"https:\/\/api.w.org\/{rel}","templated":true}]}}