{"id":3003,"date":"2022-08-04T12:04:44","date_gmt":"2022-08-04T10:04:44","guid":{"rendered":"https:\/\/getfluence.com\/?page_id=3003"},"modified":"2024-09-27T08:29:15","modified_gmt":"2024-09-27T06:29:15","slug":"politica-de-confidencialidad","status":"publish","type":"page","link":"https:\/\/getfluence.com\/es\/politica-de-confidencialidad\/","title":{"rendered":"Pol\u00edtica de Confidencialidad"},"content":{"rendered":"\n<p><strong>Entrada en vigor: <\/strong>01\/01\/2022<\/p>\n\n\n\n<p class=\"has-small-font-size\">Cuando usted utilice el sitio www.getfluence.com (en lo sucesivo el \u00abSitio\u00bb), tenemos que recopilar informaci\u00f3n personal sobre usted.<\/p>\n\n\n\n<p class=\"has-small-font-size\">El objetivo de esta pol\u00edtica es informarle sobre las modalidades seg\u00fan las cuales procesamos esos datos.<\/p>\n\n\n<h2 class=\"has-small-font-size wp-block-heading\" id=\"1-responsable-del-tratamiento\">1. Responsable del tratamiento<\/h2>\n\n\n<p class=\"has-small-font-size\">Getfluence SAS, sociedad por acciones simplificada<\/p>\n\n\n\n<p class=\"has-small-font-size\">Registro Mercantil de Toulouse n.\u00b0&nbsp;842&nbsp;437&nbsp;865&nbsp;<\/p>\n\n\n\n<p class=\"has-small-font-size\">Sede social:&nbsp;13 Rue Sainte Ursule, 31000 Toulouse, France<\/p>\n\n\n\n<p class=\"has-small-font-size\">(en lo sucesivo: \u00abNosotros\u00bb)<\/p>\n\n\n<h2 class=\"has-small-font-size wp-block-heading\" id=\"2-para-que-sirven-los-datos-recopilados\">2. \u00bfPara qu\u00e9 sirven los datos recopilados?<\/h2>\n\n\n<p class=\"has-small-font-size\">Sus datos se procesan para responder a una o varias finalidades. Cada finalidad est\u00e1 asociada a una base legal, que puede consultar en la lista a continuaci\u00f3n.&nbsp;<\/p>\n\n\n\n<p class=\"has-small-font-size\"><strong>La ejecuci\u00f3n del contrato que haya celebrado con nosotros<\/strong><\/p>\n\n\n\n<p class=\"has-small-font-size\">&#8211; Suministrarle nuestros servicios<\/p>\n\n\n\n<p class=\"has-small-font-size\">&#8211; Constituir un archivo de clientes y clientes potenciales<\/p>\n\n\n\n<p class=\"has-small-font-size\">&#8211; Hacer un seguimiento de la relaci\u00f3n con nuestros clientes<\/p>\n\n\n\n<p class=\"has-small-font-size\">&#8211; Gestionar los impagos y los contenciosos eventuales en relaci\u00f3n con nuestros servicios<\/p>\n\n\n\n<p class=\"has-small-font-size\"><strong>Nuestro inter\u00e9s leg\u00edtimo de desarrollar y promover nuestra actividad<\/strong><\/p>\n\n\n\n<p class=\"has-small-font-size\">&#8211; Responder a sus solicitudes de informaci\u00f3n<\/p>\n\n\n\n<p class=\"has-small-font-size\">&#8211; Remitir boletines informativos, invitaciones y mensajes promocionales<\/p>\n\n\n\n<p class=\"has-small-font-size\">&#8211; Realizar estad\u00edsticas<\/p>\n\n\n\n<p class=\"has-small-font-size\">&#8211; Mejorar la calidad de nuestro servicio<\/p>\n\n\n\n<p class=\"has-small-font-size\"><strong>Nuestro inter\u00e9s leg\u00edtimo de responder y hacer un seguimiento de sus solicitudes de ejercer sus derechos<\/strong><\/p>\n\n\n\n<p class=\"has-small-font-size\"><strong>Cumplir las obligaciones legales y reglamentarias a las que podamos estar sujetos<\/strong><\/p>\n\n\n<h2 class=\"has-small-font-size wp-block-heading\" id=\"3-que-datos-personales-recopilamos\">3. \u00bfQu\u00e9 datos personales recopilamos?<\/h2>\n\n\n<p class=\"has-small-font-size\">Un dato personal es un dato que permite identificar a un individuo.<\/p>\n\n\n\n<p class=\"has-small-font-size\">Recopilamos datos que corresponden a las categor\u00edas siguientes:<\/p>\n\n\n\n<p class=\"has-small-font-size\">&#8211; Datos de identificaci\u00f3n (por ejemplo: apellidos, nombre, direcci\u00f3n de correo electr\u00f3nico, n\u00famero de tel\u00e9fono, DNI o pasaporte, en caso necesario)<\/p>\n\n\n\n<p class=\"has-small-font-size\">&#8211; Datos de conexi\u00f3n (por ejemplo: direcci\u00f3n IP, logs)<\/p>\n\n\n\n<p class=\"has-small-font-size\">&#8211; Datos econ\u00f3micos y financieros (por ejemplo: identificaci\u00f3n bancaria, CIF)<\/p>\n\n\n\n<p class=\"has-small-font-size\">&#8211;<strong>&nbsp;<\/strong>Datos procedentes de las grabaciones de las llamadas telef\u00f3nicas entre usted y nuestro servicio de atenci\u00f3n al cliente<strong>&nbsp;<\/strong>(por ejemplo: el contenido de las llamadas, sus fechas)<strong>&nbsp;<\/strong><\/p>\n\n\n\n<p class=\"has-small-font-size\">Cuando usted nos suministra datos, indicamos los datos que son obligatorios. Son necesarios para suministrarle nuestros servicios.<\/p>\n\n\n<h2 class=\"has-small-font-size wp-block-heading\" id=\"4-quienes-son-los-destinatarios-de-los-datos\">4. \u00bfQui\u00e9nes son los destinatarios de los datos?<\/h2>\n\n\n<p class=\"has-small-font-size\">&#8211; El personal de nuestra empresa<\/p>\n\n\n\n<p class=\"has-small-font-size\">&#8211; Nuestros subcontratistas: proveedor de alojamiento, herramienta CRM, proveedor de medici\u00f3n y de an\u00e1lisis de audiencia, proveedor de pago seguro y proveedor de env\u00edo de los boletines informativos, herramienta de telefon\u00eda<\/p>\n\n\n\n<p class=\"has-small-font-size\">&#8211; Dado el caso: los servicios responsables del control (censor de cuentas, especialmente), los organismos p\u00fablicos, exclusivamente para cumplir con nuestras obligaciones legales, los auxiliares de justicia, los agentes judiciales y los organismos responsables de realizar el cobro de deudas.<\/p>\n\n\n<h2 class=\"has-small-font-size wp-block-heading\" id=\"5-cuanto-tiempo-se-conservan-los-datos\">5. \u00bfCu\u00e1nto tiempo se conservan los datos?<\/h2>\n\n\n<figure class=\"wp-block-table has-small-font-size\"><table><tbody><tr><td><strong>Tipo de datos<\/strong><strong><\/strong><\/td><td><strong>Tiempos de conservaci\u00f3n<\/strong><strong><\/strong><\/td><\/tr><tr><td>Datos recopilados para suministrar nuestros servicios, hacer un seguimiento de la relaci\u00f3n con el cliente y hacer prospecci\u00f3n entre nuestros clientes<\/td><td>Mientras dure la relaci\u00f3n comercial y 3&nbsp;a\u00f1os m\u00e1sSi le solicitamos un justificante de identidad, solo lo conservaremos durante el tiempo necesario para la comprobaci\u00f3n de la identidad<\/td><\/tr><tr><td>Datos recopilados con fines de prospecci\u00f3n<\/td><td>3&nbsp;a\u00f1os a partir de la recopilaci\u00f3n de los datos o del \u00faltimo contacto con el cliente potencial<\/td><\/tr><tr><td>Datos necesarios con fines de prueba<\/td><td>Duraci\u00f3n de la prescripci\u00f3n legal (por norma general, durante 5&nbsp;a\u00f1os)<\/td><\/tr><tr><td>Facturas<\/td><td>10&nbsp;a\u00f1os<\/td><\/tr><tr><td>Datos relativos a las tarjetas bancarias<\/td><td><strong><u>No tenemos acceso a&nbsp;<\/u><\/strong>sus datos de tarjeta bancaria que recopila nuestro proveedor de pago. Solo tenemos acceso a las 4&nbsp;\u00faltimas cifras de su tarjeta bancaria para poder mostr\u00e1rselas y que usted pueda seleccionar la tarjeta bancaria que desee.<\/td><\/tr><tr><td>Grabaci\u00f3n de las llamadas telef\u00f3nicas con fines de mejora de nuestros servicios<\/td><td>Grabaci\u00f3n de las llamadas telef\u00f3nicas: 6&nbsp;mesesDocumentos de an\u00e1lisis del contenido de las llamadas telef\u00f3nicas: 1&nbsp;a\u00f1o<strong><u><\/u><\/strong><\/td><\/tr><tr><td>En caso de ejercer sus derechos<\/td><td>&#8211; Si le solicitamos un justificante de identidad, solo lo conservaremos durante el tiempo necesario para la comprobaci\u00f3n de la identidad- Si ejerce su derecho de oposici\u00f3n a recibir prospecci\u00f3n, conservaremos esta informaci\u00f3n durante 3&nbsp;a\u00f1os.De forma general, conservaremos la informaci\u00f3n necesaria para gestionar sus solicitudes de ejercicio de derechos durante 3&nbsp;a\u00f1os.<\/td><\/tr><\/tbody><\/table><\/figure>\n\n\n<h2 class=\"has-small-font-size wp-block-heading\" id=\"6-se-pueden-transferir-sus-datos-fuera-de-la-union-europea\">6. \u00bfSe pueden transferir sus datos fuera de la Uni\u00f3n Europea?<\/h2>\n\n\n<p class=\"has-small-font-size\">Sus datos se almacenar\u00e1n en los servidores de la empresa DYNAMIX NETWORK SARL, que se encuentran en Francia, o en los servidores de la empresa Google, que se encuentran en la Uni\u00f3n Europea.<\/p>\n\n\n\n<p class=\"has-small-font-size\">Estos podr\u00e1n transferirse fuera de la Uni\u00f3n Europea en el marco de las herramientas que utilizamos y de nuestras relaciones con nuestros subcontratistas (v\u00e9ase art\u00edculo \u00ab\u00bfQui\u00e9nes son los destinatarios de los datos?\u00bb).<\/p>\n\n\n\n<p class=\"has-small-font-size\">La seguridad de esta transferencia est\u00e1 garantizada con las herramientas siguientes:<\/p>\n\n\n\n<p class=\"has-small-font-size\">&#8211; O bien estos datos se transfieren a un pa\u00eds que se considere que ofrece un nivel de protecci\u00f3n adecuado por decisi\u00f3n de la Comisi\u00f3n Europea;<\/p>\n\n\n\n<p class=\"has-small-font-size\">&#8211; O bien hemos celebrado con nuestros subcontratistas un contrato espec\u00edfico para las transferencias de datos fuera de la Uni\u00f3n Europea, bas\u00e1ndose en cl\u00e1usulas contractuales tipo entre un responsable de tratamiento y un subcontratista, aprobadas por la Comisi\u00f3n Europea.<\/p>\n\n\n<h2 class=\"has-small-font-size wp-block-heading\" id=\"7-que-derechos-tiene-sobre-sus-datos\">7. \u00bfQu\u00e9 derechos tiene sobre sus datos?<\/h2>\n\n\n<p class=\"has-small-font-size\">Dispone de los derechos siguientes con respecto a sus datos personales:<\/p>\n\n\n\n<p class=\"has-small-font-size\">&#8211;&nbsp;<strong>Derecho a la informaci\u00f3n<\/strong>: Es precisamente el motivo por el cual hemos redactado la presente carta.<\/p>\n\n\n\n<p class=\"has-small-font-size\">&#8211;&nbsp;<strong>Derecho de acceso<\/strong>: Tiene el derecho de acceder, en cualquier momento, a todos sus datos personales y lo puede hacer desde su cuenta.<\/p>\n\n\n\n<p class=\"has-small-font-size\">&#8211;&nbsp;<strong>Derecho de rectificaci\u00f3n<\/strong>: Tiene el derecho de rectificar en cualquier momento sus datos personales inexactos, incompletos u obsoletos y lo puede hacer desde su cuenta o, para cierta informaci\u00f3n, a trav\u00e9s del soporte de atenci\u00f3n al cliente, escribi\u00e9ndonos a la direcci\u00f3n que figura continuaci\u00f3n.<\/p>\n\n\n\n<p class=\"has-small-font-size\">&#8211;&nbsp;<strong>Derecho a la limitaci\u00f3n<\/strong>: Tiene el derecho de obtener la limitaci\u00f3n del tratamiento de sus datos personales en ciertos casos definidos en el art.&nbsp;18 del RGPD.<\/p>\n\n\n\n<p class=\"has-small-font-size\">&#8211;&nbsp;<strong>Derecho al olvido<\/strong>: Tiene el derecho de exigir que sus datos personales se borren y prohibir cualquier recopilaci\u00f3n futura.<\/p>\n\n\n\n<p class=\"has-small-font-size\">&#8211;&nbsp;<strong>Derecho de presentar una reclamaci\u00f3n ante una autoridad de control competente<\/strong>&nbsp;(en Francia, la comisi\u00f3n CNIL), si considera que el tratamiento de sus datos personales constituye un incumplimiento de los textos aplicables.<\/p>\n\n\n\n<p class=\"has-small-font-size\">&#8211;&nbsp;<strong>Derecho de definir directrices<\/strong>&nbsp;relativas a la conservaci\u00f3n, a la eliminaci\u00f3n y a la comunicaci\u00f3n de sus datos personales&nbsp;<strong>despu\u00e9s de su fallecimiento<\/strong>.<\/p>\n\n\n\n<p class=\"has-small-font-size\">&#8211;&nbsp;<strong>Derecho a la portabilidad<\/strong>: Tiene el derecho de recibir los datos personales que nos haya comunicado en un formato est\u00e1ndar legible a trav\u00e9s de una m\u00e1quina y exigir su transferencia al destinatario de su elecci\u00f3n.<\/p>\n\n\n\n<p class=\"has-small-font-size\">&#8211;&nbsp;<strong>Derecho de oposici\u00f3n<\/strong>: Tiene el derecho de oponerse al tratamiento de sus datos personales, especialmente cuando se graben sus llamadas telef\u00f3nicas y se le informe al principio de la llamada. Sin embargo, tenga en cuenta que podremos mantener el tratamiento a pesar de esta oposici\u00f3n por motivos leg\u00edtimos o para defender nuestros derechos ante la justicia.<\/p>\n\n\n\n<p class=\"has-small-font-size\">Podr\u00e1 ejercer estos derechos escribi\u00e9ndonos a la direcci\u00f3n que figura a continuaci\u00f3n. En esa ocasi\u00f3n, podremos pedirle que nos aporte informaci\u00f3n o documentos adicionales para justificar su identidad.<\/p>\n\n\n<h2 class=\"has-small-font-size wp-block-heading\" id=\"8-punto-de-contacto-en-materia-de-datos-personales\">8. Punto de contacto en materia de datos personales<\/h2>\n\n\n<p class=\"has-small-font-size\">Correo electr\u00f3nico de contacto: privacy@getfluence.com<\/p>\n\n\n\n<p class=\"has-small-font-size\">Direcci\u00f3n de contacto: Getfluence SAS,&nbsp;13 Rue Sainte Ursule, 31000 Toulouse, France<\/p>\n\n\n<h2 class=\"has-small-font-size wp-block-heading\" id=\"9-modificaciones\">9. Modificaciones<\/h2>\n\n\n<p class=\"has-small-font-size\">Podemos modificar en cualquier momento la presente carta. Estas modificaciones se aplicar\u00e1n en la fecha de entrada en vigor de la versi\u00f3n modificada. Por lo tanto, le invitamos a consultar con regularidad la \u00faltima versi\u00f3n de esta carta.<\/p>\n","protected":false},"excerpt":{"rendered":"<p>Entrada en vigor: 01\/01\/2022 Cuando usted utilice el sitio www.getfluence.com (en lo sucesivo el \u00abSitio\u00bb), tenemos que recopilar informaci\u00f3n personal sobre usted. El objetivo de&#8230;<\/p>\n","protected":false},"author":1,"featured_media":0,"parent":0,"menu_order":0,"comment_status":"closed","ping_status":"closed","template":"","meta":{"_acf_changed":false,"content-type":"","_sitemap_exclude":false,"_sitemap_priority":"","_sitemap_frequency":"","footnotes":""},"acf":[],"yoast_head":"<!-- This site is optimized with the Yoast SEO plugin v23.4 - https:\/\/yoast.com\/wordpress\/plugins\/seo\/ -->\n<title>Pol\u00edtica de Confidencialidad - Getfluence<\/title>\n<meta name=\"robots\" content=\"index, follow, max-snippet:-1, max-image-preview:large, max-video-preview:-1\" \/>\n<link rel=\"canonical\" href=\"https:\/\/getfluence.com\/es\/politica-de-confidencialidad\" \/>\n<meta property=\"og:locale\" content=\"es_ES\" \/>\n<meta property=\"og:type\" content=\"article\" \/>\n<meta property=\"og:title\" content=\"Pol\u00edtica de Confidencialidad - Getfluence\" \/>\n<meta property=\"og:description\" content=\"Entrada en vigor: 01\/01\/2022 Cuando usted utilice el sitio www.getfluence.com (en lo sucesivo el \u00abSitio\u00bb), tenemos que recopilar informaci\u00f3n personal sobre usted. El objetivo de...\" \/>\n<meta property=\"og:url\" content=\"https:\/\/getfluence.com\/es\/politica-de-confidencialidad\" \/>\n<meta property=\"og:site_name\" content=\"Getfluence\" \/>\n<meta property=\"article:publisher\" content=\"https:\/\/www.facebook.com\/bygetfluence\" \/>\n<meta property=\"article:modified_time\" content=\"2024-09-27T06:29:15+00:00\" \/>\n<meta property=\"og:image\" content=\"https:\/\/getfluence.com\/wp-content\/uploads\/2023\/06\/1647534406258.jpeg?wsr\" \/>\n\t<meta property=\"og:image:width\" content=\"1200\" \/>\n\t<meta property=\"og:image:height\" content=\"675\" \/>\n\t<meta property=\"og:image:type\" content=\"image\/jpeg\" \/>\n<meta name=\"twitter:card\" content=\"summary_large_image\" \/>\n<meta name=\"twitter:site\" content=\"@byGetfluence\" \/>\n<meta name=\"twitter:label1\" content=\"Tiempo de lectura\" \/>\n\t<meta name=\"twitter:data1\" content=\"6 minutos\" \/>\n<script type=\"application\/ld+json\" class=\"yoast-schema-graph\">{\"@context\":\"https:\/\/schema.org\",\"@graph\":[{\"@type\":\"WebPage\",\"@id\":\"https:\/\/getfluence.com\/es\/politica-de-confidencialidad\/\",\"url\":\"https:\/\/getfluence.com\/es\/politica-de-confidencialidad\",\"name\":\"Pol\u00edtica de Confidencialidad - Getfluence\",\"isPartOf\":{\"@id\":\"https:\/\/getfluence.com\/#website\"},\"datePublished\":\"2022-08-04T10:04:44+00:00\",\"dateModified\":\"2024-09-27T06:29:15+00:00\",\"breadcrumb\":{\"@id\":\"https:\/\/getfluence.com\/es\/politica-de-confidencialidad#breadcrumb\"},\"inLanguage\":\"es\",\"potentialAction\":[{\"@type\":\"ReadAction\",\"target\":[\"https:\/\/getfluence.com\/es\/politica-de-confidencialidad\"]}]},{\"@type\":\"BreadcrumbList\",\"@id\":\"https:\/\/getfluence.com\/es\/politica-de-confidencialidad#breadcrumb\",\"itemListElement\":[{\"@type\":\"ListItem\",\"position\":1,\"name\":\"Accueil\",\"item\":\"https:\/\/getfluence.com\/es\/\"},{\"@type\":\"ListItem\",\"position\":2,\"name\":\"Pol\u00edtica de Confidencialidad\"}]},{\"@type\":\"WebSite\",\"@id\":\"https:\/\/getfluence.com\/#website\",\"url\":\"https:\/\/getfluence.com\/\",\"name\":\"Getfluence\",\"description\":\"La place de march\u00e9 qui met en relation les marques et agences avec le plus grand inventaire de m\u00e9dias influents au monde (+25 000 dans tous les domaines)\",\"publisher\":{\"@id\":\"https:\/\/getfluence.com\/#organization\"},\"potentialAction\":[{\"@type\":\"SearchAction\",\"target\":{\"@type\":\"EntryPoint\",\"urlTemplate\":\"https:\/\/getfluence.com\/?s={search_term_string}\"},\"query-input\":{\"@type\":\"PropertyValueSpecification\",\"valueRequired\":true,\"valueName\":\"search_term_string\"}}],\"inLanguage\":\"es\"},{\"@type\":\"Organization\",\"@id\":\"https:\/\/getfluence.com\/#organization\",\"name\":\"Getfluence\",\"url\":\"https:\/\/getfluence.com\/\",\"logo\":{\"@type\":\"ImageObject\",\"inLanguage\":\"es\",\"@id\":\"https:\/\/getfluence.com\/#\/schema\/logo\/image\/\",\"url\":\"https:\/\/getfluence.com\/wp-content\/uploads\/2023\/05\/kitmedia-logo_couleurs.png\",\"contentUrl\":\"https:\/\/getfluence.com\/wp-content\/uploads\/2023\/05\/kitmedia-logo_couleurs.png\",\"width\":294,\"height\":295,\"caption\":\"Getfluence\"},\"image\":{\"@id\":\"https:\/\/getfluence.com\/#\/schema\/logo\/image\/\"},\"sameAs\":[\"https:\/\/www.facebook.com\/bygetfluence\",\"https:\/\/x.com\/byGetfluence\",\"https:\/\/www.instagram.com\/bygetfluence\/\",\"https:\/\/www.linkedin.com\/company\/getfluence\"]}]}<\/script>\n<!-- \/ Yoast SEO plugin. -->","yoast_head_json":{"title":"Pol\u00edtica de Confidencialidad - Getfluence","robots":{"index":"index","follow":"follow","max-snippet":"max-snippet:-1","max-image-preview":"max-image-preview:large","max-video-preview":"max-video-preview:-1"},"canonical":"https:\/\/getfluence.com\/es\/politica-de-confidencialidad","og_locale":"es_ES","og_type":"article","og_title":"Pol\u00edtica de Confidencialidad - Getfluence","og_description":"Entrada en vigor: 01\/01\/2022 Cuando usted utilice el sitio www.getfluence.com (en lo sucesivo el \u00abSitio\u00bb), tenemos que recopilar informaci\u00f3n personal sobre usted. El objetivo de...","og_url":"https:\/\/getfluence.com\/es\/politica-de-confidencialidad","og_site_name":"Getfluence","article_publisher":"https:\/\/www.facebook.com\/bygetfluence","article_modified_time":"2024-09-27T06:29:15+00:00","og_image":[{"width":1200,"height":675,"url":"https:\/\/getfluence.com\/wp-content\/uploads\/2023\/06\/1647534406258.jpeg?wsr","type":"image\/jpeg"}],"twitter_card":"summary_large_image","twitter_site":"@byGetfluence","twitter_misc":{"Tiempo de lectura":"6 minutos"},"schema":{"@context":"https:\/\/schema.org","@graph":[{"@type":"WebPage","@id":"https:\/\/getfluence.com\/es\/politica-de-confidencialidad\/","url":"https:\/\/getfluence.com\/es\/politica-de-confidencialidad","name":"Pol\u00edtica de Confidencialidad - Getfluence","isPartOf":{"@id":"https:\/\/getfluence.com\/#website"},"datePublished":"2022-08-04T10:04:44+00:00","dateModified":"2024-09-27T06:29:15+00:00","breadcrumb":{"@id":"https:\/\/getfluence.com\/es\/politica-de-confidencialidad#breadcrumb"},"inLanguage":"es","potentialAction":[{"@type":"ReadAction","target":["https:\/\/getfluence.com\/es\/politica-de-confidencialidad"]}]},{"@type":"BreadcrumbList","@id":"https:\/\/getfluence.com\/es\/politica-de-confidencialidad#breadcrumb","itemListElement":[{"@type":"ListItem","position":1,"name":"Accueil","item":"https:\/\/getfluence.com\/es\/"},{"@type":"ListItem","position":2,"name":"Pol\u00edtica de Confidencialidad"}]},{"@type":"WebSite","@id":"https:\/\/getfluence.com\/#website","url":"https:\/\/getfluence.com\/","name":"Getfluence","description":"La place de march\u00e9 qui met en relation les marques et agences avec le plus grand inventaire de m\u00e9dias influents au monde (+25 000 dans tous les domaines)","publisher":{"@id":"https:\/\/getfluence.com\/#organization"},"potentialAction":[{"@type":"SearchAction","target":{"@type":"EntryPoint","urlTemplate":"https:\/\/getfluence.com\/?s={search_term_string}"},"query-input":{"@type":"PropertyValueSpecification","valueRequired":true,"valueName":"search_term_string"}}],"inLanguage":"es"},{"@type":"Organization","@id":"https:\/\/getfluence.com\/#organization","name":"Getfluence","url":"https:\/\/getfluence.com\/","logo":{"@type":"ImageObject","inLanguage":"es","@id":"https:\/\/getfluence.com\/#\/schema\/logo\/image\/","url":"https:\/\/getfluence.com\/wp-content\/uploads\/2023\/05\/kitmedia-logo_couleurs.png","contentUrl":"https:\/\/getfluence.com\/wp-content\/uploads\/2023\/05\/kitmedia-logo_couleurs.png","width":294,"height":295,"caption":"Getfluence"},"image":{"@id":"https:\/\/getfluence.com\/#\/schema\/logo\/image\/"},"sameAs":["https:\/\/www.facebook.com\/bygetfluence","https:\/\/x.com\/byGetfluence","https:\/\/www.instagram.com\/bygetfluence\/","https:\/\/www.linkedin.com\/company\/getfluence"]}]}},"amp_enabled":true,"_links":{"self":[{"href":"https:\/\/getfluence.com\/es\/wp-json\/wp\/v2\/pages\/3003"}],"collection":[{"href":"https:\/\/getfluence.com\/es\/wp-json\/wp\/v2\/pages"}],"about":[{"href":"https:\/\/getfluence.com\/es\/wp-json\/wp\/v2\/types\/page"}],"author":[{"embeddable":true,"href":"https:\/\/getfluence.com\/es\/wp-json\/wp\/v2\/users\/1"}],"replies":[{"embeddable":true,"href":"https:\/\/getfluence.com\/es\/wp-json\/wp\/v2\/comments?post=3003"}],"version-history":[{"count":1,"href":"https:\/\/getfluence.com\/es\/wp-json\/wp\/v2\/pages\/3003\/revisions"}],"predecessor-version":[{"id":751827,"href":"https:\/\/getfluence.com\/es\/wp-json\/wp\/v2\/pages\/3003\/revisions\/751827"}],"wp:attachment":[{"href":"https:\/\/getfluence.com\/es\/wp-json\/wp\/v2\/media?parent=3003"}],"curies":[{"name":"wp","href":"https:\/\/api.w.org\/{rel}","templated":true}]}}