{"id":2997,"date":"2022-08-04T11:57:40","date_gmt":"2022-08-04T09:57:40","guid":{"rendered":"https:\/\/getfluence.com\/?page_id=2997"},"modified":"2024-09-27T08:28:53","modified_gmt":"2024-09-27T06:28:53","slug":"politica-de-cookies","status":"publish","type":"page","link":"https:\/\/getfluence.com\/es\/politica-de-cookies\/","title":{"rendered":"Pol\u00edtica de cookies"},"content":{"rendered":"<h2 class=\"has-small-font-size wp-block-heading\" id=\"1-que-es-una-cookie\">1. \u00bfQu\u00e9 es una cookie?<\/h2>\n\n\n<p class=\"has-small-font-size\">Durante su navegaci\u00f3n por el sitio www.getfluence.com (en lo sucesivo, el \u00abSitio\u00bb), se depositar\u00e1n cookies, p\u00edxeles y otros rastreadores (en lo sucesivo y de forma conjunta, las \u00abCookies\u00bb) en su navegador.<\/p>\n\n\n\n<p class=\"has-small-font-size\">Una Cookie es un archivo peque\u00f1o, a menudo encriptado, que se almacena en su navegador o dispositivo y que se identifica con un nombre. Se depositar\u00e1 al consultar el Sitio. Cada vez que vuelva al Sitio, se recuperar\u00e1 la Cookie de su navegador o de su dispositivo. De ese modo, cada vez que consulte el Sitio, se reconocer\u00e1 el navegador.<\/p>\n\n\n\n<p class=\"has-small-font-size\">El dep\u00f3sito de estas Cookies puede permitirnos acceder a sus datos de navegaci\u00f3n o a datos personales sobre usted.<\/p>\n\n\n<h2 class=\"has-small-font-size wp-block-heading\" id=\"2-identificacion-de-las-cookies\">2. Identificaci\u00f3n de las Cookies<\/h2>\n\n\n<ul class=\"has-small-font-size\"><li><strong>Cookies t\u00e9cnicas y funcionales<\/strong><\/li><\/ul>\n\n\n\n<p class=\"has-small-font-size\">Las Cookies t\u00e9cnicas y funcionales son necesarias para el funcionamiento correcto del Sitio y para que le prestemos nuestros servicios. Se utilizan a lo largo de su navegaci\u00f3n para facilitarla y ejecutar ciertas funciones.&nbsp;<\/p>\n\n\n\n<p class=\"has-small-font-size\">Por ejemplo, una Cookie t\u00e9cnica puede utilizarse para memorizar sus respuestas en un formulario o incluso sus preferencias como el idioma o la presentaci\u00f3n del Sitio, cuando esas opciones est\u00e9n disponibles.<\/p>\n\n\n\n<ul class=\"has-small-font-size\"><li><strong>Cookies publicitarias<\/strong><\/li><\/ul>\n\n\n\n<p class=\"has-small-font-size\">Las Cookies publicitarias pueden ser creadas no solo por nuestro Sitio, sino tambi\u00e9n por otros sitios de internet que difundan publicidad, anuncios, widgets u otros elementos en la p\u00e1gina mostrada.&nbsp;<\/p>\n\n\n\n<p class=\"has-small-font-size\">Estas Cookies pueden servir especialmente para personalizar y medir la eficacia de la publicidad o incluso para realizar publicidad espec\u00edfica.&nbsp;<\/p>\n\n\n\n<p class=\"has-small-font-size\">Podemos usar Cookies publicitarias, de personalizaci\u00f3n del contenido, de redes sociales o anal\u00edticas. Le informaremos en su primera visita a nuestro Sitio. Entonces podr\u00e1 aceptarlas o rechazarlas en cumplimiento con las modalidades descritas a continuaci\u00f3n.<\/p>\n\n\n\n<ul class=\"has-small-font-size\"><li><strong>&nbsp;Cookies anal\u00edticas<\/strong><strong><\/strong><\/li><\/ul>\n\n\n\n<p class=\"has-small-font-size\">Estas Cookies nos permiten medir el n\u00famero de visitas, el n\u00famero de p\u00e1ginas vistas y la actividad de los usuarios. Dado el caso, pueden registrar su direcci\u00f3n IP para determinar la ciudad desde la que se est\u00e9 conectando. Las Cookies anal\u00edticas nos permiten generar estad\u00edsticas de visitas y de navegaci\u00f3n de nuestro Sitio para mejorar nuestro rendimiento. Estas Cookies tambi\u00e9n permiten identificar los problemas de navegaci\u00f3n con el objetivo de solucionarlos.<\/p>\n\n\n\n<p class=\"has-small-font-size\">Podemos usar Cookies publicitarias, de personalizaci\u00f3n del contenido, de redes sociales o anal\u00edticas. Le informaremos en su primera visita al Sitio que utilice estas Cookies. Entonces podr\u00e1 aceptarlas o rechazarlas en cumplimiento con las modalidades descritas a continuaci\u00f3n.&nbsp;<\/p>\n\n\n\n<ul class=\"has-small-font-size\"><li><strong>Cookies de experiencia personalizada<\/strong><strong><\/strong><\/li><\/ul>\n\n\n\n<p class=\"has-small-font-size\">Estas Cookies nos permiten optimizar su experiencia, adaptando puntualmente la presentaci\u00f3n de nuestro sitio u ofreci\u00e9ndole las \u00faltimas funciones.<\/p>\n\n\n<h2 class=\"has-small-font-size wp-block-heading\" id=\"3-sus-preferencias-con-respecto-a-las-cookies\">3. Sus preferencias con respecto a las Cookies<\/h2>\n\n\n<ul class=\"has-small-font-size\"><li><strong>Cookies que se pueden depositar sin su consentimiento<\/strong><\/li><\/ul>\n\n\n\n<p class=\"has-small-font-size\">Algunas Cookies no requieren su consentimiento, es el caso de las:&nbsp;<\/p>\n\n\n\n<ul class=\"has-small-font-size\"><li>Cookies t\u00e9cnicas y funcionales que son necesarias para el funcionamiento del Sitio;<\/li><li>Ciertas Cookies de medici\u00f3n de audiencia o Cookies que permitan probar versiones diferentes del Sitio con fines de optimizaci\u00f3n de las opciones editoriales.<\/li><\/ul>\n\n\n\n<ul class=\"has-small-font-size\"><li><strong>La aceptaci\u00f3n o el rechazo de las Cookies est\u00e1n sujetos a su consentimiento expreso<\/strong><\/li><\/ul>\n\n\n\n<p class=\"has-small-font-size\">El resto de Cookies requiere su consentimiento. Se trata de las Cookies publicitarias y de ciertas Cookies de an\u00e1lisis de audiencia. Puede elegir libremente aceptar o rechazar el uso de estas Cookies.&nbsp;<\/p>\n\n\n\n<p class=\"has-small-font-size\">Puede aceptar o rechazar estas Cookies en su primera navegaci\u00f3n por el Sitio.<\/p>\n\n\n\n<p class=\"has-small-font-size\">Su elecci\u00f3n de aceptar o de rechazar las Cookies se conservar\u00e1 durante tres cientos noventa (390) d\u00edas.<\/p>\n\n\n\n<ul class=\"has-small-font-size\"><li><strong>La configuraci\u00f3n de su navegador<\/strong><\/li><\/ul>\n\n\n\n<p class=\"has-small-font-size\">Tambi\u00e9n puede configurar su navegador para que acepte o rechace ciertas Cookies.&nbsp;<\/p>\n\n\n\n<p class=\"has-small-font-size\">Cada navegador propone modalidades de configuraci\u00f3n diferentes.<\/p>\n\n\n<h2 class=\"has-small-font-size wp-block-heading\" id=\"4-lista-de-las-cookies\">4. Lista de las Cookies<\/h2>\n\n\n<p class=\"has-small-font-size\">Tenga en cuenta que los nombres pueden evolucionar con el tiempo.<\/p>\n\n\n\n<figure class=\"wp-block-image size-full\"><img loading=\"lazy\" decoding=\"async\" width=\"890\" height=\"796\" src=\"https:\/\/getfluence.com\/wp-content\/uploads\/2022\/08\/Sans-titre-1.png\" alt=\"\" class=\"wp-image-3063\" srcset=\"https:\/\/getfluence.com\/wp-content\/uploads\/2022\/08\/Sans-titre-1.png 890w, https:\/\/getfluence.com\/wp-content\/uploads\/2022\/08\/Sans-titre-1-560x501.png 560w, https:\/\/getfluence.com\/wp-content\/uploads\/2022\/08\/Sans-titre-1-768x687.png 768w\" sizes=\"(max-width: 890px) 100vw, 890px\" \/><\/figure>\n","protected":false},"excerpt":{"rendered":"<p>1. \u00bfQu\u00e9 es una cookie? Durante su navegaci\u00f3n por el sitio www.getfluence.com (en lo sucesivo, el \u00abSitio\u00bb), se depositar\u00e1n cookies, p\u00edxeles y otros rastreadores (en&#8230;<\/p>\n","protected":false},"author":1,"featured_media":0,"parent":0,"menu_order":0,"comment_status":"closed","ping_status":"closed","template":"","meta":{"_acf_changed":false,"content-type":"","_sitemap_exclude":false,"_sitemap_priority":"","_sitemap_frequency":"","footnotes":""},"acf":[],"yoast_head":"<!-- This site is optimized with the Yoast SEO plugin v23.4 - https:\/\/yoast.com\/wordpress\/plugins\/seo\/ -->\n<title>Pol\u00edtica de cookies - Getfluence<\/title>\n<meta name=\"robots\" content=\"index, follow, max-snippet:-1, max-image-preview:large, max-video-preview:-1\" \/>\n<link rel=\"canonical\" href=\"https:\/\/getfluence.com\/es\/politica-de-cookies\" \/>\n<meta property=\"og:locale\" content=\"es_ES\" \/>\n<meta property=\"og:type\" content=\"article\" \/>\n<meta property=\"og:title\" content=\"Pol\u00edtica de cookies - Getfluence\" \/>\n<meta property=\"og:description\" content=\"1. \u00bfQu\u00e9 es una cookie? Durante su navegaci\u00f3n por el sitio www.getfluence.com (en lo sucesivo, el \u00abSitio\u00bb), se depositar\u00e1n cookies, p\u00edxeles y otros rastreadores (en...\" \/>\n<meta property=\"og:url\" content=\"https:\/\/getfluence.com\/es\/politica-de-cookies\" \/>\n<meta property=\"og:site_name\" content=\"Getfluence\" \/>\n<meta property=\"article:publisher\" content=\"https:\/\/www.facebook.com\/bygetfluence\" \/>\n<meta property=\"article:modified_time\" content=\"2024-09-27T06:28:53+00:00\" \/>\n<meta property=\"og:image\" content=\"https:\/\/getfluence.com\/wp-content\/uploads\/2022\/08\/Sans-titre-1.png\" \/>\n<meta name=\"twitter:card\" content=\"summary_large_image\" \/>\n<meta name=\"twitter:site\" content=\"@byGetfluence\" \/>\n<meta name=\"twitter:label1\" content=\"Tiempo de lectura\" \/>\n\t<meta name=\"twitter:data1\" content=\"3 minutos\" \/>\n<script type=\"application\/ld+json\" class=\"yoast-schema-graph\">{\"@context\":\"https:\/\/schema.org\",\"@graph\":[{\"@type\":\"WebPage\",\"@id\":\"https:\/\/getfluence.com\/es\/politica-de-cookies\/\",\"url\":\"https:\/\/getfluence.com\/es\/politica-de-cookies\",\"name\":\"Pol\u00edtica de cookies - Getfluence\",\"isPartOf\":{\"@id\":\"https:\/\/getfluence.com\/#website\"},\"primaryImageOfPage\":{\"@id\":\"https:\/\/getfluence.com\/es\/politica-de-cookies#primaryimage\"},\"image\":{\"@id\":\"https:\/\/getfluence.com\/es\/politica-de-cookies#primaryimage\"},\"thumbnailUrl\":\"https:\/\/getfluence.com\/wp-content\/uploads\/2022\/08\/Sans-titre-1.png\",\"datePublished\":\"2022-08-04T09:57:40+00:00\",\"dateModified\":\"2024-09-27T06:28:53+00:00\",\"breadcrumb\":{\"@id\":\"https:\/\/getfluence.com\/es\/politica-de-cookies#breadcrumb\"},\"inLanguage\":\"es\",\"potentialAction\":[{\"@type\":\"ReadAction\",\"target\":[\"https:\/\/getfluence.com\/es\/politica-de-cookies\"]}]},{\"@type\":\"ImageObject\",\"inLanguage\":\"es\",\"@id\":\"https:\/\/getfluence.com\/es\/politica-de-cookies#primaryimage\",\"url\":\"https:\/\/getfluence.com\/wp-content\/uploads\/2022\/08\/Sans-titre-1.png\",\"contentUrl\":\"https:\/\/getfluence.com\/wp-content\/uploads\/2022\/08\/Sans-titre-1.png\"},{\"@type\":\"BreadcrumbList\",\"@id\":\"https:\/\/getfluence.com\/es\/politica-de-cookies#breadcrumb\",\"itemListElement\":[{\"@type\":\"ListItem\",\"position\":1,\"name\":\"Accueil\",\"item\":\"https:\/\/getfluence.com\/es\/\"},{\"@type\":\"ListItem\",\"position\":2,\"name\":\"Pol\u00edtica de cookies\"}]},{\"@type\":\"WebSite\",\"@id\":\"https:\/\/getfluence.com\/#website\",\"url\":\"https:\/\/getfluence.com\/\",\"name\":\"Getfluence\",\"description\":\"La place de march\u00e9 qui met en relation les marques et agences avec le plus grand inventaire de m\u00e9dias influents au monde (+25 000 dans tous les domaines)\",\"publisher\":{\"@id\":\"https:\/\/getfluence.com\/#organization\"},\"potentialAction\":[{\"@type\":\"SearchAction\",\"target\":{\"@type\":\"EntryPoint\",\"urlTemplate\":\"https:\/\/getfluence.com\/?s={search_term_string}\"},\"query-input\":{\"@type\":\"PropertyValueSpecification\",\"valueRequired\":true,\"valueName\":\"search_term_string\"}}],\"inLanguage\":\"es\"},{\"@type\":\"Organization\",\"@id\":\"https:\/\/getfluence.com\/#organization\",\"name\":\"Getfluence\",\"url\":\"https:\/\/getfluence.com\/\",\"logo\":{\"@type\":\"ImageObject\",\"inLanguage\":\"es\",\"@id\":\"https:\/\/getfluence.com\/#\/schema\/logo\/image\/\",\"url\":\"https:\/\/getfluence.com\/wp-content\/uploads\/2023\/05\/kitmedia-logo_couleurs.png\",\"contentUrl\":\"https:\/\/getfluence.com\/wp-content\/uploads\/2023\/05\/kitmedia-logo_couleurs.png\",\"width\":294,\"height\":295,\"caption\":\"Getfluence\"},\"image\":{\"@id\":\"https:\/\/getfluence.com\/#\/schema\/logo\/image\/\"},\"sameAs\":[\"https:\/\/www.facebook.com\/bygetfluence\",\"https:\/\/x.com\/byGetfluence\",\"https:\/\/www.instagram.com\/bygetfluence\/\",\"https:\/\/www.linkedin.com\/company\/getfluence\"]}]}<\/script>\n<!-- \/ Yoast SEO plugin. -->","yoast_head_json":{"title":"Pol\u00edtica de cookies - Getfluence","robots":{"index":"index","follow":"follow","max-snippet":"max-snippet:-1","max-image-preview":"max-image-preview:large","max-video-preview":"max-video-preview:-1"},"canonical":"https:\/\/getfluence.com\/es\/politica-de-cookies","og_locale":"es_ES","og_type":"article","og_title":"Pol\u00edtica de cookies - Getfluence","og_description":"1. \u00bfQu\u00e9 es una cookie? Durante su navegaci\u00f3n por el sitio www.getfluence.com (en lo sucesivo, el \u00abSitio\u00bb), se depositar\u00e1n cookies, p\u00edxeles y otros rastreadores (en...","og_url":"https:\/\/getfluence.com\/es\/politica-de-cookies","og_site_name":"Getfluence","article_publisher":"https:\/\/www.facebook.com\/bygetfluence","article_modified_time":"2024-09-27T06:28:53+00:00","og_image":[{"url":"https:\/\/getfluence.com\/wp-content\/uploads\/2022\/08\/Sans-titre-1.png"}],"twitter_card":"summary_large_image","twitter_site":"@byGetfluence","twitter_misc":{"Tiempo de lectura":"3 minutos"},"schema":{"@context":"https:\/\/schema.org","@graph":[{"@type":"WebPage","@id":"https:\/\/getfluence.com\/es\/politica-de-cookies\/","url":"https:\/\/getfluence.com\/es\/politica-de-cookies","name":"Pol\u00edtica de cookies - Getfluence","isPartOf":{"@id":"https:\/\/getfluence.com\/#website"},"primaryImageOfPage":{"@id":"https:\/\/getfluence.com\/es\/politica-de-cookies#primaryimage"},"image":{"@id":"https:\/\/getfluence.com\/es\/politica-de-cookies#primaryimage"},"thumbnailUrl":"https:\/\/getfluence.com\/wp-content\/uploads\/2022\/08\/Sans-titre-1.png","datePublished":"2022-08-04T09:57:40+00:00","dateModified":"2024-09-27T06:28:53+00:00","breadcrumb":{"@id":"https:\/\/getfluence.com\/es\/politica-de-cookies#breadcrumb"},"inLanguage":"es","potentialAction":[{"@type":"ReadAction","target":["https:\/\/getfluence.com\/es\/politica-de-cookies"]}]},{"@type":"ImageObject","inLanguage":"es","@id":"https:\/\/getfluence.com\/es\/politica-de-cookies#primaryimage","url":"https:\/\/getfluence.com\/wp-content\/uploads\/2022\/08\/Sans-titre-1.png","contentUrl":"https:\/\/getfluence.com\/wp-content\/uploads\/2022\/08\/Sans-titre-1.png"},{"@type":"BreadcrumbList","@id":"https:\/\/getfluence.com\/es\/politica-de-cookies#breadcrumb","itemListElement":[{"@type":"ListItem","position":1,"name":"Accueil","item":"https:\/\/getfluence.com\/es\/"},{"@type":"ListItem","position":2,"name":"Pol\u00edtica de cookies"}]},{"@type":"WebSite","@id":"https:\/\/getfluence.com\/#website","url":"https:\/\/getfluence.com\/","name":"Getfluence","description":"La place de march\u00e9 qui met en relation les marques et agences avec le plus grand inventaire de m\u00e9dias influents au monde (+25 000 dans tous les domaines)","publisher":{"@id":"https:\/\/getfluence.com\/#organization"},"potentialAction":[{"@type":"SearchAction","target":{"@type":"EntryPoint","urlTemplate":"https:\/\/getfluence.com\/?s={search_term_string}"},"query-input":{"@type":"PropertyValueSpecification","valueRequired":true,"valueName":"search_term_string"}}],"inLanguage":"es"},{"@type":"Organization","@id":"https:\/\/getfluence.com\/#organization","name":"Getfluence","url":"https:\/\/getfluence.com\/","logo":{"@type":"ImageObject","inLanguage":"es","@id":"https:\/\/getfluence.com\/#\/schema\/logo\/image\/","url":"https:\/\/getfluence.com\/wp-content\/uploads\/2023\/05\/kitmedia-logo_couleurs.png","contentUrl":"https:\/\/getfluence.com\/wp-content\/uploads\/2023\/05\/kitmedia-logo_couleurs.png","width":294,"height":295,"caption":"Getfluence"},"image":{"@id":"https:\/\/getfluence.com\/#\/schema\/logo\/image\/"},"sameAs":["https:\/\/www.facebook.com\/bygetfluence","https:\/\/x.com\/byGetfluence","https:\/\/www.instagram.com\/bygetfluence\/","https:\/\/www.linkedin.com\/company\/getfluence"]}]}},"amp_enabled":true,"_links":{"self":[{"href":"https:\/\/getfluence.com\/es\/wp-json\/wp\/v2\/pages\/2997"}],"collection":[{"href":"https:\/\/getfluence.com\/es\/wp-json\/wp\/v2\/pages"}],"about":[{"href":"https:\/\/getfluence.com\/es\/wp-json\/wp\/v2\/types\/page"}],"author":[{"embeddable":true,"href":"https:\/\/getfluence.com\/es\/wp-json\/wp\/v2\/users\/1"}],"replies":[{"embeddable":true,"href":"https:\/\/getfluence.com\/es\/wp-json\/wp\/v2\/comments?post=2997"}],"version-history":[{"count":1,"href":"https:\/\/getfluence.com\/es\/wp-json\/wp\/v2\/pages\/2997\/revisions"}],"predecessor-version":[{"id":751826,"href":"https:\/\/getfluence.com\/es\/wp-json\/wp\/v2\/pages\/2997\/revisions\/751826"}],"wp:attachment":[{"href":"https:\/\/getfluence.com\/es\/wp-json\/wp\/v2\/media?parent=2997"}],"curies":[{"name":"wp","href":"https:\/\/api.w.org\/{rel}","templated":true}]}}