{"id":1136,"date":"2021-08-26T15:33:05","date_gmt":"2021-08-26T13:33:05","guid":{"rendered":"http:\/\/getfluence.preprod.sourceinteractive.fr\/?page_id=1136"},"modified":"2024-01-11T01:12:30","modified_gmt":"2024-01-11T00:12:30","slug":"aviso-legal","status":"publish","type":"page","link":"https:\/\/getfluence.com\/es\/aviso-legal\/","title":{"rendered":"Aviso legal"},"content":{"rendered":"<h2 class=\"wp-block-heading has-medium-font-size\" id=\"editor\">Editor<\/h2>\n\n\n<p class=\"has-small-font-size\"><strong>GETFLUENCE S.L<\/strong><br>Calle de Serrano, 90, 6a<br>28006 MADRID<br>SPAIN<br>N\u00famero Empresa: B88478607<br>VAT: ES B88478607<br>Telefono: +34 932 71 12 83 <br>Email :&nbsp;hola@getfluence.com<\/p>\n\n\n<h2 class=\"wp-block-heading has-medium-font-size\" id=\"sede-social\">Sede Social<\/h2>\n\n\n<p class=\"has-small-font-size\">GETFLUENCE S.L<br>Calle de Serrano, 90, 6a<br>28006 MADRID<br>SPAIN<\/p>\n\n\n\n<p class=\"has-small-font-size\">Responsable de la publicaci\u00f3n : Christian DESERT<\/p>\n\n\n<h2 class=\"wp-block-heading has-medium-font-size\" id=\"servidor\">Servidor<\/h2>\n\n\n<p class=\"has-small-font-size\">El sitio est\u00e1 alojado por DYNAMIX NETWORK SARL, inscrita en el Registro Mercantil de Marsella con el n\u00famero 801 803 669 y cuya sede social se encuentra en 338 Route de la Sainte Baume, 13390 AURIOL \u2013 FRANCIA.<\/p>\n\n\n<h2 class=\"wp-block-heading has-medium-font-size\" id=\"propriedad\">Propriedad<\/h2>\n\n\n<p class=\"has-small-font-size\">Este sitio sigue la legislaci\u00f3n francesa en el derecho de autor y la propiedad intelectual. El contenido del sitio, incluyendo de manera no limitativa, las im\u00e1genes, los grafismos, textos, videos, logos, y son la propiedad exclusiva de la propiedad GETFLUENCE excepci\u00f3n de las marcas, logos o contenidos que pertenecen a otras sociedades colaboradoras o autores partenaires. La reproducci\u00f3n, la representaci\u00f3n, la transferencia, la distribuci\u00f3n, el registro de toda o parte de estos esta prohibida sin la autorizaci\u00f3n de la sociedad GETFLUENCE.<\/p>\n\n\n<h2 class=\"wp-block-heading has-medium-font-size\" id=\"cookies\">Cookies<\/h2>\n\n\n<p class=\"has-small-font-size\">Con el fin de mejorar y personalizar la navegaci\u00f3n, se pueden usar cookies en su ordenador. Puede elegir rechazar estos cookies parametrando su navegador.<\/p>\n\n\n<h2 class=\"wp-block-heading has-medium-font-size\" id=\"enlaces-de-hipertexto\">Enlaces de hipertexto<\/h2>\n\n\n<p class=\"has-small-font-size\">El Sitio puede contener enlaces de hipertexto que dan acceso a otros sitios web editados y administrados por terceros y no por el Editor. El Editor no se hace responsable directa o indirectamente en el caso de que dichos sitios de terceros no cumplan con las disposiciones legales. La creaci\u00f3n de enlaces de hipertexto al Sitio solo se puede realizar con la autorizaci\u00f3n previa por escrito del Editor.<\/p>\n","protected":false},"excerpt":{"rendered":"<p>Editor GETFLUENCE S.LCalle de Serrano, 90, 6a28006 MADRIDSPAINN\u00famero Empresa: B88478607VAT: ES B88478607Telefono: +34 932 71 12 83 Email :&nbsp;hola@getfluence.com Sede Social GETFLUENCE S.LCalle de Serrano,&#8230;<\/p>\n","protected":false},"author":1,"featured_media":0,"parent":0,"menu_order":0,"comment_status":"closed","ping_status":"closed","template":"","meta":{"_acf_changed":false,"content-type":"","_sitemap_exclude":false,"_sitemap_priority":"","_sitemap_frequency":"","footnotes":""},"acf":[],"yoast_head":"<!-- This site is optimized with the Yoast SEO plugin v23.4 - https:\/\/yoast.com\/wordpress\/plugins\/seo\/ -->\n<title>Aviso legal - Getfluence<\/title>\n<meta name=\"robots\" content=\"index, follow, max-snippet:-1, max-image-preview:large, max-video-preview:-1\" \/>\n<link rel=\"canonical\" href=\"https:\/\/getfluence.com\/es\/aviso-legal\/\" \/>\n<meta property=\"og:locale\" content=\"es_ES\" \/>\n<meta property=\"og:type\" content=\"article\" \/>\n<meta property=\"og:title\" content=\"Aviso legal - Getfluence\" \/>\n<meta property=\"og:description\" content=\"Editor GETFLUENCE S.LCalle de Serrano, 90, 6a28006 MADRIDSPAINN\u00famero Empresa: B88478607VAT: ES B88478607Telefono: +34 932 71 12 83 Email :&nbsp;hola@getfluence.com Sede Social GETFLUENCE S.LCalle de Serrano,...\" \/>\n<meta property=\"og:url\" content=\"https:\/\/getfluence.com\/es\/aviso-legal\/\" \/>\n<meta property=\"og:site_name\" content=\"Getfluence\" \/>\n<meta property=\"article:publisher\" content=\"https:\/\/www.facebook.com\/bygetfluence\" \/>\n<meta property=\"article:modified_time\" content=\"2024-01-11T00:12:30+00:00\" \/>\n<meta property=\"og:image\" content=\"https:\/\/getfluence.com\/wp-content\/uploads\/2023\/06\/1647534406258.jpeg?wsr\" \/>\n\t<meta property=\"og:image:width\" content=\"1200\" \/>\n\t<meta property=\"og:image:height\" content=\"675\" \/>\n\t<meta property=\"og:image:type\" content=\"image\/jpeg\" \/>\n<meta name=\"twitter:card\" content=\"summary_large_image\" \/>\n<meta name=\"twitter:site\" content=\"@byGetfluence\" \/>\n<meta name=\"twitter:label1\" content=\"Tiempo de lectura\" \/>\n\t<meta name=\"twitter:data1\" content=\"2 minutos\" \/>\n<script type=\"application\/ld+json\" class=\"yoast-schema-graph\">{\"@context\":\"https:\/\/schema.org\",\"@graph\":[{\"@type\":\"WebPage\",\"@id\":\"https:\/\/getfluence.com\/es\/aviso-legal\/\",\"url\":\"https:\/\/getfluence.com\/es\/aviso-legal\/\",\"name\":\"Aviso legal - Getfluence\",\"isPartOf\":{\"@id\":\"https:\/\/getfluence.com\/#website\"},\"datePublished\":\"2021-08-26T13:33:05+00:00\",\"dateModified\":\"2024-01-11T00:12:30+00:00\",\"breadcrumb\":{\"@id\":\"https:\/\/getfluence.com\/es\/aviso-legal\/#breadcrumb\"},\"inLanguage\":\"es\",\"potentialAction\":[{\"@type\":\"ReadAction\",\"target\":[\"https:\/\/getfluence.com\/es\/aviso-legal\/\"]}]},{\"@type\":\"BreadcrumbList\",\"@id\":\"https:\/\/getfluence.com\/es\/aviso-legal\/#breadcrumb\",\"itemListElement\":[{\"@type\":\"ListItem\",\"position\":1,\"name\":\"Accueil\",\"item\":\"https:\/\/getfluence.com\/es\/\"},{\"@type\":\"ListItem\",\"position\":2,\"name\":\"Aviso legal\"}]},{\"@type\":\"WebSite\",\"@id\":\"https:\/\/getfluence.com\/#website\",\"url\":\"https:\/\/getfluence.com\/\",\"name\":\"Getfluence\",\"description\":\"La place de march\u00e9 qui met en relation les marques et agences avec le plus grand inventaire de m\u00e9dias influents au monde (+25 000 dans tous les domaines)\",\"publisher\":{\"@id\":\"https:\/\/getfluence.com\/#organization\"},\"potentialAction\":[{\"@type\":\"SearchAction\",\"target\":{\"@type\":\"EntryPoint\",\"urlTemplate\":\"https:\/\/getfluence.com\/?s={search_term_string}\"},\"query-input\":{\"@type\":\"PropertyValueSpecification\",\"valueRequired\":true,\"valueName\":\"search_term_string\"}}],\"inLanguage\":\"es\"},{\"@type\":\"Organization\",\"@id\":\"https:\/\/getfluence.com\/#organization\",\"name\":\"Getfluence\",\"url\":\"https:\/\/getfluence.com\/\",\"logo\":{\"@type\":\"ImageObject\",\"inLanguage\":\"es\",\"@id\":\"https:\/\/getfluence.com\/#\/schema\/logo\/image\/\",\"url\":\"https:\/\/getfluence.com\/wp-content\/uploads\/2023\/05\/kitmedia-logo_couleurs.png\",\"contentUrl\":\"https:\/\/getfluence.com\/wp-content\/uploads\/2023\/05\/kitmedia-logo_couleurs.png\",\"width\":294,\"height\":295,\"caption\":\"Getfluence\"},\"image\":{\"@id\":\"https:\/\/getfluence.com\/#\/schema\/logo\/image\/\"},\"sameAs\":[\"https:\/\/www.facebook.com\/bygetfluence\",\"https:\/\/x.com\/byGetfluence\",\"https:\/\/www.instagram.com\/bygetfluence\/\",\"https:\/\/www.linkedin.com\/company\/getfluence\"]}]}<\/script>\n<!-- \/ Yoast SEO plugin. -->","yoast_head_json":{"title":"Aviso legal - Getfluence","robots":{"index":"index","follow":"follow","max-snippet":"max-snippet:-1","max-image-preview":"max-image-preview:large","max-video-preview":"max-video-preview:-1"},"canonical":"https:\/\/getfluence.com\/es\/aviso-legal\/","og_locale":"es_ES","og_type":"article","og_title":"Aviso legal - Getfluence","og_description":"Editor GETFLUENCE S.LCalle de Serrano, 90, 6a28006 MADRIDSPAINN\u00famero Empresa: B88478607VAT: ES B88478607Telefono: +34 932 71 12 83 Email :&nbsp;hola@getfluence.com Sede Social GETFLUENCE S.LCalle de Serrano,...","og_url":"https:\/\/getfluence.com\/es\/aviso-legal\/","og_site_name":"Getfluence","article_publisher":"https:\/\/www.facebook.com\/bygetfluence","article_modified_time":"2024-01-11T00:12:30+00:00","og_image":[{"width":1200,"height":675,"url":"https:\/\/getfluence.com\/wp-content\/uploads\/2023\/06\/1647534406258.jpeg?wsr","type":"image\/jpeg"}],"twitter_card":"summary_large_image","twitter_site":"@byGetfluence","twitter_misc":{"Tiempo de lectura":"2 minutos"},"schema":{"@context":"https:\/\/schema.org","@graph":[{"@type":"WebPage","@id":"https:\/\/getfluence.com\/es\/aviso-legal\/","url":"https:\/\/getfluence.com\/es\/aviso-legal\/","name":"Aviso legal - Getfluence","isPartOf":{"@id":"https:\/\/getfluence.com\/#website"},"datePublished":"2021-08-26T13:33:05+00:00","dateModified":"2024-01-11T00:12:30+00:00","breadcrumb":{"@id":"https:\/\/getfluence.com\/es\/aviso-legal\/#breadcrumb"},"inLanguage":"es","potentialAction":[{"@type":"ReadAction","target":["https:\/\/getfluence.com\/es\/aviso-legal\/"]}]},{"@type":"BreadcrumbList","@id":"https:\/\/getfluence.com\/es\/aviso-legal\/#breadcrumb","itemListElement":[{"@type":"ListItem","position":1,"name":"Accueil","item":"https:\/\/getfluence.com\/es\/"},{"@type":"ListItem","position":2,"name":"Aviso legal"}]},{"@type":"WebSite","@id":"https:\/\/getfluence.com\/#website","url":"https:\/\/getfluence.com\/","name":"Getfluence","description":"La place de march\u00e9 qui met en relation les marques et agences avec le plus grand inventaire de m\u00e9dias influents au monde (+25 000 dans tous les domaines)","publisher":{"@id":"https:\/\/getfluence.com\/#organization"},"potentialAction":[{"@type":"SearchAction","target":{"@type":"EntryPoint","urlTemplate":"https:\/\/getfluence.com\/?s={search_term_string}"},"query-input":{"@type":"PropertyValueSpecification","valueRequired":true,"valueName":"search_term_string"}}],"inLanguage":"es"},{"@type":"Organization","@id":"https:\/\/getfluence.com\/#organization","name":"Getfluence","url":"https:\/\/getfluence.com\/","logo":{"@type":"ImageObject","inLanguage":"es","@id":"https:\/\/getfluence.com\/#\/schema\/logo\/image\/","url":"https:\/\/getfluence.com\/wp-content\/uploads\/2023\/05\/kitmedia-logo_couleurs.png","contentUrl":"https:\/\/getfluence.com\/wp-content\/uploads\/2023\/05\/kitmedia-logo_couleurs.png","width":294,"height":295,"caption":"Getfluence"},"image":{"@id":"https:\/\/getfluence.com\/#\/schema\/logo\/image\/"},"sameAs":["https:\/\/www.facebook.com\/bygetfluence","https:\/\/x.com\/byGetfluence","https:\/\/www.instagram.com\/bygetfluence\/","https:\/\/www.linkedin.com\/company\/getfluence"]}]}},"amp_enabled":true,"_links":{"self":[{"href":"https:\/\/getfluence.com\/es\/wp-json\/wp\/v2\/pages\/1136"}],"collection":[{"href":"https:\/\/getfluence.com\/es\/wp-json\/wp\/v2\/pages"}],"about":[{"href":"https:\/\/getfluence.com\/es\/wp-json\/wp\/v2\/types\/page"}],"author":[{"embeddable":true,"href":"https:\/\/getfluence.com\/es\/wp-json\/wp\/v2\/users\/1"}],"replies":[{"embeddable":true,"href":"https:\/\/getfluence.com\/es\/wp-json\/wp\/v2\/comments?post=1136"}],"version-history":[{"count":1,"href":"https:\/\/getfluence.com\/es\/wp-json\/wp\/v2\/pages\/1136\/revisions"}],"predecessor-version":[{"id":339297,"href":"https:\/\/getfluence.com\/es\/wp-json\/wp\/v2\/pages\/1136\/revisions\/339297"}],"wp:attachment":[{"href":"https:\/\/getfluence.com\/es\/wp-json\/wp\/v2\/media?parent=1136"}],"curies":[{"name":"wp","href":"https:\/\/api.w.org\/{rel}","templated":true}]}}