{"id":1132,"date":"2021-08-26T15:31:51","date_gmt":"2021-08-26T13:31:51","guid":{"rendered":"http:\/\/getfluence.preprod.sourceinteractive.fr\/?page_id=1132"},"modified":"2024-01-11T01:12:19","modified_gmt":"2024-01-11T00:12:19","slug":"rechtliche-hinweise","status":"publish","type":"page","link":"https:\/\/getfluence.com\/de\/rechtliche-hinweise\/","title":{"rendered":"Rechtliche Hinweise"},"content":{"rendered":"<h2 class=\"wp-block-heading has-medium-font-size\" id=\"publisher\">Publisher<\/h2>\n\n\n<p class=\"has-small-font-size\"><strong>GETFLUENCE SAS<br><\/strong>13 RUE SAINTE-URSULE<br>31000 Toulouse<br>FRANCE<\/p>\n\n\n<h2 class=\"wp-block-heading has-medium-font-size\" id=\"firmensitz\">Firmensitz<\/h2>\n\n\n<p class=\"has-small-font-size\"><strong>GETFLUENCE SAS<\/strong><br>13 RUE SAINTE-URSULE<br>31000 Toulouse<br>FRANCE<br>Identifikationsnummer:&nbsp;<a href=\"https:\/\/www.societe.com\/societe\/getfluence-842437865.html\" target=\"_blank\" rel=\"noreferrer noopener\">84243786500046<\/a><br>Telefon: +33 9 74 59 35 60<br>Email:&nbsp;hello@getfluence.com<\/p>\n\n\n\n<p class=\"has-small-font-size\">Verantwortlich f\u00fcr die Ver\u00f6ffentlichungen: Christian DESERT<\/p>\n\n\n<h2 class=\"wp-block-heading has-medium-font-size\" id=\"hosting\">Hosting<\/h2>\n\n\n<p class=\"has-small-font-size\">Die Webseite wurde vom Unternehmen DYNAMIX NETWORK erstellt und gehostet :<\/p>\n\n\n\n<p class=\"has-small-font-size\">SARL mit einem Grundkapital von 119.000,00\u20ac<br>RCS Marseille 801 803 669<\/p>\n\n\n\n<p class=\"has-small-font-size\">Firmensitz: 338 Route de la Sainte Baume \u2013 13390 AURIOL \u2013 Frankreich<\/p>\n\n\n<h2 class=\"wp-block-heading has-medium-font-size\" id=\"eigentum\">Eigentum<\/h2>\n\n\n<p class=\"has-small-font-size\">S\u00e4mtliche Elemente dieser Webseite unterliegen den franz\u00f6sischen Gesetzen f\u00fcr Autorenrechte und Gesetze zum geistigen Eigentum. Der Inhalt dieser Webseite, einschlie\u00dflich, jedoch nicht begrenzend auf, den Bildern, Grafiken, Texten, Logos und Icons sind Eigentum des Unternehmens GETFLUENCE au\u00dfer den Marken, Logos und Inhalten, die Partnerunternehmen oder den Autoren geh\u00f6ren.<\/p>\n\n\n\n<p class=\"has-small-font-size\">Die Vervielf\u00e4ltigung, Darstellung, \u00dcbertragung, Verteilung oder die Speicherung aller oder ein Teil dieser Elemente ist ohne ausdr\u00fcckliche Erlaubnis durch das Unternehmen GETFLUENCE untersagt.<\/p>\n\n\n<h2 class=\"wp-block-heading has-medium-font-size\" id=\"cookies\">Cookies<\/h2>\n\n\n<p class=\"has-small-font-size\">Cookies k\u00f6nnen zur Verbesserung und Personalisierung des Besuchs der Webseite auf Ihrem Computer hinterlassen werden. Sie haben die Wahl, durch die Parametrierung Ihres Web-Browsers diese Cookies abzulehnen.<\/p>\n\n\n<h2 class=\"wp-block-heading has-medium-font-size\" id=\"hypertextlinks\">Hypertext-Links:<\/h2>\n\n\n<p class=\"has-small-font-size\">Die Website kann Hypertext-Links enthalten, die den Zugriff auf andere Websites erm\u00f6glichen, die von Dritten und nicht vom Publisher bearbeitet und verwaltet werden. Der Publisher kann nicht direkt oder indirekt verantwortlich gemacht werden f\u00fcr den Fall, dass die Websites Dritter nicht den gesetzlichen Bestimmungen entsprechen. Die Erstellung von Hypertext-Links zur Site kann nur mit vorheriger schriftlicher Genehmigung des Publishers erfolgen.<\/p>\n","protected":false},"excerpt":{"rendered":"<p>Publisher GETFLUENCE SAS13 RUE SAINTE-URSULE31000 ToulouseFRANCE Firmensitz GETFLUENCE SAS13 RUE SAINTE-URSULE31000 ToulouseFRANCEIdentifikationsnummer:&nbsp;84243786500046Telefon: +33 9 74 59 35 60Email:&nbsp;hello@getfluence.com Verantwortlich f\u00fcr die Ver\u00f6ffentlichungen: Christian DESERT Hosting&#8230;<\/p>\n","protected":false},"author":1,"featured_media":0,"parent":0,"menu_order":0,"comment_status":"closed","ping_status":"closed","template":"","meta":{"_acf_changed":false,"content-type":"","_sitemap_exclude":false,"_sitemap_priority":"","_sitemap_frequency":"","footnotes":""},"acf":[],"yoast_head":"<!-- This site is optimized with the Yoast SEO plugin v23.4 - https:\/\/yoast.com\/wordpress\/plugins\/seo\/ -->\n<title>Rechtliche Hinweise - Getfluence<\/title>\n<meta name=\"robots\" content=\"index, follow, max-snippet:-1, max-image-preview:large, max-video-preview:-1\" \/>\n<link rel=\"canonical\" href=\"https:\/\/getfluence.com\/de\/rechtliche-hinweise\/\" \/>\n<meta property=\"og:locale\" content=\"de_DE\" \/>\n<meta property=\"og:type\" content=\"article\" \/>\n<meta property=\"og:title\" content=\"Rechtliche Hinweise - Getfluence\" \/>\n<meta property=\"og:description\" content=\"Publisher GETFLUENCE SAS13 RUE SAINTE-URSULE31000 ToulouseFRANCE Firmensitz GETFLUENCE SAS13 RUE SAINTE-URSULE31000 ToulouseFRANCEIdentifikationsnummer:&nbsp;84243786500046Telefon: +33 9 74 59 35 60Email:&nbsp;hello@getfluence.com Verantwortlich f\u00fcr die Ver\u00f6ffentlichungen: Christian DESERT Hosting...\" \/>\n<meta property=\"og:url\" content=\"https:\/\/getfluence.com\/de\/rechtliche-hinweise\/\" \/>\n<meta property=\"og:site_name\" content=\"Getfluence\" \/>\n<meta property=\"article:publisher\" content=\"https:\/\/www.facebook.com\/bygetfluence\" \/>\n<meta property=\"article:modified_time\" content=\"2024-01-11T00:12:19+00:00\" \/>\n<meta property=\"og:image\" content=\"https:\/\/getfluence.com\/wp-content\/uploads\/2023\/06\/1647534406258.jpeg?wsr\" \/>\n\t<meta property=\"og:image:width\" content=\"1200\" \/>\n\t<meta property=\"og:image:height\" content=\"675\" \/>\n\t<meta property=\"og:image:type\" content=\"image\/jpeg\" \/>\n<meta name=\"twitter:card\" content=\"summary_large_image\" \/>\n<meta name=\"twitter:site\" content=\"@byGetfluence\" \/>\n<meta name=\"twitter:label1\" content=\"Gesch\u00e4tzte Lesezeit\" \/>\n\t<meta name=\"twitter:data1\" content=\"2\u00a0Minuten\" \/>\n<script type=\"application\/ld+json\" class=\"yoast-schema-graph\">{\"@context\":\"https:\/\/schema.org\",\"@graph\":[{\"@type\":\"WebPage\",\"@id\":\"https:\/\/getfluence.com\/de\/rechtliche-hinweise\/\",\"url\":\"https:\/\/getfluence.com\/de\/rechtliche-hinweise\/\",\"name\":\"Rechtliche Hinweise - Getfluence\",\"isPartOf\":{\"@id\":\"https:\/\/getfluence.com\/#website\"},\"datePublished\":\"2021-08-26T13:31:51+00:00\",\"dateModified\":\"2024-01-11T00:12:19+00:00\",\"breadcrumb\":{\"@id\":\"https:\/\/getfluence.com\/de\/rechtliche-hinweise\/#breadcrumb\"},\"inLanguage\":\"de\",\"potentialAction\":[{\"@type\":\"ReadAction\",\"target\":[\"https:\/\/getfluence.com\/de\/rechtliche-hinweise\/\"]}]},{\"@type\":\"BreadcrumbList\",\"@id\":\"https:\/\/getfluence.com\/de\/rechtliche-hinweise\/#breadcrumb\",\"itemListElement\":[{\"@type\":\"ListItem\",\"position\":1,\"name\":\"Accueil\",\"item\":\"https:\/\/getfluence.com\/de\/\"},{\"@type\":\"ListItem\",\"position\":2,\"name\":\"Rechtliche Hinweise\"}]},{\"@type\":\"WebSite\",\"@id\":\"https:\/\/getfluence.com\/#website\",\"url\":\"https:\/\/getfluence.com\/\",\"name\":\"Getfluence\",\"description\":\"La place de march\u00e9 qui met en relation les marques et agences avec le plus grand inventaire de m\u00e9dias influents au monde (+25 000 dans tous les domaines)\",\"publisher\":{\"@id\":\"https:\/\/getfluence.com\/#organization\"},\"potentialAction\":[{\"@type\":\"SearchAction\",\"target\":{\"@type\":\"EntryPoint\",\"urlTemplate\":\"https:\/\/getfluence.com\/?s={search_term_string}\"},\"query-input\":{\"@type\":\"PropertyValueSpecification\",\"valueRequired\":true,\"valueName\":\"search_term_string\"}}],\"inLanguage\":\"de\"},{\"@type\":\"Organization\",\"@id\":\"https:\/\/getfluence.com\/#organization\",\"name\":\"Getfluence\",\"url\":\"https:\/\/getfluence.com\/\",\"logo\":{\"@type\":\"ImageObject\",\"inLanguage\":\"de\",\"@id\":\"https:\/\/getfluence.com\/#\/schema\/logo\/image\/\",\"url\":\"https:\/\/getfluence.com\/wp-content\/uploads\/2023\/05\/kitmedia-logo_couleurs.png\",\"contentUrl\":\"https:\/\/getfluence.com\/wp-content\/uploads\/2023\/05\/kitmedia-logo_couleurs.png\",\"width\":294,\"height\":295,\"caption\":\"Getfluence\"},\"image\":{\"@id\":\"https:\/\/getfluence.com\/#\/schema\/logo\/image\/\"},\"sameAs\":[\"https:\/\/www.facebook.com\/bygetfluence\",\"https:\/\/x.com\/byGetfluence\",\"https:\/\/www.instagram.com\/bygetfluence\/\",\"https:\/\/www.linkedin.com\/company\/getfluence\"]}]}<\/script>\n<!-- \/ Yoast SEO plugin. -->","yoast_head_json":{"title":"Rechtliche Hinweise - Getfluence","robots":{"index":"index","follow":"follow","max-snippet":"max-snippet:-1","max-image-preview":"max-image-preview:large","max-video-preview":"max-video-preview:-1"},"canonical":"https:\/\/getfluence.com\/de\/rechtliche-hinweise\/","og_locale":"de_DE","og_type":"article","og_title":"Rechtliche Hinweise - Getfluence","og_description":"Publisher GETFLUENCE SAS13 RUE SAINTE-URSULE31000 ToulouseFRANCE Firmensitz GETFLUENCE SAS13 RUE SAINTE-URSULE31000 ToulouseFRANCEIdentifikationsnummer:&nbsp;84243786500046Telefon: +33 9 74 59 35 60Email:&nbsp;hello@getfluence.com Verantwortlich f\u00fcr die Ver\u00f6ffentlichungen: Christian DESERT Hosting...","og_url":"https:\/\/getfluence.com\/de\/rechtliche-hinweise\/","og_site_name":"Getfluence","article_publisher":"https:\/\/www.facebook.com\/bygetfluence","article_modified_time":"2024-01-11T00:12:19+00:00","og_image":[{"width":1200,"height":675,"url":"https:\/\/getfluence.com\/wp-content\/uploads\/2023\/06\/1647534406258.jpeg?wsr","type":"image\/jpeg"}],"twitter_card":"summary_large_image","twitter_site":"@byGetfluence","twitter_misc":{"Gesch\u00e4tzte Lesezeit":"2\u00a0Minuten"},"schema":{"@context":"https:\/\/schema.org","@graph":[{"@type":"WebPage","@id":"https:\/\/getfluence.com\/de\/rechtliche-hinweise\/","url":"https:\/\/getfluence.com\/de\/rechtliche-hinweise\/","name":"Rechtliche Hinweise - Getfluence","isPartOf":{"@id":"https:\/\/getfluence.com\/#website"},"datePublished":"2021-08-26T13:31:51+00:00","dateModified":"2024-01-11T00:12:19+00:00","breadcrumb":{"@id":"https:\/\/getfluence.com\/de\/rechtliche-hinweise\/#breadcrumb"},"inLanguage":"de","potentialAction":[{"@type":"ReadAction","target":["https:\/\/getfluence.com\/de\/rechtliche-hinweise\/"]}]},{"@type":"BreadcrumbList","@id":"https:\/\/getfluence.com\/de\/rechtliche-hinweise\/#breadcrumb","itemListElement":[{"@type":"ListItem","position":1,"name":"Accueil","item":"https:\/\/getfluence.com\/de\/"},{"@type":"ListItem","position":2,"name":"Rechtliche Hinweise"}]},{"@type":"WebSite","@id":"https:\/\/getfluence.com\/#website","url":"https:\/\/getfluence.com\/","name":"Getfluence","description":"La place de march\u00e9 qui met en relation les marques et agences avec le plus grand inventaire de m\u00e9dias influents au monde (+25 000 dans tous les domaines)","publisher":{"@id":"https:\/\/getfluence.com\/#organization"},"potentialAction":[{"@type":"SearchAction","target":{"@type":"EntryPoint","urlTemplate":"https:\/\/getfluence.com\/?s={search_term_string}"},"query-input":{"@type":"PropertyValueSpecification","valueRequired":true,"valueName":"search_term_string"}}],"inLanguage":"de"},{"@type":"Organization","@id":"https:\/\/getfluence.com\/#organization","name":"Getfluence","url":"https:\/\/getfluence.com\/","logo":{"@type":"ImageObject","inLanguage":"de","@id":"https:\/\/getfluence.com\/#\/schema\/logo\/image\/","url":"https:\/\/getfluence.com\/wp-content\/uploads\/2023\/05\/kitmedia-logo_couleurs.png","contentUrl":"https:\/\/getfluence.com\/wp-content\/uploads\/2023\/05\/kitmedia-logo_couleurs.png","width":294,"height":295,"caption":"Getfluence"},"image":{"@id":"https:\/\/getfluence.com\/#\/schema\/logo\/image\/"},"sameAs":["https:\/\/www.facebook.com\/bygetfluence","https:\/\/x.com\/byGetfluence","https:\/\/www.instagram.com\/bygetfluence\/","https:\/\/www.linkedin.com\/company\/getfluence"]}]}},"amp_enabled":true,"_links":{"self":[{"href":"https:\/\/getfluence.com\/de\/wp-json\/wp\/v2\/pages\/1132"}],"collection":[{"href":"https:\/\/getfluence.com\/de\/wp-json\/wp\/v2\/pages"}],"about":[{"href":"https:\/\/getfluence.com\/de\/wp-json\/wp\/v2\/types\/page"}],"author":[{"embeddable":true,"href":"https:\/\/getfluence.com\/de\/wp-json\/wp\/v2\/users\/1"}],"replies":[{"embeddable":true,"href":"https:\/\/getfluence.com\/de\/wp-json\/wp\/v2\/comments?post=1132"}],"version-history":[{"count":1,"href":"https:\/\/getfluence.com\/de\/wp-json\/wp\/v2\/pages\/1132\/revisions"}],"predecessor-version":[{"id":339295,"href":"https:\/\/getfluence.com\/de\/wp-json\/wp\/v2\/pages\/1132\/revisions\/339295"}],"wp:attachment":[{"href":"https:\/\/getfluence.com\/de\/wp-json\/wp\/v2\/media?parent=1132"}],"curies":[{"name":"wp","href":"https:\/\/api.w.org\/{rel}","templated":true}]}}